{"id":39140,"date":"2026-04-29T01:23:33","date_gmt":"2026-04-29T00:23:33","guid":{"rendered":"https:\/\/cantinadelmulino.ch\/product\/steiner-soproni-kefrankos-2018-weninger-75cl-vin-rouge\/"},"modified":"2026-04-29T01:23:37","modified_gmt":"2026-04-29T00:23:37","slug":"steiner-soproni-kekfrankos-2018-weingut-weninger-75cl-vin-rouge","status":"publish","type":"product","link":"https:\/\/cantinadelmulino.ch\/fr\/produit\/steiner-soproni-kekfrankos-2018-weingut-weninger-75cl-vin-rouge\/","title":{"rendered":"Steiner Soproni K\u00e9kfrankos | 2018 | Weingut Weninger | 75cl | vin rouge"},"content":{"rendered":"<p>Steiner Soproni K\u00e9kfrankos 2018, \u00d6sterreich,\u00a0 Burgenland, , vin rouge, Blaufr\u00e4nkisch (K\u00e9kfrankos), 75cl, 2018, 12%, 75cl, Fleischgerichte, mediterrane Gerichte,\u00a0 26.1<\/p>\n","protected":false},"excerpt":{"rendered":"<p>Steiner Soproni K\u00e9kfrankos 2018, \u00d6sterreich, Burgenland, Weingut Weninger, Weingut Weninger, Blaufr\u00e4nkisch (K\u00e9kfrankos), Blaufr\u00e4nkisch (K\u00e9kfrankos)<\/p>\n","protected":false},"featured_media":0,"comment_status":"closed","ping_status":"closed","template":"","meta":{"_acf_changed":false},"product_brand":[],"product_cat":[17],"product_tag":[],"enthaltene-traubensorte":[2108],"weintyp_tax":[2115],"subskription":[],"class_list":{"0":"post-39140","1":"product","2":"type-product","3":"status-publish","5":"product_cat-uncategorized","6":"enthaltene-traubensorte-blaufraenkisch-kekfrankos","7":"weintyp_tax-vin-rouge","9":"first","10":"instock","11":"taxable","12":"shipping-taxable","13":"purchasable","14":"product-type-simple"},"acf":[],"publishpress_future_workflow_manual_trigger":{"enabledWorkflows":[]},"_links":{"self":[{"href":"https:\/\/cantinadelmulino.ch\/fr\/wp-json\/wp\/v2\/product\/39140","targetHints":{"allow":["GET"]}}],"collection":[{"href":"https:\/\/cantinadelmulino.ch\/fr\/wp-json\/wp\/v2\/product"}],"about":[{"href":"https:\/\/cantinadelmulino.ch\/fr\/wp-json\/wp\/v2\/types\/product"}],"replies":[{"embeddable":true,"href":"https:\/\/cantinadelmulino.ch\/fr\/wp-json\/wp\/v2\/comments?post=39140"}],"wp:attachment":[{"href":"https:\/\/cantinadelmulino.ch\/fr\/wp-json\/wp\/v2\/media?parent=39140"}],"wp:term":[{"taxonomy":"product_brand","embeddable":true,"href":"https:\/\/cantinadelmulino.ch\/fr\/wp-json\/wp\/v2\/product_brand?post=39140"},{"taxonomy":"product_cat","embeddable":true,"href":"https:\/\/cantinadelmulino.ch\/fr\/wp-json\/wp\/v2\/product_cat?post=39140"},{"taxonomy":"product_tag","embeddable":true,"href":"https:\/\/cantinadelmulino.ch\/fr\/wp-json\/wp\/v2\/product_tag?post=39140"},{"taxonomy":"enthaltene-traubensorte","embeddable":true,"href":"https:\/\/cantinadelmulino.ch\/fr\/wp-json\/wp\/v2\/enthaltene-traubensorte?post=39140"},{"taxonomy":"weintyp_tax","embeddable":true,"href":"https:\/\/cantinadelmulino.ch\/fr\/wp-json\/wp\/v2\/weintyp_tax?post=39140"},{"taxonomy":"subskription","embeddable":true,"href":"https:\/\/cantinadelmulino.ch\/fr\/wp-json\/wp\/v2\/subskription?post=39140"}],"curies":[{"name":"wp","href":"https:\/\/api.w.org\/{rel}","templated":true}]}}