{"id":39235,"date":"2026-04-01T01:15:34","date_gmt":"2026-04-01T00:15:34","guid":{"rendered":"https:\/\/cantinadelmulino.ch\/product\/cuvee-haitza-irouleguy-a-c-2018-arretxea-75cl-vin-rouge\/"},"modified":"2026-04-01T01:15:40","modified_gmt":"2026-04-01T00:15:40","slug":"cuvee-haitza-irouleguy-a-c-2018-domaine-arretxea-75cl-vin-rouge","status":"publish","type":"product","link":"https:\/\/cantinadelmulino.ch\/fr\/produit\/cuvee-haitza-irouleguy-a-c-2018-domaine-arretxea-75cl-vin-rouge\/","title":{"rendered":"Cuv\u00e9e Ha\u00eftza Iroul\u00e9guy A.C. | 2018 | Domaine Arretxea | 75cl | vin rouge"},"content":{"rendered":"<p>Cuv\u00e9e Ha\u00eftza Iroul\u00e9guy A.C. 2018, France,\u00a0 Sud-Ouest, , vin rouge, Tannat 85%, Cabernet Franc 15%, 75cl, 2018, 12.7%, 75cl, Rotes Fleisch, Wild, Lamm,\u00a0 29.7<\/p>\n","protected":false},"excerpt":{"rendered":"<p>Cuv\u00e9e Ha\u00eftza Iroul\u00e9guy A.C. 2018, France, Sud-Ouest, Domaine Arretxea, Domaine Arretxea, Tannat 85%, Cabernet Franc 15%, Tannat 85%, Cabernet Franc 15%<\/p>\n","protected":false},"featured_media":0,"comment_status":"closed","ping_status":"closed","template":"","meta":{"_acf_changed":false},"product_brand":[],"product_cat":[17],"product_tag":[],"enthaltene-traubensorte":[1549,1580],"weintyp_tax":[2115],"subskription":[],"class_list":{"0":"post-39235","1":"product","2":"type-product","3":"status-publish","5":"product_cat-uncategorized","6":"enthaltene-traubensorte-cabernet-franc","7":"enthaltene-traubensorte-tannat","8":"weintyp_tax-vin-rouge","10":"first","11":"instock","12":"taxable","13":"shipping-taxable","14":"purchasable","15":"product-type-simple"},"acf":[],"publishpress_future_workflow_manual_trigger":{"enabledWorkflows":[]},"_links":{"self":[{"href":"https:\/\/cantinadelmulino.ch\/fr\/wp-json\/wp\/v2\/product\/39235","targetHints":{"allow":["GET"]}}],"collection":[{"href":"https:\/\/cantinadelmulino.ch\/fr\/wp-json\/wp\/v2\/product"}],"about":[{"href":"https:\/\/cantinadelmulino.ch\/fr\/wp-json\/wp\/v2\/types\/product"}],"replies":[{"embeddable":true,"href":"https:\/\/cantinadelmulino.ch\/fr\/wp-json\/wp\/v2\/comments?post=39235"}],"wp:attachment":[{"href":"https:\/\/cantinadelmulino.ch\/fr\/wp-json\/wp\/v2\/media?parent=39235"}],"wp:term":[{"taxonomy":"product_brand","embeddable":true,"href":"https:\/\/cantinadelmulino.ch\/fr\/wp-json\/wp\/v2\/product_brand?post=39235"},{"taxonomy":"product_cat","embeddable":true,"href":"https:\/\/cantinadelmulino.ch\/fr\/wp-json\/wp\/v2\/product_cat?post=39235"},{"taxonomy":"product_tag","embeddable":true,"href":"https:\/\/cantinadelmulino.ch\/fr\/wp-json\/wp\/v2\/product_tag?post=39235"},{"taxonomy":"enthaltene-traubensorte","embeddable":true,"href":"https:\/\/cantinadelmulino.ch\/fr\/wp-json\/wp\/v2\/enthaltene-traubensorte?post=39235"},{"taxonomy":"weintyp_tax","embeddable":true,"href":"https:\/\/cantinadelmulino.ch\/fr\/wp-json\/wp\/v2\/weintyp_tax?post=39235"},{"taxonomy":"subskription","embeddable":true,"href":"https:\/\/cantinadelmulino.ch\/fr\/wp-json\/wp\/v2\/subskription?post=39235"}],"curies":[{"name":"wp","href":"https:\/\/api.w.org\/{rel}","templated":true}]}}