{"id":39243,"date":"2026-04-08T01:19:28","date_gmt":"2026-04-08T00:19:28","guid":{"rendered":"https:\/\/cantinadelmulino.ch\/product\/dole-ma-puinee-valais-aoc-2022-marie-therese-chappaz-50cl-vin-rouge\/"},"modified":"2026-04-08T01:19:33","modified_gmt":"2026-04-08T00:19:33","slug":"dole-ma-puinee-valais-aoc-2022-marie-therese-chappaz-50cl-vin-rouge","status":"publish","type":"product","link":"https:\/\/cantinadelmulino.ch\/fr\/produit\/dole-ma-puinee-valais-aoc-2022-marie-therese-chappaz-50cl-vin-rouge\/","title":{"rendered":"D\u00f4le \u201eMa Puin\u00e9e\u201c Valais AOC | 2022 | Marie-Th\u00e9r\u00e8se Chappaz | 50cl | vin rouge"},"content":{"rendered":"<p>D\u00f4le \u201eMa Puin\u00e9e\u201c Valais AOC 2022, Schweiz\/Suisse,\u00a0 Valais\/Wallis, , vin rouge, Pinot noir, Gamay, 50cl, 2022, 13.1%, 50cl, Halbhart K\u00e4se, einfachere Gerichte,\u00a0 17.1<\/p>\n","protected":false},"excerpt":{"rendered":"<p>D\u00f4le \u201eMa Puin\u00e9e\u201c Valais AOC 2022, Schweiz\/Suisse, Valais\/Wallis, Marie-Th\u00e9r\u00e8se Chappaz, Marie-Th\u00e9r\u00e8se Chappaz, Pinot noir, Gamay, Pinot noir, Gamay<\/p>\n","protected":false},"featured_media":0,"comment_status":"closed","ping_status":"closed","template":"","meta":{"_acf_changed":false},"product_brand":[],"product_cat":[17],"product_tag":[],"enthaltene-traubensorte":[1613,1543],"weintyp_tax":[2115],"subskription":[],"class_list":{"0":"post-39243","1":"product","2":"type-product","3":"status-publish","5":"product_cat-uncategorized","6":"enthaltene-traubensorte-gamay","7":"enthaltene-traubensorte-pinot-noir","8":"weintyp_tax-vin-rouge","10":"first","11":"instock","12":"taxable","13":"shipping-taxable","14":"purchasable","15":"product-type-simple"},"acf":[],"publishpress_future_workflow_manual_trigger":{"enabledWorkflows":[]},"_links":{"self":[{"href":"https:\/\/cantinadelmulino.ch\/fr\/wp-json\/wp\/v2\/product\/39243","targetHints":{"allow":["GET"]}}],"collection":[{"href":"https:\/\/cantinadelmulino.ch\/fr\/wp-json\/wp\/v2\/product"}],"about":[{"href":"https:\/\/cantinadelmulino.ch\/fr\/wp-json\/wp\/v2\/types\/product"}],"replies":[{"embeddable":true,"href":"https:\/\/cantinadelmulino.ch\/fr\/wp-json\/wp\/v2\/comments?post=39243"}],"wp:attachment":[{"href":"https:\/\/cantinadelmulino.ch\/fr\/wp-json\/wp\/v2\/media?parent=39243"}],"wp:term":[{"taxonomy":"product_brand","embeddable":true,"href":"https:\/\/cantinadelmulino.ch\/fr\/wp-json\/wp\/v2\/product_brand?post=39243"},{"taxonomy":"product_cat","embeddable":true,"href":"https:\/\/cantinadelmulino.ch\/fr\/wp-json\/wp\/v2\/product_cat?post=39243"},{"taxonomy":"product_tag","embeddable":true,"href":"https:\/\/cantinadelmulino.ch\/fr\/wp-json\/wp\/v2\/product_tag?post=39243"},{"taxonomy":"enthaltene-traubensorte","embeddable":true,"href":"https:\/\/cantinadelmulino.ch\/fr\/wp-json\/wp\/v2\/enthaltene-traubensorte?post=39243"},{"taxonomy":"weintyp_tax","embeddable":true,"href":"https:\/\/cantinadelmulino.ch\/fr\/wp-json\/wp\/v2\/weintyp_tax?post=39243"},{"taxonomy":"subskription","embeddable":true,"href":"https:\/\/cantinadelmulino.ch\/fr\/wp-json\/wp\/v2\/subskription?post=39243"}],"curies":[{"name":"wp","href":"https:\/\/api.w.org\/{rel}","templated":true}]}}