{"id":39436,"date":"2026-04-29T01:23:10","date_gmt":"2026-04-29T00:23:10","guid":{"rendered":"https:\/\/cantinadelmulino.ch\/product\/les-schistes-cote-rotie-a-c-2020-clusel-roch-150cl-vin-rouge\/"},"modified":"2026-04-29T01:23:10","modified_gmt":"2026-04-29T00:23:10","slug":"les-schistes-cote-rotie-a-c-2020-domaine-clusel-roch-150cl-vin-rouge","status":"publish","type":"product","link":"https:\/\/cantinadelmulino.ch\/fr\/produit\/les-schistes-cote-rotie-a-c-2020-domaine-clusel-roch-150cl-vin-rouge\/","title":{"rendered":"Les Schistes C\u00f4te-R\u00f4tie A.C. | 2020 | Domaine Clusel-Roch | 150cl | vin rouge"},"content":{"rendered":"<p>Les Schistes C\u00f4te-R\u00f4tie A.C. 2020, France,\u00a0 Rh\u00f4ne, , vin rouge, Syrah 96%, Viognier, 150cl, 2020, , 150cl, Rindsfilet, Rinsbraten an Sauce, Pilzgerichte,\u00a0 115.2<\/p>\n","protected":false},"excerpt":{"rendered":"<p>Les Schistes C\u00f4te-R\u00f4tie A.C. 2020, France, Rh\u00f4ne, Domaine Clusel-Roch, Domaine Clusel-Roch, Syrah 96%, Viognier, Syrah 96%, Viognier<\/p>\n","protected":false},"featured_media":0,"comment_status":"closed","ping_status":"closed","template":"","meta":{"_acf_changed":false},"product_brand":[],"product_cat":[17],"product_tag":[],"enthaltene-traubensorte":[1552,1635],"weintyp_tax":[2115],"subskription":[],"class_list":{"0":"post-39436","1":"product","2":"type-product","3":"status-publish","5":"product_cat-uncategorized","6":"enthaltene-traubensorte-syrah","7":"enthaltene-traubensorte-viognier","8":"weintyp_tax-vin-rouge","10":"first","11":"instock","12":"taxable","13":"shipping-taxable","14":"purchasable","15":"product-type-simple"},"acf":[],"publishpress_future_workflow_manual_trigger":{"enabledWorkflows":[]},"_links":{"self":[{"href":"https:\/\/cantinadelmulino.ch\/fr\/wp-json\/wp\/v2\/product\/39436","targetHints":{"allow":["GET"]}}],"collection":[{"href":"https:\/\/cantinadelmulino.ch\/fr\/wp-json\/wp\/v2\/product"}],"about":[{"href":"https:\/\/cantinadelmulino.ch\/fr\/wp-json\/wp\/v2\/types\/product"}],"replies":[{"embeddable":true,"href":"https:\/\/cantinadelmulino.ch\/fr\/wp-json\/wp\/v2\/comments?post=39436"}],"wp:attachment":[{"href":"https:\/\/cantinadelmulino.ch\/fr\/wp-json\/wp\/v2\/media?parent=39436"}],"wp:term":[{"taxonomy":"product_brand","embeddable":true,"href":"https:\/\/cantinadelmulino.ch\/fr\/wp-json\/wp\/v2\/product_brand?post=39436"},{"taxonomy":"product_cat","embeddable":true,"href":"https:\/\/cantinadelmulino.ch\/fr\/wp-json\/wp\/v2\/product_cat?post=39436"},{"taxonomy":"product_tag","embeddable":true,"href":"https:\/\/cantinadelmulino.ch\/fr\/wp-json\/wp\/v2\/product_tag?post=39436"},{"taxonomy":"enthaltene-traubensorte","embeddable":true,"href":"https:\/\/cantinadelmulino.ch\/fr\/wp-json\/wp\/v2\/enthaltene-traubensorte?post=39436"},{"taxonomy":"weintyp_tax","embeddable":true,"href":"https:\/\/cantinadelmulino.ch\/fr\/wp-json\/wp\/v2\/weintyp_tax?post=39436"},{"taxonomy":"subskription","embeddable":true,"href":"https:\/\/cantinadelmulino.ch\/fr\/wp-json\/wp\/v2\/subskription?post=39436"}],"curies":[{"name":"wp","href":"https:\/\/api.w.org\/{rel}","templated":true}]}}