{"id":39510,"date":"2026-04-15T01:24:05","date_gmt":"2026-04-15T00:24:05","guid":{"rendered":"https:\/\/cantinadelmulino.ch\/product\/le-carignan-vin-de-france-2021-aupilhac-75cl-vin-rouge\/"},"modified":"2026-04-15T01:24:05","modified_gmt":"2026-04-15T00:24:05","slug":"le-carignan-vin-de-france-2021-domaine-daupilhac-75cl-vin-rouge","status":"publish","type":"product","link":"https:\/\/cantinadelmulino.ch\/fr\/produit\/le-carignan-vin-de-france-2021-domaine-daupilhac-75cl-vin-rouge\/","title":{"rendered":"Le Carignan Vin de France | 2021 | Domaine d\u2019Aupilhac | 75cl | vin rouge"},"content":{"rendered":"<p>Le Carignan Vin de France 2021, France,\u00a0 Languedoc, , vin rouge, Carignan, 75cl, 2021, , 75cl, Perlhuhn mit Eierschw\u00e4mmen, w\u00fcrzige japanische K\u00fcche, jabugo pata negra, c\u00f4te de b\u0153uf,\u00a0 25.2<\/p>\n","protected":false},"excerpt":{"rendered":"<p>Le Carignan Vin de France 2021, France, Languedoc, Domaine d\u2019Aupilhac, Domaine d\u2019Aupilhac, Carignan, Carignan<\/p>\n","protected":false},"featured_media":0,"comment_status":"closed","ping_status":"closed","template":"","meta":{"_acf_changed":false},"product_brand":[],"product_cat":[17],"product_tag":[],"enthaltene-traubensorte":[1553],"weintyp_tax":[2115],"subskription":[],"class_list":{"0":"post-39510","1":"product","2":"type-product","3":"status-publish","5":"product_cat-uncategorized","6":"enthaltene-traubensorte-carignan","7":"weintyp_tax-vin-rouge","9":"first","10":"instock","11":"taxable","12":"shipping-taxable","13":"purchasable","14":"product-type-simple"},"acf":[],"publishpress_future_workflow_manual_trigger":{"enabledWorkflows":[]},"_links":{"self":[{"href":"https:\/\/cantinadelmulino.ch\/fr\/wp-json\/wp\/v2\/product\/39510","targetHints":{"allow":["GET"]}}],"collection":[{"href":"https:\/\/cantinadelmulino.ch\/fr\/wp-json\/wp\/v2\/product"}],"about":[{"href":"https:\/\/cantinadelmulino.ch\/fr\/wp-json\/wp\/v2\/types\/product"}],"replies":[{"embeddable":true,"href":"https:\/\/cantinadelmulino.ch\/fr\/wp-json\/wp\/v2\/comments?post=39510"}],"wp:attachment":[{"href":"https:\/\/cantinadelmulino.ch\/fr\/wp-json\/wp\/v2\/media?parent=39510"}],"wp:term":[{"taxonomy":"product_brand","embeddable":true,"href":"https:\/\/cantinadelmulino.ch\/fr\/wp-json\/wp\/v2\/product_brand?post=39510"},{"taxonomy":"product_cat","embeddable":true,"href":"https:\/\/cantinadelmulino.ch\/fr\/wp-json\/wp\/v2\/product_cat?post=39510"},{"taxonomy":"product_tag","embeddable":true,"href":"https:\/\/cantinadelmulino.ch\/fr\/wp-json\/wp\/v2\/product_tag?post=39510"},{"taxonomy":"enthaltene-traubensorte","embeddable":true,"href":"https:\/\/cantinadelmulino.ch\/fr\/wp-json\/wp\/v2\/enthaltene-traubensorte?post=39510"},{"taxonomy":"weintyp_tax","embeddable":true,"href":"https:\/\/cantinadelmulino.ch\/fr\/wp-json\/wp\/v2\/weintyp_tax?post=39510"},{"taxonomy":"subskription","embeddable":true,"href":"https:\/\/cantinadelmulino.ch\/fr\/wp-json\/wp\/v2\/subskription?post=39510"}],"curies":[{"name":"wp","href":"https:\/\/api.w.org\/{rel}","templated":true}]}}