{"id":39906,"date":"2026-04-08T01:19:54","date_gmt":"2026-04-08T00:19:54","guid":{"rendered":"https:\/\/cantinadelmulino.ch\/product\/godello-dona-blanca-bierzo-do-2021-jose-antonio-garcia-75cl-vin-blanc\/"},"modified":"2026-04-08T01:19:57","modified_gmt":"2026-04-08T00:19:57","slug":"godello-dona-blanca-bierzo-do-2021-jose-antonio-garcia-75cl-vin-blanc","status":"publish","type":"product","link":"https:\/\/cantinadelmulino.ch\/fr\/produit\/godello-dona-blanca-bierzo-do-2021-jose-antonio-garcia-75cl-vin-blanc\/","title":{"rendered":"Godello &#038; Do\u00f1a blanca Bierzo DO | 2021 | Jos\u00e9 Antonio Garc\u00eda | 75cl | vin blanc"},"content":{"rendered":"<p>Godello &#038; Do\u00f1a blanca Bierzo DO 2021, Espa\u00f1a,\u00a0 Bierzo, , vin blanc, Godello 70%, Do\u00f1a blanca, 75cl, 2021, , 75cl, Fisch, Gefl\u00fcgel,\u00a0 18.9<\/p>\n","protected":false},"excerpt":{"rendered":"<p>Godello &#038; Do\u00f1a blanca Bierzo DO 2021, Espa\u00f1a, Bierzo, Jos\u00e9 Antonio Garc\u00eda, Jos\u00e9 Antonio Garc\u00eda, Godello 70%, Do\u00f1a blanca, Godello 70%, Do\u00f1a blanca<\/p>\n","protected":false},"featured_media":0,"comment_status":"closed","ping_status":"closed","template":"","meta":{"_acf_changed":false},"product_brand":[],"product_cat":[17],"product_tag":[],"enthaltene-traubensorte":[1664,1665],"weintyp_tax":[2116],"subskription":[],"class_list":{"0":"post-39906","1":"product","2":"type-product","3":"status-publish","5":"product_cat-uncategorized","6":"enthaltene-traubensorte-dona-blanca","7":"enthaltene-traubensorte-godello","8":"weintyp_tax-vin-blanc","10":"first","11":"instock","12":"taxable","13":"shipping-taxable","14":"purchasable","15":"product-type-simple"},"acf":[],"publishpress_future_workflow_manual_trigger":{"enabledWorkflows":[]},"_links":{"self":[{"href":"https:\/\/cantinadelmulino.ch\/fr\/wp-json\/wp\/v2\/product\/39906","targetHints":{"allow":["GET"]}}],"collection":[{"href":"https:\/\/cantinadelmulino.ch\/fr\/wp-json\/wp\/v2\/product"}],"about":[{"href":"https:\/\/cantinadelmulino.ch\/fr\/wp-json\/wp\/v2\/types\/product"}],"replies":[{"embeddable":true,"href":"https:\/\/cantinadelmulino.ch\/fr\/wp-json\/wp\/v2\/comments?post=39906"}],"wp:attachment":[{"href":"https:\/\/cantinadelmulino.ch\/fr\/wp-json\/wp\/v2\/media?parent=39906"}],"wp:term":[{"taxonomy":"product_brand","embeddable":true,"href":"https:\/\/cantinadelmulino.ch\/fr\/wp-json\/wp\/v2\/product_brand?post=39906"},{"taxonomy":"product_cat","embeddable":true,"href":"https:\/\/cantinadelmulino.ch\/fr\/wp-json\/wp\/v2\/product_cat?post=39906"},{"taxonomy":"product_tag","embeddable":true,"href":"https:\/\/cantinadelmulino.ch\/fr\/wp-json\/wp\/v2\/product_tag?post=39906"},{"taxonomy":"enthaltene-traubensorte","embeddable":true,"href":"https:\/\/cantinadelmulino.ch\/fr\/wp-json\/wp\/v2\/enthaltene-traubensorte?post=39906"},{"taxonomy":"weintyp_tax","embeddable":true,"href":"https:\/\/cantinadelmulino.ch\/fr\/wp-json\/wp\/v2\/weintyp_tax?post=39906"},{"taxonomy":"subskription","embeddable":true,"href":"https:\/\/cantinadelmulino.ch\/fr\/wp-json\/wp\/v2\/subskription?post=39906"}],"curies":[{"name":"wp","href":"https:\/\/api.w.org\/{rel}","templated":true}]}}