{"id":39987,"date":"2026-04-15T01:20:20","date_gmt":"2026-04-15T00:20:20","guid":{"rendered":"https:\/\/cantinadelmulino.ch\/product\/les-gras-moutons-muscadet-sevre-et-maine-sur-lie-a-c-2022-pepiere-75cl-vin-blanc\/"},"modified":"2026-04-15T01:20:23","modified_gmt":"2026-04-15T00:20:23","slug":"les-gras-moutons-muscadet-sevre-et-maine-sur-lie-a-c-2022-domaine-de-la-pepiere-75cl-vin-blanc","status":"publish","type":"product","link":"https:\/\/cantinadelmulino.ch\/fr\/produit\/les-gras-moutons-muscadet-sevre-et-maine-sur-lie-a-c-2022-domaine-de-la-pepiere-75cl-vin-blanc\/","title":{"rendered":"Les Gras Moutons Muscadet S\u00e8vre et Maine sur Lie A.C. | 2022 | Domaine de la P\u00e9pi\u00e8re | 75cl | vin blanc"},"content":{"rendered":"<p>Les Gras Moutons Muscadet S\u00e8vre et Maine sur Lie A.C. 2022, France,\u00a0 Vall\u00e9e de la Loire\/Centre, , vin blanc, Melon B, 75cl, 2022, , 75cl, Nussige Europ\u00e4ische Auster; Kabeljau, Jakobsmuschel-Carpaccio, Aperitiv,\u00a0 15.3<\/p>\n","protected":false},"excerpt":{"rendered":"<p>Les Gras Moutons Muscadet S\u00e8vre et Maine sur Lie A.C. 2022, France, Vall\u00e9e de la Loire\/Centre, Domaine de la P\u00e9pi\u00e8re, Domaine de la P\u00e9pi\u00e8re, Melon B, Melon B<\/p>\n","protected":false},"featured_media":0,"comment_status":"closed","ping_status":"closed","template":"","meta":{"_acf_changed":false},"product_brand":[],"product_cat":[17],"product_tag":[],"enthaltene-traubensorte":[2226],"weintyp_tax":[2116],"subskription":[],"class_list":{"0":"post-39987","1":"product","2":"type-product","3":"status-publish","5":"product_cat-uncategorized","6":"enthaltene-traubensorte-melon-b","7":"weintyp_tax-vin-blanc","9":"first","10":"instock","11":"taxable","12":"shipping-taxable","13":"purchasable","14":"product-type-simple"},"acf":[],"publishpress_future_workflow_manual_trigger":{"enabledWorkflows":[]},"_links":{"self":[{"href":"https:\/\/cantinadelmulino.ch\/fr\/wp-json\/wp\/v2\/product\/39987","targetHints":{"allow":["GET"]}}],"collection":[{"href":"https:\/\/cantinadelmulino.ch\/fr\/wp-json\/wp\/v2\/product"}],"about":[{"href":"https:\/\/cantinadelmulino.ch\/fr\/wp-json\/wp\/v2\/types\/product"}],"replies":[{"embeddable":true,"href":"https:\/\/cantinadelmulino.ch\/fr\/wp-json\/wp\/v2\/comments?post=39987"}],"wp:attachment":[{"href":"https:\/\/cantinadelmulino.ch\/fr\/wp-json\/wp\/v2\/media?parent=39987"}],"wp:term":[{"taxonomy":"product_brand","embeddable":true,"href":"https:\/\/cantinadelmulino.ch\/fr\/wp-json\/wp\/v2\/product_brand?post=39987"},{"taxonomy":"product_cat","embeddable":true,"href":"https:\/\/cantinadelmulino.ch\/fr\/wp-json\/wp\/v2\/product_cat?post=39987"},{"taxonomy":"product_tag","embeddable":true,"href":"https:\/\/cantinadelmulino.ch\/fr\/wp-json\/wp\/v2\/product_tag?post=39987"},{"taxonomy":"enthaltene-traubensorte","embeddable":true,"href":"https:\/\/cantinadelmulino.ch\/fr\/wp-json\/wp\/v2\/enthaltene-traubensorte?post=39987"},{"taxonomy":"weintyp_tax","embeddable":true,"href":"https:\/\/cantinadelmulino.ch\/fr\/wp-json\/wp\/v2\/weintyp_tax?post=39987"},{"taxonomy":"subskription","embeddable":true,"href":"https:\/\/cantinadelmulino.ch\/fr\/wp-json\/wp\/v2\/subskription?post=39987"}],"curies":[{"name":"wp","href":"https:\/\/api.w.org\/{rel}","templated":true}]}}