{"id":40005,"date":"2026-05-06T01:23:58","date_gmt":"2026-05-06T00:23:58","guid":{"rendered":"https:\/\/cantinadelmulino.ch\/product\/cabernet-franc-verona-igt-2021-la-ca-75cl-vin-rouge\/"},"modified":"2026-05-06T01:23:58","modified_gmt":"2026-05-06T00:23:58","slug":"cabernet-franc-verona-igt-2021-societa-agricola-tenuta-la-ca-75cl-vin-rouge","status":"publish","type":"product","link":"https:\/\/cantinadelmulino.ch\/fr\/produit\/cabernet-franc-verona-igt-2021-societa-agricola-tenuta-la-ca-75cl-vin-rouge\/","title":{"rendered":"Cabernet Franc Verona IGT | 2021 | Societ\u00e0 agricola Tenuta La C\u00e0 | 75cl | vin rouge"},"content":{"rendered":"<p>Cabernet Franc Verona IGT 2021, Italia,\u00a0 Veneto, , vin rouge, Caberent Franc, 75cl, 2021, , 75cl, Schweinsbraten, Pilzragout, Rotweinrisotto,\u00a0 44.1<\/p>\n","protected":false},"excerpt":{"rendered":"<p>Cabernet Franc Verona IGT 2021, Italia, Veneto, Societ\u00e0 agricola Tenuta La C\u00e0, Societ\u00e0 agricola Tenuta La C\u00e0, Caberent Franc, Caberent Franc<\/p>\n","protected":false},"featured_media":0,"comment_status":"closed","ping_status":"closed","template":"","meta":{"_acf_changed":false},"product_brand":[],"product_cat":[17],"product_tag":[],"enthaltene-traubensorte":[2207],"weintyp_tax":[2115],"subskription":[],"class_list":{"0":"post-40005","1":"product","2":"type-product","3":"status-publish","5":"product_cat-uncategorized","6":"enthaltene-traubensorte-caberent-franc","7":"weintyp_tax-vin-rouge","9":"first","10":"instock","11":"taxable","12":"shipping-taxable","13":"purchasable","14":"product-type-simple"},"acf":[],"publishpress_future_workflow_manual_trigger":{"enabledWorkflows":[]},"_links":{"self":[{"href":"https:\/\/cantinadelmulino.ch\/fr\/wp-json\/wp\/v2\/product\/40005","targetHints":{"allow":["GET"]}}],"collection":[{"href":"https:\/\/cantinadelmulino.ch\/fr\/wp-json\/wp\/v2\/product"}],"about":[{"href":"https:\/\/cantinadelmulino.ch\/fr\/wp-json\/wp\/v2\/types\/product"}],"replies":[{"embeddable":true,"href":"https:\/\/cantinadelmulino.ch\/fr\/wp-json\/wp\/v2\/comments?post=40005"}],"wp:attachment":[{"href":"https:\/\/cantinadelmulino.ch\/fr\/wp-json\/wp\/v2\/media?parent=40005"}],"wp:term":[{"taxonomy":"product_brand","embeddable":true,"href":"https:\/\/cantinadelmulino.ch\/fr\/wp-json\/wp\/v2\/product_brand?post=40005"},{"taxonomy":"product_cat","embeddable":true,"href":"https:\/\/cantinadelmulino.ch\/fr\/wp-json\/wp\/v2\/product_cat?post=40005"},{"taxonomy":"product_tag","embeddable":true,"href":"https:\/\/cantinadelmulino.ch\/fr\/wp-json\/wp\/v2\/product_tag?post=40005"},{"taxonomy":"enthaltene-traubensorte","embeddable":true,"href":"https:\/\/cantinadelmulino.ch\/fr\/wp-json\/wp\/v2\/enthaltene-traubensorte?post=40005"},{"taxonomy":"weintyp_tax","embeddable":true,"href":"https:\/\/cantinadelmulino.ch\/fr\/wp-json\/wp\/v2\/weintyp_tax?post=40005"},{"taxonomy":"subskription","embeddable":true,"href":"https:\/\/cantinadelmulino.ch\/fr\/wp-json\/wp\/v2\/subskription?post=40005"}],"curies":[{"name":"wp","href":"https:\/\/api.w.org\/{rel}","templated":true}]}}