{"id":40140,"date":"2026-04-08T01:21:04","date_gmt":"2026-04-08T00:21:04","guid":{"rendered":"https:\/\/cantinadelmulino.ch\/product\/grain-pinot-les-essert-valais-aoc-2022-marie-therese-chappaz-75cl-vin-rouge\/"},"modified":"2026-04-08T01:21:04","modified_gmt":"2026-04-08T00:21:04","slug":"grain-pinot-les-essert-valais-aoc-2022-marie-therese-chappaz-75cl-vin-rouge","status":"publish","type":"product","link":"https:\/\/cantinadelmulino.ch\/fr\/produit\/grain-pinot-les-essert-valais-aoc-2022-marie-therese-chappaz-75cl-vin-rouge\/","title":{"rendered":"Grain Pinot les essert Valais AOC | 2022 | Marie-Th\u00e9r\u00e8se Chappaz | 75cl | vin rouge"},"content":{"rendered":"<p>Grain Pinot les essert Valais AOC 2022, Schweiz\/Suisse,\u00a0 Valais\/Wallis, , vin rouge, Pinot noir, 75cl, 2022, 13.8%, 75cl, Ch\u00e2teaubriand, Tournedos, Wildgerichte (Gefl\u00fcgel), kr\u00e4ftiger K\u00e4se,\u00a0 43.2<\/p>\n","protected":false},"excerpt":{"rendered":"<p>Grain Pinot les essert Valais AOC 2022, Schweiz\/Suisse, Valais\/Wallis, Marie-Th\u00e9r\u00e8se Chappaz, Marie-Th\u00e9r\u00e8se Chappaz, Pinot noir, Pinot noir<\/p>\n","protected":false},"featured_media":0,"comment_status":"closed","ping_status":"closed","template":"","meta":{"_acf_changed":false},"product_brand":[],"product_cat":[17],"product_tag":[],"enthaltene-traubensorte":[1543],"weintyp_tax":[2115],"subskription":[],"class_list":{"0":"post-40140","1":"product","2":"type-product","3":"status-publish","5":"product_cat-uncategorized","6":"enthaltene-traubensorte-pinot-noir","7":"weintyp_tax-vin-rouge","9":"first","10":"instock","11":"taxable","12":"shipping-taxable","13":"purchasable","14":"product-type-simple"},"acf":[],"publishpress_future_workflow_manual_trigger":{"enabledWorkflows":[]},"_links":{"self":[{"href":"https:\/\/cantinadelmulino.ch\/fr\/wp-json\/wp\/v2\/product\/40140","targetHints":{"allow":["GET"]}}],"collection":[{"href":"https:\/\/cantinadelmulino.ch\/fr\/wp-json\/wp\/v2\/product"}],"about":[{"href":"https:\/\/cantinadelmulino.ch\/fr\/wp-json\/wp\/v2\/types\/product"}],"replies":[{"embeddable":true,"href":"https:\/\/cantinadelmulino.ch\/fr\/wp-json\/wp\/v2\/comments?post=40140"}],"wp:attachment":[{"href":"https:\/\/cantinadelmulino.ch\/fr\/wp-json\/wp\/v2\/media?parent=40140"}],"wp:term":[{"taxonomy":"product_brand","embeddable":true,"href":"https:\/\/cantinadelmulino.ch\/fr\/wp-json\/wp\/v2\/product_brand?post=40140"},{"taxonomy":"product_cat","embeddable":true,"href":"https:\/\/cantinadelmulino.ch\/fr\/wp-json\/wp\/v2\/product_cat?post=40140"},{"taxonomy":"product_tag","embeddable":true,"href":"https:\/\/cantinadelmulino.ch\/fr\/wp-json\/wp\/v2\/product_tag?post=40140"},{"taxonomy":"enthaltene-traubensorte","embeddable":true,"href":"https:\/\/cantinadelmulino.ch\/fr\/wp-json\/wp\/v2\/enthaltene-traubensorte?post=40140"},{"taxonomy":"weintyp_tax","embeddable":true,"href":"https:\/\/cantinadelmulino.ch\/fr\/wp-json\/wp\/v2\/weintyp_tax?post=40140"},{"taxonomy":"subskription","embeddable":true,"href":"https:\/\/cantinadelmulino.ch\/fr\/wp-json\/wp\/v2\/subskription?post=40140"}],"curies":[{"name":"wp","href":"https:\/\/api.w.org\/{rel}","templated":true}]}}