{"id":40144,"date":"2026-04-08T01:21:04","date_gmt":"2026-04-08T00:21:04","guid":{"rendered":"https:\/\/cantinadelmulino.ch\/product\/grain-sauvage-planche-billon-valais-aoc-2022-marie-therese-chappaz-150cl-vin-rouge\/"},"modified":"2026-04-08T01:21:04","modified_gmt":"2026-04-08T00:21:04","slug":"grain-sauvage-planche-billon-valais-aoc-2022-marie-therese-chappaz-150cl-vin-rouge","status":"publish","type":"product","link":"https:\/\/cantinadelmulino.ch\/fr\/produit\/grain-sauvage-planche-billon-valais-aoc-2022-marie-therese-chappaz-150cl-vin-rouge\/","title":{"rendered":"Grain Sauvage planche Billon Valais AOC | 2022 | Marie-Th\u00e9r\u00e8se Chappaz | 150cl | vin rouge"},"content":{"rendered":"<p>Grain Sauvage planche Billon Valais AOC 2022, Schweiz\/Suisse,\u00a0 Valais\/Wallis, , vin rouge, Humagne rouge, 150cl, 2022, 13.8%, 150cl, Ch\u00e2teaubriand, Tournedos, Wildgerichte (Gefl\u00fcgel), kr\u00e4ftiger K\u00e4se,\u00a0 144<\/p>\n","protected":false},"excerpt":{"rendered":"<p>Grain Sauvage planche Billon Valais AOC 2022, Schweiz\/Suisse, Valais\/Wallis, Marie-Th\u00e9r\u00e8se Chappaz, Marie-Th\u00e9r\u00e8se Chappaz, Humagne rouge, Humagne rouge<\/p>\n","protected":false},"featured_media":0,"comment_status":"closed","ping_status":"closed","template":"","meta":{"_acf_changed":false},"product_brand":[],"product_cat":[17],"product_tag":[],"enthaltene-traubensorte":[1741],"weintyp_tax":[2115],"subskription":[],"class_list":{"0":"post-40144","1":"product","2":"type-product","3":"status-publish","5":"product_cat-uncategorized","6":"enthaltene-traubensorte-humagne-rouge","7":"weintyp_tax-vin-rouge","9":"first","10":"instock","11":"taxable","12":"shipping-taxable","13":"purchasable","14":"product-type-simple"},"acf":[],"publishpress_future_workflow_manual_trigger":{"enabledWorkflows":[]},"_links":{"self":[{"href":"https:\/\/cantinadelmulino.ch\/fr\/wp-json\/wp\/v2\/product\/40144","targetHints":{"allow":["GET"]}}],"collection":[{"href":"https:\/\/cantinadelmulino.ch\/fr\/wp-json\/wp\/v2\/product"}],"about":[{"href":"https:\/\/cantinadelmulino.ch\/fr\/wp-json\/wp\/v2\/types\/product"}],"replies":[{"embeddable":true,"href":"https:\/\/cantinadelmulino.ch\/fr\/wp-json\/wp\/v2\/comments?post=40144"}],"wp:attachment":[{"href":"https:\/\/cantinadelmulino.ch\/fr\/wp-json\/wp\/v2\/media?parent=40144"}],"wp:term":[{"taxonomy":"product_brand","embeddable":true,"href":"https:\/\/cantinadelmulino.ch\/fr\/wp-json\/wp\/v2\/product_brand?post=40144"},{"taxonomy":"product_cat","embeddable":true,"href":"https:\/\/cantinadelmulino.ch\/fr\/wp-json\/wp\/v2\/product_cat?post=40144"},{"taxonomy":"product_tag","embeddable":true,"href":"https:\/\/cantinadelmulino.ch\/fr\/wp-json\/wp\/v2\/product_tag?post=40144"},{"taxonomy":"enthaltene-traubensorte","embeddable":true,"href":"https:\/\/cantinadelmulino.ch\/fr\/wp-json\/wp\/v2\/enthaltene-traubensorte?post=40144"},{"taxonomy":"weintyp_tax","embeddable":true,"href":"https:\/\/cantinadelmulino.ch\/fr\/wp-json\/wp\/v2\/weintyp_tax?post=40144"},{"taxonomy":"subskription","embeddable":true,"href":"https:\/\/cantinadelmulino.ch\/fr\/wp-json\/wp\/v2\/subskription?post=40144"}],"curies":[{"name":"wp","href":"https:\/\/api.w.org\/{rel}","templated":true}]}}