{"id":40147,"date":"2026-04-08T01:21:04","date_gmt":"2026-04-08T00:21:04","guid":{"rendered":"https:\/\/cantinadelmulino.ch\/product\/assemblage-valais-aoc-2022-marie-therese-chappaz-75cl-vin-blanc\/"},"modified":"2026-04-08T01:21:05","modified_gmt":"2026-04-08T00:21:05","slug":"assemblage-valais-aoc-2022-marie-therese-chappaz-75cl-vin-blanc","status":"publish","type":"product","link":"https:\/\/cantinadelmulino.ch\/fr\/produit\/assemblage-valais-aoc-2022-marie-therese-chappaz-75cl-vin-blanc\/","title":{"rendered":"Assemblage Valais AOC | 2022 | Marie-Th\u00e9r\u00e8se Chappaz | 75cl | vin blanc"},"content":{"rendered":"<p>Assemblage Valais AOC 2022, Schweiz\/Suisse,\u00a0 Valais\/Wallis, , vin blanc, Petite Arvine, Sylvaner, Marsanne (Ermitage), 75cl, 2022, , 75cl, ,\u00a0 50.4<\/p>\n","protected":false},"excerpt":{"rendered":"<p>Assemblage Valais AOC 2022, Schweiz\/Suisse, Valais\/Wallis, Marie-Th\u00e9r\u00e8se Chappaz, Marie-Th\u00e9r\u00e8se Chappaz, Petite Arvine, Sylvaner, Marsanne (Ermitage), Petite Arvine, Sylvaner, Marsanne (Ermitage)<\/p>\n","protected":false},"featured_media":0,"comment_status":"closed","ping_status":"closed","template":"","meta":{"_acf_changed":false},"product_brand":[],"product_cat":[17],"product_tag":[],"enthaltene-traubensorte":[2209,1676,1679],"weintyp_tax":[2116],"subskription":[],"class_list":{"0":"post-40147","1":"product","2":"type-product","3":"status-publish","5":"product_cat-uncategorized","6":"enthaltene-traubensorte-marsanne-ermitage","7":"enthaltene-traubensorte-petite-arvine","8":"enthaltene-traubensorte-sylvaner","9":"weintyp_tax-vin-blanc","11":"first","12":"instock","13":"taxable","14":"shipping-taxable","15":"purchasable","16":"product-type-simple"},"acf":[],"publishpress_future_workflow_manual_trigger":{"enabledWorkflows":[]},"_links":{"self":[{"href":"https:\/\/cantinadelmulino.ch\/fr\/wp-json\/wp\/v2\/product\/40147","targetHints":{"allow":["GET"]}}],"collection":[{"href":"https:\/\/cantinadelmulino.ch\/fr\/wp-json\/wp\/v2\/product"}],"about":[{"href":"https:\/\/cantinadelmulino.ch\/fr\/wp-json\/wp\/v2\/types\/product"}],"replies":[{"embeddable":true,"href":"https:\/\/cantinadelmulino.ch\/fr\/wp-json\/wp\/v2\/comments?post=40147"}],"wp:attachment":[{"href":"https:\/\/cantinadelmulino.ch\/fr\/wp-json\/wp\/v2\/media?parent=40147"}],"wp:term":[{"taxonomy":"product_brand","embeddable":true,"href":"https:\/\/cantinadelmulino.ch\/fr\/wp-json\/wp\/v2\/product_brand?post=40147"},{"taxonomy":"product_cat","embeddable":true,"href":"https:\/\/cantinadelmulino.ch\/fr\/wp-json\/wp\/v2\/product_cat?post=40147"},{"taxonomy":"product_tag","embeddable":true,"href":"https:\/\/cantinadelmulino.ch\/fr\/wp-json\/wp\/v2\/product_tag?post=40147"},{"taxonomy":"enthaltene-traubensorte","embeddable":true,"href":"https:\/\/cantinadelmulino.ch\/fr\/wp-json\/wp\/v2\/enthaltene-traubensorte?post=40147"},{"taxonomy":"weintyp_tax","embeddable":true,"href":"https:\/\/cantinadelmulino.ch\/fr\/wp-json\/wp\/v2\/weintyp_tax?post=40147"},{"taxonomy":"subskription","embeddable":true,"href":"https:\/\/cantinadelmulino.ch\/fr\/wp-json\/wp\/v2\/subskription?post=40147"}],"curies":[{"name":"wp","href":"https:\/\/api.w.org\/{rel}","templated":true}]}}