{"id":40180,"date":"2026-04-08T01:21:09","date_gmt":"2026-04-08T00:21:09","guid":{"rendered":"https:\/\/cantinadelmulino.ch\/product\/savagnin-maceration-284-jours-arbois-pupillin-blanc-aop-2016-renardiere-75cl-vin-blanc\/"},"modified":"2026-04-08T01:21:12","modified_gmt":"2026-04-08T00:21:12","slug":"savagnin-maceration-284-jours-arbois-pupillin-blanc-aop-2016-domaine-de-la-renardiere-75cl-vin-blanc","status":"publish","type":"product","link":"https:\/\/cantinadelmulino.ch\/fr\/produit\/savagnin-maceration-284-jours-arbois-pupillin-blanc-aop-2016-domaine-de-la-renardiere-75cl-vin-blanc\/","title":{"rendered":"Savagnin mac\u00e9ration 284 jours Arbois Pupillin blanc AOP | 2016 | Domaine de la Renardi\u00e8re | 75cl | vin blanc"},"content":{"rendered":"<p>Savagnin mac\u00e9ration 284 jours Arbois Pupillin blanc AOP 2016, France,\u00a0 Jura, , vin blanc, Savagnin, 75cl, 2016, , 75cl, Charcuterie, asiatische Gerichte, Truthahn, Blauschimmelk\u00e4se, Terrine,\u00a0 53.1<\/p>\n","protected":false},"excerpt":{"rendered":"<p>Savagnin mac\u00e9ration 284 jours Arbois Pupillin blanc AOP 2016, France, Jura, Domaine de la Renardi\u00e8re, Domaine de la Renardi\u00e8re, Savagnin, Savagnin<\/p>\n","protected":false},"featured_media":0,"comment_status":"closed","ping_status":"closed","template":"","meta":{"_acf_changed":false},"product_brand":[],"product_cat":[17],"product_tag":[],"enthaltene-traubensorte":[1621],"weintyp_tax":[2116],"subskription":[],"class_list":{"0":"post-40180","1":"product","2":"type-product","3":"status-publish","5":"product_cat-uncategorized","6":"enthaltene-traubensorte-savagnin","7":"weintyp_tax-vin-blanc","9":"first","10":"instock","11":"taxable","12":"shipping-taxable","13":"purchasable","14":"product-type-simple"},"acf":[],"publishpress_future_workflow_manual_trigger":{"enabledWorkflows":[]},"_links":{"self":[{"href":"https:\/\/cantinadelmulino.ch\/fr\/wp-json\/wp\/v2\/product\/40180","targetHints":{"allow":["GET"]}}],"collection":[{"href":"https:\/\/cantinadelmulino.ch\/fr\/wp-json\/wp\/v2\/product"}],"about":[{"href":"https:\/\/cantinadelmulino.ch\/fr\/wp-json\/wp\/v2\/types\/product"}],"replies":[{"embeddable":true,"href":"https:\/\/cantinadelmulino.ch\/fr\/wp-json\/wp\/v2\/comments?post=40180"}],"wp:attachment":[{"href":"https:\/\/cantinadelmulino.ch\/fr\/wp-json\/wp\/v2\/media?parent=40180"}],"wp:term":[{"taxonomy":"product_brand","embeddable":true,"href":"https:\/\/cantinadelmulino.ch\/fr\/wp-json\/wp\/v2\/product_brand?post=40180"},{"taxonomy":"product_cat","embeddable":true,"href":"https:\/\/cantinadelmulino.ch\/fr\/wp-json\/wp\/v2\/product_cat?post=40180"},{"taxonomy":"product_tag","embeddable":true,"href":"https:\/\/cantinadelmulino.ch\/fr\/wp-json\/wp\/v2\/product_tag?post=40180"},{"taxonomy":"enthaltene-traubensorte","embeddable":true,"href":"https:\/\/cantinadelmulino.ch\/fr\/wp-json\/wp\/v2\/enthaltene-traubensorte?post=40180"},{"taxonomy":"weintyp_tax","embeddable":true,"href":"https:\/\/cantinadelmulino.ch\/fr\/wp-json\/wp\/v2\/weintyp_tax?post=40180"},{"taxonomy":"subskription","embeddable":true,"href":"https:\/\/cantinadelmulino.ch\/fr\/wp-json\/wp\/v2\/subskription?post=40180"}],"curies":[{"name":"wp","href":"https:\/\/api.w.org\/{rel}","templated":true}]}}