{"id":40182,"date":"2026-04-08T01:21:09","date_gmt":"2026-04-08T00:21:09","guid":{"rendered":"https:\/\/cantinadelmulino.ch\/product\/trousseau-a-la-dame-arbois-pupillin-rouge-aop-2022-renardiere-75cl-vin-rouge\/"},"modified":"2026-04-08T01:21:12","modified_gmt":"2026-04-08T00:21:12","slug":"trousseau-a-la-dame-arbois-pupillin-rouge-aop-2022-domaine-de-la-renardiere-75cl-vin-rouge","status":"publish","type":"product","link":"https:\/\/cantinadelmulino.ch\/fr\/produit\/trousseau-a-la-dame-arbois-pupillin-rouge-aop-2022-domaine-de-la-renardiere-75cl-vin-rouge\/","title":{"rendered":"Trousseau \u00e0 la dame Arbois Pupillin rouge AOP | 2022 | Domaine de la Renardi\u00e8re | 75cl | vin rouge"},"content":{"rendered":"<p>Trousseau \u00e0 la dame Arbois Pupillin rouge AOP 2022, France,\u00a0 Jura, , vin rouge, Trousseau, 75cl, 2022, , 75cl, Charcuterie, Federwild, Grilladen,\u00a0 32.4<\/p>\n","protected":false},"excerpt":{"rendered":"<p>Trousseau \u00e0 la dame Arbois Pupillin rouge AOP 2022, France, Jura, Domaine de la Renardi\u00e8re, Domaine de la Renardi\u00e8re, Trousseau, Trousseau<\/p>\n","protected":false},"featured_media":0,"comment_status":"closed","ping_status":"closed","template":"","meta":{"_acf_changed":false},"product_brand":[],"product_cat":[17],"product_tag":[],"enthaltene-traubensorte":[1745],"weintyp_tax":[2115],"subskription":[],"class_list":{"0":"post-40182","1":"product","2":"type-product","3":"status-publish","5":"product_cat-uncategorized","6":"enthaltene-traubensorte-trousseau","7":"weintyp_tax-vin-rouge","9":"first","10":"instock","11":"taxable","12":"shipping-taxable","13":"purchasable","14":"product-type-simple"},"acf":[],"publishpress_future_workflow_manual_trigger":{"enabledWorkflows":[]},"_links":{"self":[{"href":"https:\/\/cantinadelmulino.ch\/fr\/wp-json\/wp\/v2\/product\/40182","targetHints":{"allow":["GET"]}}],"collection":[{"href":"https:\/\/cantinadelmulino.ch\/fr\/wp-json\/wp\/v2\/product"}],"about":[{"href":"https:\/\/cantinadelmulino.ch\/fr\/wp-json\/wp\/v2\/types\/product"}],"replies":[{"embeddable":true,"href":"https:\/\/cantinadelmulino.ch\/fr\/wp-json\/wp\/v2\/comments?post=40182"}],"wp:attachment":[{"href":"https:\/\/cantinadelmulino.ch\/fr\/wp-json\/wp\/v2\/media?parent=40182"}],"wp:term":[{"taxonomy":"product_brand","embeddable":true,"href":"https:\/\/cantinadelmulino.ch\/fr\/wp-json\/wp\/v2\/product_brand?post=40182"},{"taxonomy":"product_cat","embeddable":true,"href":"https:\/\/cantinadelmulino.ch\/fr\/wp-json\/wp\/v2\/product_cat?post=40182"},{"taxonomy":"product_tag","embeddable":true,"href":"https:\/\/cantinadelmulino.ch\/fr\/wp-json\/wp\/v2\/product_tag?post=40182"},{"taxonomy":"enthaltene-traubensorte","embeddable":true,"href":"https:\/\/cantinadelmulino.ch\/fr\/wp-json\/wp\/v2\/enthaltene-traubensorte?post=40182"},{"taxonomy":"weintyp_tax","embeddable":true,"href":"https:\/\/cantinadelmulino.ch\/fr\/wp-json\/wp\/v2\/weintyp_tax?post=40182"},{"taxonomy":"subskription","embeddable":true,"href":"https:\/\/cantinadelmulino.ch\/fr\/wp-json\/wp\/v2\/subskription?post=40182"}],"curies":[{"name":"wp","href":"https:\/\/api.w.org\/{rel}","templated":true}]}}