{"id":40378,"date":"2026-04-08T01:18:29","date_gmt":"2026-04-08T00:18:29","guid":{"rendered":"https:\/\/cantinadelmulino.ch\/product\/jacobus-gutswein-trocken-vdp-2022-peter-jakob-kuhn-75cl-vin-blanc\/"},"modified":"2026-04-08T01:18:30","modified_gmt":"2026-04-08T00:18:30","slug":"jacobus-gutswein-trocken-vdp-2022-peter-jakob-kuhn-75cl-vin-blanc","status":"publish","type":"product","link":"https:\/\/cantinadelmulino.ch\/fr\/produit\/jacobus-gutswein-trocken-vdp-2022-peter-jakob-kuhn-75cl-vin-blanc\/","title":{"rendered":"Jacobus Gutswein trocken VDP | 2022 | Peter Jakob K\u00fchn | 75cl | vin blanc"},"content":{"rendered":"<p>Jacobus Gutswein trocken VDP 2022, Deutschland,\u00a0 Rheingau, , vin blanc, Riesling, 75cl, 2022, 12%, 75cl, Ap\u00e9ro, Lachs, reifer K\u00e4se, K\u00fcche des Alltags,\u00a0 16.2<\/p>\n","protected":false},"excerpt":{"rendered":"<p>Jacobus Gutswein trocken VDP 2022, Deutschland, Rheingau, Peter Jakob K\u00fchn, Peter Jakob K\u00fchn, Riesling, Riesling<\/p>\n","protected":false},"featured_media":0,"comment_status":"closed","ping_status":"closed","template":"","meta":{"_acf_changed":false},"product_brand":[],"product_cat":[17],"product_tag":[],"enthaltene-traubensorte":[1541],"weintyp_tax":[2116],"subskription":[],"class_list":{"0":"post-40378","1":"product","2":"type-product","3":"status-publish","5":"product_cat-uncategorized","6":"enthaltene-traubensorte-riesling","7":"weintyp_tax-vin-blanc","9":"first","10":"instock","11":"taxable","12":"shipping-taxable","13":"purchasable","14":"product-type-simple"},"acf":[],"publishpress_future_workflow_manual_trigger":{"enabledWorkflows":[]},"_links":{"self":[{"href":"https:\/\/cantinadelmulino.ch\/fr\/wp-json\/wp\/v2\/product\/40378","targetHints":{"allow":["GET"]}}],"collection":[{"href":"https:\/\/cantinadelmulino.ch\/fr\/wp-json\/wp\/v2\/product"}],"about":[{"href":"https:\/\/cantinadelmulino.ch\/fr\/wp-json\/wp\/v2\/types\/product"}],"replies":[{"embeddable":true,"href":"https:\/\/cantinadelmulino.ch\/fr\/wp-json\/wp\/v2\/comments?post=40378"}],"wp:attachment":[{"href":"https:\/\/cantinadelmulino.ch\/fr\/wp-json\/wp\/v2\/media?parent=40378"}],"wp:term":[{"taxonomy":"product_brand","embeddable":true,"href":"https:\/\/cantinadelmulino.ch\/fr\/wp-json\/wp\/v2\/product_brand?post=40378"},{"taxonomy":"product_cat","embeddable":true,"href":"https:\/\/cantinadelmulino.ch\/fr\/wp-json\/wp\/v2\/product_cat?post=40378"},{"taxonomy":"product_tag","embeddable":true,"href":"https:\/\/cantinadelmulino.ch\/fr\/wp-json\/wp\/v2\/product_tag?post=40378"},{"taxonomy":"enthaltene-traubensorte","embeddable":true,"href":"https:\/\/cantinadelmulino.ch\/fr\/wp-json\/wp\/v2\/enthaltene-traubensorte?post=40378"},{"taxonomy":"weintyp_tax","embeddable":true,"href":"https:\/\/cantinadelmulino.ch\/fr\/wp-json\/wp\/v2\/weintyp_tax?post=40378"},{"taxonomy":"subskription","embeddable":true,"href":"https:\/\/cantinadelmulino.ch\/fr\/wp-json\/wp\/v2\/subskription?post=40378"}],"curies":[{"name":"wp","href":"https:\/\/api.w.org\/{rel}","templated":true}]}}