{"id":40380,"date":"2026-04-15T01:21:41","date_gmt":"2026-04-15T00:21:41","guid":{"rendered":"https:\/\/cantinadelmulino.ch\/product\/spatburgunder-trocken-2021-peter-jakob-kuhn-75cl-vin-rouge\/"},"modified":"2026-04-15T01:21:43","modified_gmt":"2026-04-15T00:21:43","slug":"spatburgunder-trocken-2021-peter-jakob-kuhn-75cl-vin-rouge","status":"publish","type":"product","link":"https:\/\/cantinadelmulino.ch\/fr\/produit\/spatburgunder-trocken-2021-peter-jakob-kuhn-75cl-vin-rouge\/","title":{"rendered":"Sp\u00e4tburgunder trocken | 2021 | Peter Jakob K\u00fchn | 75cl | vin rouge"},"content":{"rendered":"<p>Sp\u00e4tburgunder trocken 2021, Deutschland,\u00a0 Rheingau, , vin rouge, Blauburgunder, 75cl, 2021, , 75cl, Ap\u00e9ro, Meeresfr\u00fcchte, milder K\u00e4se,\u00a0 37.8<\/p>\n","protected":false},"excerpt":{"rendered":"<p>Sp\u00e4tburgunder trocken 2021, Deutschland, Rheingau, Peter Jakob K\u00fchn, Peter Jakob K\u00fchn, Blauburgunder, Blauburgunder<\/p>\n","protected":false},"featured_media":0,"comment_status":"closed","ping_status":"closed","template":"","meta":{"_acf_changed":false},"product_brand":[],"product_cat":[17],"product_tag":[],"enthaltene-traubensorte":[2212],"weintyp_tax":[2115],"subskription":[],"class_list":{"0":"post-40380","1":"product","2":"type-product","3":"status-publish","5":"product_cat-uncategorized","6":"enthaltene-traubensorte-blauburgunder","7":"weintyp_tax-vin-rouge","9":"first","10":"instock","11":"taxable","12":"shipping-taxable","13":"purchasable","14":"product-type-simple"},"acf":[],"publishpress_future_workflow_manual_trigger":{"enabledWorkflows":[]},"_links":{"self":[{"href":"https:\/\/cantinadelmulino.ch\/fr\/wp-json\/wp\/v2\/product\/40380","targetHints":{"allow":["GET"]}}],"collection":[{"href":"https:\/\/cantinadelmulino.ch\/fr\/wp-json\/wp\/v2\/product"}],"about":[{"href":"https:\/\/cantinadelmulino.ch\/fr\/wp-json\/wp\/v2\/types\/product"}],"replies":[{"embeddable":true,"href":"https:\/\/cantinadelmulino.ch\/fr\/wp-json\/wp\/v2\/comments?post=40380"}],"wp:attachment":[{"href":"https:\/\/cantinadelmulino.ch\/fr\/wp-json\/wp\/v2\/media?parent=40380"}],"wp:term":[{"taxonomy":"product_brand","embeddable":true,"href":"https:\/\/cantinadelmulino.ch\/fr\/wp-json\/wp\/v2\/product_brand?post=40380"},{"taxonomy":"product_cat","embeddable":true,"href":"https:\/\/cantinadelmulino.ch\/fr\/wp-json\/wp\/v2\/product_cat?post=40380"},{"taxonomy":"product_tag","embeddable":true,"href":"https:\/\/cantinadelmulino.ch\/fr\/wp-json\/wp\/v2\/product_tag?post=40380"},{"taxonomy":"enthaltene-traubensorte","embeddable":true,"href":"https:\/\/cantinadelmulino.ch\/fr\/wp-json\/wp\/v2\/enthaltene-traubensorte?post=40380"},{"taxonomy":"weintyp_tax","embeddable":true,"href":"https:\/\/cantinadelmulino.ch\/fr\/wp-json\/wp\/v2\/weintyp_tax?post=40380"},{"taxonomy":"subskription","embeddable":true,"href":"https:\/\/cantinadelmulino.ch\/fr\/wp-json\/wp\/v2\/subskription?post=40380"}],"curies":[{"name":"wp","href":"https:\/\/api.w.org\/{rel}","templated":true}]}}