{"id":40417,"date":"2026-04-15T01:25:12","date_gmt":"2026-04-15T00:25:12","guid":{"rendered":"https:\/\/cantinadelmulino.ch\/product\/les-cres-saint-chinian-a-c-2020-borie-la-vitarele-75cl-vin-rouge\/"},"modified":"2026-04-15T01:25:17","modified_gmt":"2026-04-15T00:25:17","slug":"les-cres-saint-chinian-a-c-2020-domaine-borie-la-vitarele-75cl-vin-rouge","status":"publish","type":"product","link":"https:\/\/cantinadelmulino.ch\/fr\/produit\/les-cres-saint-chinian-a-c-2020-domaine-borie-la-vitarele-75cl-vin-rouge\/","title":{"rendered":"Les Cr\u00e8s Saint Chinian A.C. | 2020 | Domaine Borie La Vitar\u00e8le | 75cl | vin rouge"},"content":{"rendered":"<p>Les Cr\u00e8s Saint Chinian A.C. 2020, France,\u00a0 Languedoc, , vin rouge, Syrah 70%, Mourv\u00e8dre 30%, 75cl, 2020, 14.5%, 75cl, Lammfilet mit Gratin d\u2019Auphinois,\u00a0 24.3<\/p>\n","protected":false},"excerpt":{"rendered":"<p>Les Cr\u00e8s Saint Chinian A.C. 2020, France, Languedoc, Domaine Borie La Vitar\u00e8le, Domaine Borie La Vitar\u00e8le, Syrah 70%, Mourv\u00e8dre 30%, Syrah 70%, Mourv\u00e8dre 30%<\/p>\n","protected":false},"featured_media":0,"comment_status":"closed","ping_status":"closed","template":"","meta":{"_acf_changed":false},"product_brand":[],"product_cat":[17],"product_tag":[],"enthaltene-traubensorte":[1551,1552],"weintyp_tax":[2115],"subskription":[],"class_list":{"0":"post-40417","1":"product","2":"type-product","3":"status-publish","5":"product_cat-uncategorized","6":"enthaltene-traubensorte-mourvedre","7":"enthaltene-traubensorte-syrah","8":"weintyp_tax-vin-rouge","10":"first","11":"instock","12":"taxable","13":"shipping-taxable","14":"purchasable","15":"product-type-simple"},"acf":[],"publishpress_future_workflow_manual_trigger":{"enabledWorkflows":[]},"_links":{"self":[{"href":"https:\/\/cantinadelmulino.ch\/fr\/wp-json\/wp\/v2\/product\/40417","targetHints":{"allow":["GET"]}}],"collection":[{"href":"https:\/\/cantinadelmulino.ch\/fr\/wp-json\/wp\/v2\/product"}],"about":[{"href":"https:\/\/cantinadelmulino.ch\/fr\/wp-json\/wp\/v2\/types\/product"}],"replies":[{"embeddable":true,"href":"https:\/\/cantinadelmulino.ch\/fr\/wp-json\/wp\/v2\/comments?post=40417"}],"wp:attachment":[{"href":"https:\/\/cantinadelmulino.ch\/fr\/wp-json\/wp\/v2\/media?parent=40417"}],"wp:term":[{"taxonomy":"product_brand","embeddable":true,"href":"https:\/\/cantinadelmulino.ch\/fr\/wp-json\/wp\/v2\/product_brand?post=40417"},{"taxonomy":"product_cat","embeddable":true,"href":"https:\/\/cantinadelmulino.ch\/fr\/wp-json\/wp\/v2\/product_cat?post=40417"},{"taxonomy":"product_tag","embeddable":true,"href":"https:\/\/cantinadelmulino.ch\/fr\/wp-json\/wp\/v2\/product_tag?post=40417"},{"taxonomy":"enthaltene-traubensorte","embeddable":true,"href":"https:\/\/cantinadelmulino.ch\/fr\/wp-json\/wp\/v2\/enthaltene-traubensorte?post=40417"},{"taxonomy":"weintyp_tax","embeddable":true,"href":"https:\/\/cantinadelmulino.ch\/fr\/wp-json\/wp\/v2\/weintyp_tax?post=40417"},{"taxonomy":"subskription","embeddable":true,"href":"https:\/\/cantinadelmulino.ch\/fr\/wp-json\/wp\/v2\/subskription?post=40417"}],"curies":[{"name":"wp","href":"https:\/\/api.w.org\/{rel}","templated":true}]}}