{"id":40478,"date":"2026-05-06T01:24:29","date_gmt":"2026-05-06T00:24:29","guid":{"rendered":"https:\/\/cantinadelmulino.ch\/product\/hochacker-blaufrankisch-burgenland-qw-2021-weninger-150cl-vin-rouge\/"},"modified":"2026-05-06T01:24:34","modified_gmt":"2026-05-06T00:24:34","slug":"hochacker-blaufrankisch-burgenland-qw-2021-weingut-weninger-150cl-vin-rouge","status":"publish","type":"product","link":"https:\/\/cantinadelmulino.ch\/fr\/produit\/hochacker-blaufrankisch-burgenland-qw-2021-weingut-weninger-150cl-vin-rouge\/","title":{"rendered":"Hoch\u00e4cker Blaufr\u00e4nkisch Burgenland Qw. | 2021 | Weingut Weninger | 150cl | vin rouge"},"content":{"rendered":"<p>Hoch\u00e4cker Blaufr\u00e4nkisch Burgenland Qw. 2021, \u00d6sterreich,\u00a0 Burgenland, , vin rouge, Blaufr\u00e4nkisch, 150cl, 2021, 13%, 150cl, Fleischgerichte, mediterrane Gerichte,\u00a0 37.8<\/p>\n","protected":false},"excerpt":{"rendered":"<p>Hoch\u00e4cker Blaufr\u00e4nkisch Burgenland Qw. 2021, \u00d6sterreich, Burgenland, Weingut Weninger, Weingut Weninger, Blaufr\u00e4nkisch, Blaufr\u00e4nkisch<\/p>\n","protected":false},"featured_media":0,"comment_status":"closed","ping_status":"closed","template":"","meta":{"_acf_changed":false},"product_brand":[],"product_cat":[17],"product_tag":[],"enthaltene-traubensorte":[1577],"weintyp_tax":[2115],"subskription":[],"class_list":{"0":"post-40478","1":"product","2":"type-product","3":"status-publish","5":"product_cat-uncategorized","6":"enthaltene-traubensorte-blaufraenkisch","7":"weintyp_tax-vin-rouge","9":"first","10":"instock","11":"taxable","12":"shipping-taxable","13":"purchasable","14":"product-type-simple"},"acf":[],"publishpress_future_workflow_manual_trigger":{"enabledWorkflows":[]},"_links":{"self":[{"href":"https:\/\/cantinadelmulino.ch\/fr\/wp-json\/wp\/v2\/product\/40478","targetHints":{"allow":["GET"]}}],"collection":[{"href":"https:\/\/cantinadelmulino.ch\/fr\/wp-json\/wp\/v2\/product"}],"about":[{"href":"https:\/\/cantinadelmulino.ch\/fr\/wp-json\/wp\/v2\/types\/product"}],"replies":[{"embeddable":true,"href":"https:\/\/cantinadelmulino.ch\/fr\/wp-json\/wp\/v2\/comments?post=40478"}],"wp:attachment":[{"href":"https:\/\/cantinadelmulino.ch\/fr\/wp-json\/wp\/v2\/media?parent=40478"}],"wp:term":[{"taxonomy":"product_brand","embeddable":true,"href":"https:\/\/cantinadelmulino.ch\/fr\/wp-json\/wp\/v2\/product_brand?post=40478"},{"taxonomy":"product_cat","embeddable":true,"href":"https:\/\/cantinadelmulino.ch\/fr\/wp-json\/wp\/v2\/product_cat?post=40478"},{"taxonomy":"product_tag","embeddable":true,"href":"https:\/\/cantinadelmulino.ch\/fr\/wp-json\/wp\/v2\/product_tag?post=40478"},{"taxonomy":"enthaltene-traubensorte","embeddable":true,"href":"https:\/\/cantinadelmulino.ch\/fr\/wp-json\/wp\/v2\/enthaltene-traubensorte?post=40478"},{"taxonomy":"weintyp_tax","embeddable":true,"href":"https:\/\/cantinadelmulino.ch\/fr\/wp-json\/wp\/v2\/weintyp_tax?post=40478"},{"taxonomy":"subskription","embeddable":true,"href":"https:\/\/cantinadelmulino.ch\/fr\/wp-json\/wp\/v2\/subskription?post=40478"}],"curies":[{"name":"wp","href":"https:\/\/api.w.org\/{rel}","templated":true}]}}