{"id":40482,"date":"2026-04-15T01:25:20","date_gmt":"2026-04-15T00:25:20","guid":{"rendered":"https:\/\/cantinadelmulino.ch\/product\/beret-frog-mediterranee-igp-2023-la-canorgue-75cl-vin-rouge\/"},"modified":"2026-04-15T01:25:21","modified_gmt":"2026-04-15T00:25:21","slug":"beret-frog-mediterranee-igp-2023-chateau-la-canorgue-75cl-vin-rouge","status":"publish","type":"product","link":"https:\/\/cantinadelmulino.ch\/fr\/produit\/beret-frog-mediterranee-igp-2023-chateau-la-canorgue-75cl-vin-rouge\/","title":{"rendered":"B\u00e9ret Frog M\u00e9diterran\u00e9e IGP | 2023 | Ch\u00e2teau La Canorgue | 75cl | vin rouge"},"content":{"rendered":"<p>B\u00e9ret Frog M\u00e9diterran\u00e9e IGP 2023, France,\u00a0 Rh\u00f4ne, , vin rouge, Syrah, Grenache noir, Cabernet, Merlot, 75cl, 2023, , 75cl, Aperowein, provenzalische K\u00fcche,\u00a0 11.7<\/p>\n","protected":false},"excerpt":{"rendered":"<p>B\u00e9ret Frog M\u00e9diterran\u00e9e IGP 2023, France, Rh\u00f4ne, Ch\u00e2teau La Canorgue, Ch\u00e2teau La Canorgue, Syrah, Grenache noir, Cabernet, Merlot, Syrah, Grenache noir, Cabernet, Merlot<\/p>\n","protected":false},"featured_media":0,"comment_status":"closed","ping_status":"closed","template":"","meta":{"_acf_changed":false},"product_brand":[],"product_cat":[17],"product_tag":[],"enthaltene-traubensorte":[1709,1573,1548,1552],"weintyp_tax":[2115],"subskription":[],"class_list":{"0":"post-40482","1":"product","2":"type-product","3":"status-publish","5":"product_cat-uncategorized","6":"enthaltene-traubensorte-cabernet","7":"enthaltene-traubensorte-grenache-noir","8":"enthaltene-traubensorte-merlot","9":"enthaltene-traubensorte-syrah","10":"weintyp_tax-vin-rouge","12":"first","13":"instock","14":"taxable","15":"shipping-taxable","16":"purchasable","17":"product-type-simple"},"acf":[],"publishpress_future_workflow_manual_trigger":{"enabledWorkflows":[]},"_links":{"self":[{"href":"https:\/\/cantinadelmulino.ch\/fr\/wp-json\/wp\/v2\/product\/40482","targetHints":{"allow":["GET"]}}],"collection":[{"href":"https:\/\/cantinadelmulino.ch\/fr\/wp-json\/wp\/v2\/product"}],"about":[{"href":"https:\/\/cantinadelmulino.ch\/fr\/wp-json\/wp\/v2\/types\/product"}],"replies":[{"embeddable":true,"href":"https:\/\/cantinadelmulino.ch\/fr\/wp-json\/wp\/v2\/comments?post=40482"}],"wp:attachment":[{"href":"https:\/\/cantinadelmulino.ch\/fr\/wp-json\/wp\/v2\/media?parent=40482"}],"wp:term":[{"taxonomy":"product_brand","embeddable":true,"href":"https:\/\/cantinadelmulino.ch\/fr\/wp-json\/wp\/v2\/product_brand?post=40482"},{"taxonomy":"product_cat","embeddable":true,"href":"https:\/\/cantinadelmulino.ch\/fr\/wp-json\/wp\/v2\/product_cat?post=40482"},{"taxonomy":"product_tag","embeddable":true,"href":"https:\/\/cantinadelmulino.ch\/fr\/wp-json\/wp\/v2\/product_tag?post=40482"},{"taxonomy":"enthaltene-traubensorte","embeddable":true,"href":"https:\/\/cantinadelmulino.ch\/fr\/wp-json\/wp\/v2\/enthaltene-traubensorte?post=40482"},{"taxonomy":"weintyp_tax","embeddable":true,"href":"https:\/\/cantinadelmulino.ch\/fr\/wp-json\/wp\/v2\/weintyp_tax?post=40482"},{"taxonomy":"subskription","embeddable":true,"href":"https:\/\/cantinadelmulino.ch\/fr\/wp-json\/wp\/v2\/subskription?post=40482"}],"curies":[{"name":"wp","href":"https:\/\/api.w.org\/{rel}","templated":true}]}}