{"id":40609,"date":"2026-05-06T01:24:35","date_gmt":"2026-05-06T00:24:35","guid":{"rendered":"https:\/\/cantinadelmulino.ch\/product\/les-birbettes-pouilly-fuisse-a-c-2021-chateau-des-rontets-75cl-vin-blanc\/"},"modified":"2026-05-06T01:24:40","modified_gmt":"2026-05-06T00:24:40","slug":"les-birbettes-pouilly-fuisse-a-c-2021-chateau-des-rontets-75cl-vin-blanc","status":"publish","type":"product","link":"https:\/\/cantinadelmulino.ch\/fr\/produit\/les-birbettes-pouilly-fuisse-a-c-2021-chateau-des-rontets-75cl-vin-blanc\/","title":{"rendered":"Les Birbettes Pouilly-Fuiss\u00e9 A.C. | 2021 | Ch\u00e2teau des Rontets | 75cl | vin blanc"},"content":{"rendered":"<p>Les Birbettes Pouilly-Fuiss\u00e9 A.C. 2021, France,\u00a0 Bourgogne, , vin blanc, Chardonnay, 75cl, 2021, 13%, 75cl, ,\u00a0 53.1<\/p>\n","protected":false},"excerpt":{"rendered":"<p>Les Birbettes Pouilly-Fuiss\u00e9 A.C. 2021, France, Bourgogne, Ch\u00e2teau des Rontets, Ch\u00e2teau des Rontets, Chardonnay, Chardonnay<\/p>\n","protected":false},"featured_media":0,"comment_status":"closed","ping_status":"closed","template":"","meta":{"_acf_changed":false},"product_brand":[],"product_cat":[17],"product_tag":[],"enthaltene-traubensorte":[1562],"weintyp_tax":[2116],"subskription":[],"class_list":{"0":"post-40609","1":"product","2":"type-product","3":"status-publish","5":"product_cat-uncategorized","6":"enthaltene-traubensorte-chardonnay","7":"weintyp_tax-vin-blanc","9":"first","10":"instock","11":"taxable","12":"shipping-taxable","13":"purchasable","14":"product-type-simple"},"acf":[],"publishpress_future_workflow_manual_trigger":{"enabledWorkflows":[]},"_links":{"self":[{"href":"https:\/\/cantinadelmulino.ch\/fr\/wp-json\/wp\/v2\/product\/40609","targetHints":{"allow":["GET"]}}],"collection":[{"href":"https:\/\/cantinadelmulino.ch\/fr\/wp-json\/wp\/v2\/product"}],"about":[{"href":"https:\/\/cantinadelmulino.ch\/fr\/wp-json\/wp\/v2\/types\/product"}],"replies":[{"embeddable":true,"href":"https:\/\/cantinadelmulino.ch\/fr\/wp-json\/wp\/v2\/comments?post=40609"}],"wp:attachment":[{"href":"https:\/\/cantinadelmulino.ch\/fr\/wp-json\/wp\/v2\/media?parent=40609"}],"wp:term":[{"taxonomy":"product_brand","embeddable":true,"href":"https:\/\/cantinadelmulino.ch\/fr\/wp-json\/wp\/v2\/product_brand?post=40609"},{"taxonomy":"product_cat","embeddable":true,"href":"https:\/\/cantinadelmulino.ch\/fr\/wp-json\/wp\/v2\/product_cat?post=40609"},{"taxonomy":"product_tag","embeddable":true,"href":"https:\/\/cantinadelmulino.ch\/fr\/wp-json\/wp\/v2\/product_tag?post=40609"},{"taxonomy":"enthaltene-traubensorte","embeddable":true,"href":"https:\/\/cantinadelmulino.ch\/fr\/wp-json\/wp\/v2\/enthaltene-traubensorte?post=40609"},{"taxonomy":"weintyp_tax","embeddable":true,"href":"https:\/\/cantinadelmulino.ch\/fr\/wp-json\/wp\/v2\/weintyp_tax?post=40609"},{"taxonomy":"subskription","embeddable":true,"href":"https:\/\/cantinadelmulino.ch\/fr\/wp-json\/wp\/v2\/subskription?post=40609"}],"curies":[{"name":"wp","href":"https:\/\/api.w.org\/{rel}","templated":true}]}}