{"id":40641,"date":"2026-04-08T01:21:51","date_gmt":"2026-04-08T00:21:51","guid":{"rendered":"https:\/\/cantinadelmulino.ch\/product\/sur-la-rose-ventoux-aop-2023-thomas-jullien-75cl-rose\/"},"modified":"2026-04-08T01:21:54","modified_gmt":"2026-04-08T00:21:54","slug":"sur-la-rose-ventoux-aop-2023-vins-de-thomas-75cl-rose","status":"publish","type":"product","link":"https:\/\/cantinadelmulino.ch\/fr\/produit\/sur-la-rose-ventoux-aop-2023-vins-de-thomas-75cl-rose\/","title":{"rendered":"Sur la rose Ventoux AOP | 2023 | Vins de Thomas | 75cl | ros\u00e9"},"content":{"rendered":"<p>Sur la rose Ventoux AOP 2023, France,\u00a0 Rh\u00f4ne, , ros\u00e9, Grenache noir 45%, Cinsault 30 %, Syrah 10%,, 75cl, 2023, , 75cl, Ap\u00e9ro, leichte Sommergerichte,\u00a0 13.05<\/p>\n","protected":false},"excerpt":{"rendered":"<p>Sur la rose Ventoux AOP 2023, France, Rh\u00f4ne, Vins de Thomas, Vins de Thomas, Grenache noir 45%, Cinsault 30 %, Syrah 10%,, Grenache noir 45%, Cinsault 30 %, Syrah 10%,<\/p>\n","protected":false},"featured_media":0,"comment_status":"closed","ping_status":"closed","template":"","meta":{"_acf_changed":false},"product_brand":[],"product_cat":[17],"product_tag":[],"enthaltene-traubensorte":[1555,1573,1552],"weintyp_tax":[2113],"subskription":[],"class_list":{"0":"post-40641","1":"product","2":"type-product","3":"status-publish","5":"product_cat-uncategorized","6":"enthaltene-traubensorte-cinsault","7":"enthaltene-traubensorte-grenache-noir","8":"enthaltene-traubensorte-syrah","9":"weintyp_tax-rose","11":"first","12":"instock","13":"taxable","14":"shipping-taxable","15":"purchasable","16":"product-type-simple"},"acf":[],"publishpress_future_workflow_manual_trigger":{"enabledWorkflows":[]},"_links":{"self":[{"href":"https:\/\/cantinadelmulino.ch\/fr\/wp-json\/wp\/v2\/product\/40641","targetHints":{"allow":["GET"]}}],"collection":[{"href":"https:\/\/cantinadelmulino.ch\/fr\/wp-json\/wp\/v2\/product"}],"about":[{"href":"https:\/\/cantinadelmulino.ch\/fr\/wp-json\/wp\/v2\/types\/product"}],"replies":[{"embeddable":true,"href":"https:\/\/cantinadelmulino.ch\/fr\/wp-json\/wp\/v2\/comments?post=40641"}],"wp:attachment":[{"href":"https:\/\/cantinadelmulino.ch\/fr\/wp-json\/wp\/v2\/media?parent=40641"}],"wp:term":[{"taxonomy":"product_brand","embeddable":true,"href":"https:\/\/cantinadelmulino.ch\/fr\/wp-json\/wp\/v2\/product_brand?post=40641"},{"taxonomy":"product_cat","embeddable":true,"href":"https:\/\/cantinadelmulino.ch\/fr\/wp-json\/wp\/v2\/product_cat?post=40641"},{"taxonomy":"product_tag","embeddable":true,"href":"https:\/\/cantinadelmulino.ch\/fr\/wp-json\/wp\/v2\/product_tag?post=40641"},{"taxonomy":"enthaltene-traubensorte","embeddable":true,"href":"https:\/\/cantinadelmulino.ch\/fr\/wp-json\/wp\/v2\/enthaltene-traubensorte?post=40641"},{"taxonomy":"weintyp_tax","embeddable":true,"href":"https:\/\/cantinadelmulino.ch\/fr\/wp-json\/wp\/v2\/weintyp_tax?post=40641"},{"taxonomy":"subskription","embeddable":true,"href":"https:\/\/cantinadelmulino.ch\/fr\/wp-json\/wp\/v2\/subskription?post=40641"}],"curies":[{"name":"wp","href":"https:\/\/api.w.org\/{rel}","templated":true}]}}