{"id":40736,"date":"2026-04-08T01:21:42","date_gmt":"2026-04-08T00:21:42","guid":{"rendered":"https:\/\/cantinadelmulino.ch\/product\/camporengo-garganega-veneto-igt-2023-az-agricola-le-fraghe-75cl-vin-blanc\/"},"modified":"2026-04-08T01:21:43","modified_gmt":"2026-04-08T00:21:43","slug":"camporengo-garganega-veneto-igt-2023-az-agricola-le-fraghe-75cl-vin-blanc","status":"publish","type":"product","link":"https:\/\/cantinadelmulino.ch\/fr\/produit\/camporengo-garganega-veneto-igt-2023-az-agricola-le-fraghe-75cl-vin-blanc\/","title":{"rendered":"Camporengo Garganega Veneto IGT | 2023 | Az. Agricola Le Fraghe | 75cl | vin blanc"},"content":{"rendered":"<p>Camporengo Garganega Veneto IGT 2023, Italia,\u00a0 Veneto, , vin blanc, Garganega, 75cl, 2023, , 75cl, Ap\u00e9ro, Antipasti, S\u00fcsswasserfisch, junger K\u00e4se,\u00a0 13.05<\/p>\n","protected":false},"excerpt":{"rendered":"<p>Camporengo Garganega Veneto IGT 2023, Italia, Veneto, Az. Agricola Le Fraghe, Az. Agricola Le Fraghe, Garganega, Garganega<\/p>\n","protected":false},"featured_media":0,"comment_status":"closed","ping_status":"closed","template":"","meta":{"_acf_changed":false},"product_brand":[],"product_cat":[17],"product_tag":[],"enthaltene-traubensorte":[1694],"weintyp_tax":[2116],"subskription":[],"class_list":{"0":"post-40736","1":"product","2":"type-product","3":"status-publish","5":"product_cat-uncategorized","6":"enthaltene-traubensorte-garganega","7":"weintyp_tax-vin-blanc","9":"first","10":"instock","11":"taxable","12":"shipping-taxable","13":"purchasable","14":"product-type-simple"},"acf":[],"publishpress_future_workflow_manual_trigger":{"enabledWorkflows":[]},"_links":{"self":[{"href":"https:\/\/cantinadelmulino.ch\/fr\/wp-json\/wp\/v2\/product\/40736","targetHints":{"allow":["GET"]}}],"collection":[{"href":"https:\/\/cantinadelmulino.ch\/fr\/wp-json\/wp\/v2\/product"}],"about":[{"href":"https:\/\/cantinadelmulino.ch\/fr\/wp-json\/wp\/v2\/types\/product"}],"replies":[{"embeddable":true,"href":"https:\/\/cantinadelmulino.ch\/fr\/wp-json\/wp\/v2\/comments?post=40736"}],"wp:attachment":[{"href":"https:\/\/cantinadelmulino.ch\/fr\/wp-json\/wp\/v2\/media?parent=40736"}],"wp:term":[{"taxonomy":"product_brand","embeddable":true,"href":"https:\/\/cantinadelmulino.ch\/fr\/wp-json\/wp\/v2\/product_brand?post=40736"},{"taxonomy":"product_cat","embeddable":true,"href":"https:\/\/cantinadelmulino.ch\/fr\/wp-json\/wp\/v2\/product_cat?post=40736"},{"taxonomy":"product_tag","embeddable":true,"href":"https:\/\/cantinadelmulino.ch\/fr\/wp-json\/wp\/v2\/product_tag?post=40736"},{"taxonomy":"enthaltene-traubensorte","embeddable":true,"href":"https:\/\/cantinadelmulino.ch\/fr\/wp-json\/wp\/v2\/enthaltene-traubensorte?post=40736"},{"taxonomy":"weintyp_tax","embeddable":true,"href":"https:\/\/cantinadelmulino.ch\/fr\/wp-json\/wp\/v2\/weintyp_tax?post=40736"},{"taxonomy":"subskription","embeddable":true,"href":"https:\/\/cantinadelmulino.ch\/fr\/wp-json\/wp\/v2\/subskription?post=40736"}],"curies":[{"name":"wp","href":"https:\/\/api.w.org\/{rel}","templated":true}]}}