{"id":40753,"date":"2026-04-08T01:21:55","date_gmt":"2026-04-08T00:21:55","guid":{"rendered":"https:\/\/cantinadelmulino.ch\/product\/la-pepie-vin-des-allobroges-igp-2023-domaine-du-cellier-des-cray-75cl-vin-blanc\/"},"modified":"2026-04-08T01:22:03","modified_gmt":"2026-04-08T00:22:03","slug":"la-pepie-vin-des-allobroges-igp-2023-domaine-adrien-berlioz-75cl-vin-blanc","status":"publish","type":"product","link":"https:\/\/cantinadelmulino.ch\/fr\/produit\/la-pepie-vin-des-allobroges-igp-2023-domaine-adrien-berlioz-75cl-vin-blanc\/","title":{"rendered":"La P\u00e9pie Vin des Allobroges IGP | 2023 | Domaine Adrien Berlioz | 75cl | vin blanc"},"content":{"rendered":"<p>La P\u00e9pie Vin des Allobroges IGP 2023, France,\u00a0 Savoie, , vin blanc, Jacqu\u00e8re, 75cl, 2023, 10.5%, 75cl, Aperitif,\u00a0 13.95<\/p>\n","protected":false},"excerpt":{"rendered":"<p>La P\u00e9pie Vin des Allobroges IGP 2023, France, Savoie, Domaine Adrien Berlioz, Domaine Adrien Berlioz, Jacqu\u00e8re, Jacqu\u00e8re<\/p>\n","protected":false},"featured_media":0,"comment_status":"closed","ping_status":"closed","template":"","meta":{"_acf_changed":false},"product_brand":[],"product_cat":[17],"product_tag":[],"enthaltene-traubensorte":[1881],"weintyp_tax":[2116],"subskription":[],"class_list":{"0":"post-40753","1":"product","2":"type-product","3":"status-publish","5":"product_cat-uncategorized","6":"enthaltene-traubensorte-jacquere","7":"weintyp_tax-vin-blanc","9":"first","10":"instock","11":"taxable","12":"shipping-taxable","13":"purchasable","14":"product-type-simple"},"acf":[],"publishpress_future_workflow_manual_trigger":{"enabledWorkflows":[]},"_links":{"self":[{"href":"https:\/\/cantinadelmulino.ch\/fr\/wp-json\/wp\/v2\/product\/40753","targetHints":{"allow":["GET"]}}],"collection":[{"href":"https:\/\/cantinadelmulino.ch\/fr\/wp-json\/wp\/v2\/product"}],"about":[{"href":"https:\/\/cantinadelmulino.ch\/fr\/wp-json\/wp\/v2\/types\/product"}],"replies":[{"embeddable":true,"href":"https:\/\/cantinadelmulino.ch\/fr\/wp-json\/wp\/v2\/comments?post=40753"}],"wp:attachment":[{"href":"https:\/\/cantinadelmulino.ch\/fr\/wp-json\/wp\/v2\/media?parent=40753"}],"wp:term":[{"taxonomy":"product_brand","embeddable":true,"href":"https:\/\/cantinadelmulino.ch\/fr\/wp-json\/wp\/v2\/product_brand?post=40753"},{"taxonomy":"product_cat","embeddable":true,"href":"https:\/\/cantinadelmulino.ch\/fr\/wp-json\/wp\/v2\/product_cat?post=40753"},{"taxonomy":"product_tag","embeddable":true,"href":"https:\/\/cantinadelmulino.ch\/fr\/wp-json\/wp\/v2\/product_tag?post=40753"},{"taxonomy":"enthaltene-traubensorte","embeddable":true,"href":"https:\/\/cantinadelmulino.ch\/fr\/wp-json\/wp\/v2\/enthaltene-traubensorte?post=40753"},{"taxonomy":"weintyp_tax","embeddable":true,"href":"https:\/\/cantinadelmulino.ch\/fr\/wp-json\/wp\/v2\/weintyp_tax?post=40753"},{"taxonomy":"subskription","embeddable":true,"href":"https:\/\/cantinadelmulino.ch\/fr\/wp-json\/wp\/v2\/subskription?post=40753"}],"curies":[{"name":"wp","href":"https:\/\/api.w.org\/{rel}","templated":true}]}}