{"id":40817,"date":"2026-04-29T01:25:55","date_gmt":"2026-04-29T00:25:55","guid":{"rendered":"https:\/\/cantinadelmulino.ch\/product\/dole-la-liaudisaz-valais-aoc-2023-marie-therese-chappaz-75cl-vin-rouge\/"},"modified":"2026-04-29T01:25:57","modified_gmt":"2026-04-29T00:25:57","slug":"dole-la-liaudisaz-valais-aoc-2023-marie-therese-chappaz-75cl-vin-rouge","status":"publish","type":"product","link":"https:\/\/cantinadelmulino.ch\/fr\/produit\/dole-la-liaudisaz-valais-aoc-2023-marie-therese-chappaz-75cl-vin-rouge\/","title":{"rendered":"D\u00f4le la Liaudisaz  Valais AOC | 2023 | Marie-Th\u00e9r\u00e8se Chappaz | 75cl | vin rouge"},"content":{"rendered":"<p>D\u00f4le la Liaudisaz  Valais AOC 2023, Schweiz\/Suisse,\u00a0 Valais\/Wallis, , vin rouge, Pinot noir, Gamay, 75cl, 2023, 13.2%, 75cl, Gefl\u00fcgel, Kaltes Buffet, Hase, Gem\u00fcsegratin,\u00a0 31.5<\/p>\n","protected":false},"excerpt":{"rendered":"<p>D\u00f4le la Liaudisaz  Valais AOC 2023, Schweiz\/Suisse, Valais\/Wallis, Marie-Th\u00e9r\u00e8se Chappaz, Marie-Th\u00e9r\u00e8se Chappaz, Pinot noir, Gamay, Pinot noir, Gamay<\/p>\n","protected":false},"featured_media":0,"comment_status":"closed","ping_status":"closed","template":"","meta":{"_acf_changed":false},"product_brand":[],"product_cat":[17],"product_tag":[],"enthaltene-traubensorte":[1613,1543],"weintyp_tax":[2115],"subskription":[],"class_list":{"0":"post-40817","1":"product","2":"type-product","3":"status-publish","5":"product_cat-uncategorized","6":"enthaltene-traubensorte-gamay","7":"enthaltene-traubensorte-pinot-noir","8":"weintyp_tax-vin-rouge","10":"first","11":"instock","12":"taxable","13":"shipping-taxable","14":"purchasable","15":"product-type-simple"},"acf":[],"publishpress_future_workflow_manual_trigger":{"enabledWorkflows":[]},"_links":{"self":[{"href":"https:\/\/cantinadelmulino.ch\/fr\/wp-json\/wp\/v2\/product\/40817","targetHints":{"allow":["GET"]}}],"collection":[{"href":"https:\/\/cantinadelmulino.ch\/fr\/wp-json\/wp\/v2\/product"}],"about":[{"href":"https:\/\/cantinadelmulino.ch\/fr\/wp-json\/wp\/v2\/types\/product"}],"replies":[{"embeddable":true,"href":"https:\/\/cantinadelmulino.ch\/fr\/wp-json\/wp\/v2\/comments?post=40817"}],"wp:attachment":[{"href":"https:\/\/cantinadelmulino.ch\/fr\/wp-json\/wp\/v2\/media?parent=40817"}],"wp:term":[{"taxonomy":"product_brand","embeddable":true,"href":"https:\/\/cantinadelmulino.ch\/fr\/wp-json\/wp\/v2\/product_brand?post=40817"},{"taxonomy":"product_cat","embeddable":true,"href":"https:\/\/cantinadelmulino.ch\/fr\/wp-json\/wp\/v2\/product_cat?post=40817"},{"taxonomy":"product_tag","embeddable":true,"href":"https:\/\/cantinadelmulino.ch\/fr\/wp-json\/wp\/v2\/product_tag?post=40817"},{"taxonomy":"enthaltene-traubensorte","embeddable":true,"href":"https:\/\/cantinadelmulino.ch\/fr\/wp-json\/wp\/v2\/enthaltene-traubensorte?post=40817"},{"taxonomy":"weintyp_tax","embeddable":true,"href":"https:\/\/cantinadelmulino.ch\/fr\/wp-json\/wp\/v2\/weintyp_tax?post=40817"},{"taxonomy":"subskription","embeddable":true,"href":"https:\/\/cantinadelmulino.ch\/fr\/wp-json\/wp\/v2\/subskription?post=40817"}],"curies":[{"name":"wp","href":"https:\/\/api.w.org\/{rel}","templated":true}]}}