{"id":40818,"date":"2026-04-08T01:22:04","date_gmt":"2026-04-08T00:22:04","guid":{"rendered":"https:\/\/cantinadelmulino.ch\/product\/fendant-la-liaudisaz-valais-aoc-2023-marie-therese-chappaz-75cl-vin-blanc\/"},"modified":"2026-04-08T01:22:08","modified_gmt":"2026-04-08T00:22:08","slug":"fendant-la-liaudisaz-valais-aoc-2023-marie-therese-chappaz-75cl-vin-blanc","status":"publish","type":"product","link":"https:\/\/cantinadelmulino.ch\/fr\/produit\/fendant-la-liaudisaz-valais-aoc-2023-marie-therese-chappaz-75cl-vin-blanc\/","title":{"rendered":"Fendant La Liaudisaz Valais AOC | 2023 | Marie-Th\u00e9r\u00e8se Chappaz | 75cl | vin blanc"},"content":{"rendered":"<p>Fendant La Liaudisaz Valais AOC 2023, Schweiz\/Suisse,\u00a0 Valais\/Wallis, , vin blanc, Chasselas, 75cl, 2023, 12.7%, 75cl, Apero, leichte Vorspeisen, K\u00e4segerichte,\u00a0 26.1<\/p>\n","protected":false},"excerpt":{"rendered":"<p>Fendant La Liaudisaz Valais AOC 2023, Schweiz\/Suisse, Valais\/Wallis, Marie-Th\u00e9r\u00e8se Chappaz, Marie-Th\u00e9r\u00e8se Chappaz, Chasselas, Chasselas<\/p>\n","protected":false},"featured_media":0,"comment_status":"closed","ping_status":"closed","template":"","meta":{"_acf_changed":false},"product_brand":[],"product_cat":[17],"product_tag":[],"enthaltene-traubensorte":[1612],"weintyp_tax":[2116],"subskription":[],"class_list":{"0":"post-40818","1":"product","2":"type-product","3":"status-publish","5":"product_cat-uncategorized","6":"enthaltene-traubensorte-chasselas","7":"weintyp_tax-vin-blanc","9":"first","10":"instock","11":"taxable","12":"shipping-taxable","13":"purchasable","14":"product-type-simple"},"acf":[],"publishpress_future_workflow_manual_trigger":{"enabledWorkflows":[]},"_links":{"self":[{"href":"https:\/\/cantinadelmulino.ch\/fr\/wp-json\/wp\/v2\/product\/40818","targetHints":{"allow":["GET"]}}],"collection":[{"href":"https:\/\/cantinadelmulino.ch\/fr\/wp-json\/wp\/v2\/product"}],"about":[{"href":"https:\/\/cantinadelmulino.ch\/fr\/wp-json\/wp\/v2\/types\/product"}],"replies":[{"embeddable":true,"href":"https:\/\/cantinadelmulino.ch\/fr\/wp-json\/wp\/v2\/comments?post=40818"}],"wp:attachment":[{"href":"https:\/\/cantinadelmulino.ch\/fr\/wp-json\/wp\/v2\/media?parent=40818"}],"wp:term":[{"taxonomy":"product_brand","embeddable":true,"href":"https:\/\/cantinadelmulino.ch\/fr\/wp-json\/wp\/v2\/product_brand?post=40818"},{"taxonomy":"product_cat","embeddable":true,"href":"https:\/\/cantinadelmulino.ch\/fr\/wp-json\/wp\/v2\/product_cat?post=40818"},{"taxonomy":"product_tag","embeddable":true,"href":"https:\/\/cantinadelmulino.ch\/fr\/wp-json\/wp\/v2\/product_tag?post=40818"},{"taxonomy":"enthaltene-traubensorte","embeddable":true,"href":"https:\/\/cantinadelmulino.ch\/fr\/wp-json\/wp\/v2\/enthaltene-traubensorte?post=40818"},{"taxonomy":"weintyp_tax","embeddable":true,"href":"https:\/\/cantinadelmulino.ch\/fr\/wp-json\/wp\/v2\/weintyp_tax?post=40818"},{"taxonomy":"subskription","embeddable":true,"href":"https:\/\/cantinadelmulino.ch\/fr\/wp-json\/wp\/v2\/subskription?post=40818"}],"curies":[{"name":"wp","href":"https:\/\/api.w.org\/{rel}","templated":true}]}}