{"id":40887,"date":"2026-05-06T01:24:53","date_gmt":"2026-05-06T00:24:53","guid":{"rendered":"https:\/\/cantinadelmulino.ch\/product\/albarino-rias-baixas-do-2023-bodegas-albamar-75cl-vin-blanc\/"},"modified":"2026-05-06T01:24:56","modified_gmt":"2026-05-06T00:24:56","slug":"albarino-rias-baixas-do-2023-bodegas-albamar-75cl-vin-blanc","status":"publish","type":"product","link":"https:\/\/cantinadelmulino.ch\/fr\/produit\/albarino-rias-baixas-do-2023-bodegas-albamar-75cl-vin-blanc\/","title":{"rendered":"Albari\u00f1o Rias Baixas DO | 2023 | Bodegas Albamar | 75cl | vin blanc"},"content":{"rendered":"<p>Albari\u00f1o Rias Baixas DO 2023, Espa\u00f1a,\u00a0 Galic\u00eda, , vin blanc, Albari\u00f1o, 75cl, 2023, , 75cl, Fisch und Meeresfr\u00fcchte,\u00a0 19.8<\/p>\n","protected":false},"excerpt":{"rendered":"<p>Albari\u00f1o Rias Baixas DO 2023, Espa\u00f1a, Galic\u00eda, Bodegas Albamar, Bodegas Albamar, Albari\u00f1o, Albari\u00f1o<\/p>\n","protected":false},"featured_media":0,"comment_status":"closed","ping_status":"closed","template":"","meta":{"_acf_changed":false},"product_brand":[],"product_cat":[17],"product_tag":[],"enthaltene-traubensorte":[1634],"weintyp_tax":[2116],"subskription":[],"class_list":{"0":"post-40887","1":"product","2":"type-product","3":"status-publish","5":"product_cat-uncategorized","6":"enthaltene-traubensorte-albarino","7":"weintyp_tax-vin-blanc","9":"first","10":"instock","11":"taxable","12":"shipping-taxable","13":"purchasable","14":"product-type-simple"},"acf":[],"publishpress_future_workflow_manual_trigger":{"enabledWorkflows":[]},"_links":{"self":[{"href":"https:\/\/cantinadelmulino.ch\/fr\/wp-json\/wp\/v2\/product\/40887","targetHints":{"allow":["GET"]}}],"collection":[{"href":"https:\/\/cantinadelmulino.ch\/fr\/wp-json\/wp\/v2\/product"}],"about":[{"href":"https:\/\/cantinadelmulino.ch\/fr\/wp-json\/wp\/v2\/types\/product"}],"replies":[{"embeddable":true,"href":"https:\/\/cantinadelmulino.ch\/fr\/wp-json\/wp\/v2\/comments?post=40887"}],"wp:attachment":[{"href":"https:\/\/cantinadelmulino.ch\/fr\/wp-json\/wp\/v2\/media?parent=40887"}],"wp:term":[{"taxonomy":"product_brand","embeddable":true,"href":"https:\/\/cantinadelmulino.ch\/fr\/wp-json\/wp\/v2\/product_brand?post=40887"},{"taxonomy":"product_cat","embeddable":true,"href":"https:\/\/cantinadelmulino.ch\/fr\/wp-json\/wp\/v2\/product_cat?post=40887"},{"taxonomy":"product_tag","embeddable":true,"href":"https:\/\/cantinadelmulino.ch\/fr\/wp-json\/wp\/v2\/product_tag?post=40887"},{"taxonomy":"enthaltene-traubensorte","embeddable":true,"href":"https:\/\/cantinadelmulino.ch\/fr\/wp-json\/wp\/v2\/enthaltene-traubensorte?post=40887"},{"taxonomy":"weintyp_tax","embeddable":true,"href":"https:\/\/cantinadelmulino.ch\/fr\/wp-json\/wp\/v2\/weintyp_tax?post=40887"},{"taxonomy":"subskription","embeddable":true,"href":"https:\/\/cantinadelmulino.ch\/fr\/wp-json\/wp\/v2\/subskription?post=40887"}],"curies":[{"name":"wp","href":"https:\/\/api.w.org\/{rel}","templated":true}]}}