{"id":40896,"date":"2026-04-08T01:22:09","date_gmt":"2026-04-08T00:22:09","guid":{"rendered":"https:\/\/cantinadelmulino.ch\/product\/rose-cornalin-valais-aoc-2023-cave-valentina-andrei-75cl-rose\/"},"modified":"2026-04-08T01:22:13","modified_gmt":"2026-04-08T00:22:13","slug":"rose-cornalin-valais-aoc-2023-cave-valentina-andrei-75cl-rose","status":"publish","type":"product","link":"https:\/\/cantinadelmulino.ch\/fr\/produit\/rose-cornalin-valais-aoc-2023-cave-valentina-andrei-75cl-rose\/","title":{"rendered":"Ros\u00e9 Cornalin Valais AOC | 2023 | Cave Valentina Andrei | 75cl | ros\u00e9"},"content":{"rendered":"<p>Ros\u00e9 Cornalin Valais AOC 2023, Schweiz\/Suisse,\u00a0 Valais\/Wallis, , ros\u00e9, Cornalin, 75cl, 2023, 13.2%, 75cl, ,\u00a0 21.6<\/p>\n","protected":false},"excerpt":{"rendered":"<p>Ros\u00e9 Cornalin Valais AOC 2023, Schweiz\/Suisse, Valais\/Wallis, Cave Valentina Andrei, Cave Valentina Andrei, Cornalin, Cornalin<\/p>\n","protected":false},"featured_media":0,"comment_status":"closed","ping_status":"closed","template":"","meta":{"_acf_changed":false},"product_brand":[],"product_cat":[17],"product_tag":[],"enthaltene-traubensorte":[1768],"weintyp_tax":[2113],"subskription":[],"class_list":{"0":"post-40896","1":"product","2":"type-product","3":"status-publish","5":"product_cat-uncategorized","6":"enthaltene-traubensorte-cornalin","7":"weintyp_tax-rose","9":"first","10":"instock","11":"taxable","12":"shipping-taxable","13":"purchasable","14":"product-type-simple"},"acf":[],"publishpress_future_workflow_manual_trigger":{"enabledWorkflows":[]},"_links":{"self":[{"href":"https:\/\/cantinadelmulino.ch\/fr\/wp-json\/wp\/v2\/product\/40896","targetHints":{"allow":["GET"]}}],"collection":[{"href":"https:\/\/cantinadelmulino.ch\/fr\/wp-json\/wp\/v2\/product"}],"about":[{"href":"https:\/\/cantinadelmulino.ch\/fr\/wp-json\/wp\/v2\/types\/product"}],"replies":[{"embeddable":true,"href":"https:\/\/cantinadelmulino.ch\/fr\/wp-json\/wp\/v2\/comments?post=40896"}],"wp:attachment":[{"href":"https:\/\/cantinadelmulino.ch\/fr\/wp-json\/wp\/v2\/media?parent=40896"}],"wp:term":[{"taxonomy":"product_brand","embeddable":true,"href":"https:\/\/cantinadelmulino.ch\/fr\/wp-json\/wp\/v2\/product_brand?post=40896"},{"taxonomy":"product_cat","embeddable":true,"href":"https:\/\/cantinadelmulino.ch\/fr\/wp-json\/wp\/v2\/product_cat?post=40896"},{"taxonomy":"product_tag","embeddable":true,"href":"https:\/\/cantinadelmulino.ch\/fr\/wp-json\/wp\/v2\/product_tag?post=40896"},{"taxonomy":"enthaltene-traubensorte","embeddable":true,"href":"https:\/\/cantinadelmulino.ch\/fr\/wp-json\/wp\/v2\/enthaltene-traubensorte?post=40896"},{"taxonomy":"weintyp_tax","embeddable":true,"href":"https:\/\/cantinadelmulino.ch\/fr\/wp-json\/wp\/v2\/weintyp_tax?post=40896"},{"taxonomy":"subskription","embeddable":true,"href":"https:\/\/cantinadelmulino.ch\/fr\/wp-json\/wp\/v2\/subskription?post=40896"}],"curies":[{"name":"wp","href":"https:\/\/api.w.org\/{rel}","templated":true}]}}