{"id":41520,"date":"2026-04-08T01:17:53","date_gmt":"2026-04-08T00:17:53","guid":{"rendered":"https:\/\/cantinadelmulino.ch\/product\/sabre-sable-pet-nat-geneve-aoc-2021-domaine-du-chambet-75cl-mousseux\/"},"modified":"2026-04-08T01:17:56","modified_gmt":"2026-04-08T00:17:56","slug":"sabre-sable-pet-nat-geneve-aoc-2021-domaine-du-chambet-75cl-mousseux","status":"publish","type":"product","link":"https:\/\/cantinadelmulino.ch\/fr\/produit\/sabre-sable-pet-nat-geneve-aoc-2021-domaine-du-chambet-75cl-mousseux\/","title":{"rendered":"Sabr\u00e9 Sable P\u00e9t-Nat Gen\u00e8ve AOC | 2021 | Domaine du Chambet | 75cl | mousseux"},"content":{"rendered":"<p>Sabr\u00e9 Sable P\u00e9t-Nat Gen\u00e8ve AOC 2021, Schweiz\/Suisse,\u00a0 Gen\u00e8ve, , mousseux, Chasselas, 75cl, 2021, 13%, 75cl, ,\u00a0 21.6<\/p>\n","protected":false},"excerpt":{"rendered":"<p>Sabr\u00e9 Sable P\u00e9t-Nat Gen\u00e8ve AOC 2021, Schweiz\/Suisse, Gen\u00e8ve, Domaine du Chambet, Domaine du Chambet, Chasselas, Chasselas<\/p>\n","protected":false},"featured_media":0,"comment_status":"closed","ping_status":"closed","template":"","meta":{"_acf_changed":false},"product_brand":[],"product_cat":[17],"product_tag":[],"enthaltene-traubensorte":[1612],"weintyp_tax":[2117],"subskription":[],"class_list":{"0":"post-41520","1":"product","2":"type-product","3":"status-publish","5":"product_cat-uncategorized","6":"enthaltene-traubensorte-chasselas","7":"weintyp_tax-mousseux","9":"first","10":"instock","11":"taxable","12":"shipping-taxable","13":"purchasable","14":"product-type-simple"},"acf":[],"publishpress_future_workflow_manual_trigger":{"enabledWorkflows":[]},"_links":{"self":[{"href":"https:\/\/cantinadelmulino.ch\/fr\/wp-json\/wp\/v2\/product\/41520","targetHints":{"allow":["GET"]}}],"collection":[{"href":"https:\/\/cantinadelmulino.ch\/fr\/wp-json\/wp\/v2\/product"}],"about":[{"href":"https:\/\/cantinadelmulino.ch\/fr\/wp-json\/wp\/v2\/types\/product"}],"replies":[{"embeddable":true,"href":"https:\/\/cantinadelmulino.ch\/fr\/wp-json\/wp\/v2\/comments?post=41520"}],"wp:attachment":[{"href":"https:\/\/cantinadelmulino.ch\/fr\/wp-json\/wp\/v2\/media?parent=41520"}],"wp:term":[{"taxonomy":"product_brand","embeddable":true,"href":"https:\/\/cantinadelmulino.ch\/fr\/wp-json\/wp\/v2\/product_brand?post=41520"},{"taxonomy":"product_cat","embeddable":true,"href":"https:\/\/cantinadelmulino.ch\/fr\/wp-json\/wp\/v2\/product_cat?post=41520"},{"taxonomy":"product_tag","embeddable":true,"href":"https:\/\/cantinadelmulino.ch\/fr\/wp-json\/wp\/v2\/product_tag?post=41520"},{"taxonomy":"enthaltene-traubensorte","embeddable":true,"href":"https:\/\/cantinadelmulino.ch\/fr\/wp-json\/wp\/v2\/enthaltene-traubensorte?post=41520"},{"taxonomy":"weintyp_tax","embeddable":true,"href":"https:\/\/cantinadelmulino.ch\/fr\/wp-json\/wp\/v2\/weintyp_tax?post=41520"},{"taxonomy":"subskription","embeddable":true,"href":"https:\/\/cantinadelmulino.ch\/fr\/wp-json\/wp\/v2\/subskription?post=41520"}],"curies":[{"name":"wp","href":"https:\/\/api.w.org\/{rel}","templated":true}]}}