{"id":41620,"date":"2026-04-29T01:19:27","date_gmt":"2026-04-29T00:19:27","guid":{"rendered":"https:\/\/cantinadelmulino.ch\/product\/saint-emilion-grand-cru-classe-a-c-2020-chateau-grand-corbin-despagne-75cl-vin-rouge\/"},"modified":"2026-04-29T01:19:30","modified_gmt":"2026-04-29T00:19:30","slug":"saint-emilion-grand-cru-classe-a-c-2020-chateau-grand-corbin-despagne-75cl-vin-rouge","status":"publish","type":"product","link":"https:\/\/cantinadelmulino.ch\/fr\/produit\/saint-emilion-grand-cru-classe-a-c-2020-chateau-grand-corbin-despagne-75cl-vin-rouge\/","title":{"rendered":"Saint-Emilion Grand Cru class\u00e9 A.C. | 2020 | Ch\u00e2teau Grand Corbin-Despagne | 75cl | vin rouge"},"content":{"rendered":"<p>Saint-Emilion Grand Cru class\u00e9 A.C. 2020, France,\u00a0 Bordeaux, , vin rouge, Merlot 80%, Cabernet Franc 16%; Cabernet Sauvignon 4%, 75cl, 2020, , 75cl, rotes Fleisch,\u00a0 43.2<\/p>\n","protected":false},"excerpt":{"rendered":"<p>Saint-Emilion Grand Cru class\u00e9 A.C. 2020, France, Bordeaux, Ch\u00e2teau Grand Corbin-Despagne, Ch\u00e2teau Grand Corbin-Despagne, Merlot 80%, Cabernet Franc 16%; Cabernet Sauvignon 4%, Merlot 80%, Cabernet Franc 16%; Cabernet Sauvignon 4%<\/p>\n","protected":false},"featured_media":0,"comment_status":"closed","ping_status":"closed","template":"","meta":{"_acf_changed":false},"product_brand":[],"product_cat":[17],"product_tag":[],"enthaltene-traubensorte":[1549,1550,1548],"weintyp_tax":[2115],"subskription":[],"class_list":{"0":"post-41620","1":"product","2":"type-product","3":"status-publish","5":"product_cat-uncategorized","6":"enthaltene-traubensorte-cabernet-franc","7":"enthaltene-traubensorte-cabernet-sauvignon","8":"enthaltene-traubensorte-merlot","9":"weintyp_tax-vin-rouge","11":"first","12":"instock","13":"taxable","14":"shipping-taxable","15":"purchasable","16":"product-type-simple"},"acf":[],"publishpress_future_workflow_manual_trigger":{"enabledWorkflows":[]},"_links":{"self":[{"href":"https:\/\/cantinadelmulino.ch\/fr\/wp-json\/wp\/v2\/product\/41620","targetHints":{"allow":["GET"]}}],"collection":[{"href":"https:\/\/cantinadelmulino.ch\/fr\/wp-json\/wp\/v2\/product"}],"about":[{"href":"https:\/\/cantinadelmulino.ch\/fr\/wp-json\/wp\/v2\/types\/product"}],"replies":[{"embeddable":true,"href":"https:\/\/cantinadelmulino.ch\/fr\/wp-json\/wp\/v2\/comments?post=41620"}],"wp:attachment":[{"href":"https:\/\/cantinadelmulino.ch\/fr\/wp-json\/wp\/v2\/media?parent=41620"}],"wp:term":[{"taxonomy":"product_brand","embeddable":true,"href":"https:\/\/cantinadelmulino.ch\/fr\/wp-json\/wp\/v2\/product_brand?post=41620"},{"taxonomy":"product_cat","embeddable":true,"href":"https:\/\/cantinadelmulino.ch\/fr\/wp-json\/wp\/v2\/product_cat?post=41620"},{"taxonomy":"product_tag","embeddable":true,"href":"https:\/\/cantinadelmulino.ch\/fr\/wp-json\/wp\/v2\/product_tag?post=41620"},{"taxonomy":"enthaltene-traubensorte","embeddable":true,"href":"https:\/\/cantinadelmulino.ch\/fr\/wp-json\/wp\/v2\/enthaltene-traubensorte?post=41620"},{"taxonomy":"weintyp_tax","embeddable":true,"href":"https:\/\/cantinadelmulino.ch\/fr\/wp-json\/wp\/v2\/weintyp_tax?post=41620"},{"taxonomy":"subskription","embeddable":true,"href":"https:\/\/cantinadelmulino.ch\/fr\/wp-json\/wp\/v2\/subskription?post=41620"}],"curies":[{"name":"wp","href":"https:\/\/api.w.org\/{rel}","templated":true}]}}