{"id":41623,"date":"2026-05-06T01:20:37","date_gmt":"2026-05-06T00:20:37","guid":{"rendered":"https:\/\/cantinadelmulino.ch\/product\/saint-emilion-grand-cru-classe-a-c-2021-chateau-grand-corbin-despagne-75cl-vin-rouge\/"},"modified":"2026-05-06T01:20:40","modified_gmt":"2026-05-06T00:20:40","slug":"saint-emilion-grand-cru-classe-a-c-2021-chateau-grand-corbin-despagne-75cl-vin-rouge","status":"publish","type":"product","link":"https:\/\/cantinadelmulino.ch\/fr\/produit\/saint-emilion-grand-cru-classe-a-c-2021-chateau-grand-corbin-despagne-75cl-vin-rouge\/","title":{"rendered":"Saint-Emilion Grand Cru class\u00e9 A.C. | 2021 | Ch\u00e2teau Grand Corbin-Despagne | 75cl | vin rouge"},"content":{"rendered":"<p>Saint-Emilion Grand Cru class\u00e9 A.C. 2021, France,\u00a0 Bordeaux, , vin rouge, Merlot 80%, Cabernet Franc 16%; Cabernet Sauvignon 4%, 75cl, 2021, , 75cl, rotes Fleisch,\u00a0 39.6<\/p>\n","protected":false},"excerpt":{"rendered":"<p>Saint-Emilion Grand Cru class\u00e9 A.C. 2021, France, Bordeaux, Ch\u00e2teau Grand Corbin-Despagne, Ch\u00e2teau Grand Corbin-Despagne, Merlot 80%, Cabernet Franc 16%; Cabernet Sauvignon 4%, Merlot 80%, Cabernet Franc 16%; Cabernet Sauvignon 4%<\/p>\n","protected":false},"featured_media":0,"comment_status":"closed","ping_status":"closed","template":"","meta":{"_acf_changed":false},"product_brand":[],"product_cat":[17],"product_tag":[],"enthaltene-traubensorte":[1549,1550,1548],"weintyp_tax":[2115],"subskription":[2154],"class_list":{"0":"post-41623","1":"product","2":"type-product","3":"status-publish","5":"product_cat-uncategorized","6":"enthaltene-traubensorte-cabernet-franc","7":"enthaltene-traubensorte-cabernet-sauvignon","8":"enthaltene-traubensorte-merlot","9":"weintyp_tax-vin-rouge","10":"subskription-primeur","12":"first","13":"instock","14":"taxable","15":"shipping-taxable","16":"purchasable","17":"product-type-simple"},"acf":[],"publishpress_future_workflow_manual_trigger":{"enabledWorkflows":[]},"_links":{"self":[{"href":"https:\/\/cantinadelmulino.ch\/fr\/wp-json\/wp\/v2\/product\/41623","targetHints":{"allow":["GET"]}}],"collection":[{"href":"https:\/\/cantinadelmulino.ch\/fr\/wp-json\/wp\/v2\/product"}],"about":[{"href":"https:\/\/cantinadelmulino.ch\/fr\/wp-json\/wp\/v2\/types\/product"}],"replies":[{"embeddable":true,"href":"https:\/\/cantinadelmulino.ch\/fr\/wp-json\/wp\/v2\/comments?post=41623"}],"wp:attachment":[{"href":"https:\/\/cantinadelmulino.ch\/fr\/wp-json\/wp\/v2\/media?parent=41623"}],"wp:term":[{"taxonomy":"product_brand","embeddable":true,"href":"https:\/\/cantinadelmulino.ch\/fr\/wp-json\/wp\/v2\/product_brand?post=41623"},{"taxonomy":"product_cat","embeddable":true,"href":"https:\/\/cantinadelmulino.ch\/fr\/wp-json\/wp\/v2\/product_cat?post=41623"},{"taxonomy":"product_tag","embeddable":true,"href":"https:\/\/cantinadelmulino.ch\/fr\/wp-json\/wp\/v2\/product_tag?post=41623"},{"taxonomy":"enthaltene-traubensorte","embeddable":true,"href":"https:\/\/cantinadelmulino.ch\/fr\/wp-json\/wp\/v2\/enthaltene-traubensorte?post=41623"},{"taxonomy":"weintyp_tax","embeddable":true,"href":"https:\/\/cantinadelmulino.ch\/fr\/wp-json\/wp\/v2\/weintyp_tax?post=41623"},{"taxonomy":"subskription","embeddable":true,"href":"https:\/\/cantinadelmulino.ch\/fr\/wp-json\/wp\/v2\/subskription?post=41623"}],"curies":[{"name":"wp","href":"https:\/\/api.w.org\/{rel}","templated":true}]}}