{"id":41641,"date":"2026-04-29T01:26:10","date_gmt":"2026-04-29T00:26:10","guid":{"rendered":"https:\/\/cantinadelmulino.ch\/product\/cuvee-collection-bandol-a-c-2000-chateau-sainte-anne-75cl-vin-rouge\/"},"modified":"2026-04-29T01:26:19","modified_gmt":"2026-04-29T00:26:19","slug":"cuvee-collection-bandol-a-c-2000-chateau-sainte-anne-75cl-vin-rouge","status":"publish","type":"product","link":"https:\/\/cantinadelmulino.ch\/fr\/produit\/cuvee-collection-bandol-a-c-2000-chateau-sainte-anne-75cl-vin-rouge\/","title":{"rendered":"Cuv\u00e9e Collection Bandol A.C. | 2000 | Ch\u00e2teau Sainte Anne | 75cl | vin rouge"},"content":{"rendered":"<p>Cuv\u00e9e Collection Bandol A.C. 2000, France,\u00a0 Provence, , vin rouge, Mourv\u00e8dre 98%, Grenache noir, Cinsault, 75cl, 2000, , 75cl, Rotes Fleisch, gehaltvoller Gratin, provenzalische K\u00fcche,\u00a0 72<\/p>\n","protected":false},"excerpt":{"rendered":"<p>Cuv\u00e9e Collection Bandol A.C. 2000, France, Provence, Ch\u00e2teau Sainte Anne, Ch\u00e2teau Sainte Anne, Mourv\u00e8dre 98%, Grenache noir, Cinsault, Mourv\u00e8dre 98%, Grenache noir, Cinsault<\/p>\n","protected":false},"featured_media":0,"comment_status":"closed","ping_status":"closed","template":"","meta":{"_acf_changed":false},"product_brand":[],"product_cat":[17],"product_tag":[],"enthaltene-traubensorte":[1555,1573,1551],"weintyp_tax":[2115],"subskription":[],"class_list":{"0":"post-41641","1":"product","2":"type-product","3":"status-publish","5":"product_cat-uncategorized","6":"enthaltene-traubensorte-cinsault","7":"enthaltene-traubensorte-grenache-noir","8":"enthaltene-traubensorte-mourvedre","9":"weintyp_tax-vin-rouge","11":"first","12":"instock","13":"taxable","14":"shipping-taxable","15":"purchasable","16":"product-type-simple"},"acf":[],"publishpress_future_workflow_manual_trigger":{"enabledWorkflows":[]},"_links":{"self":[{"href":"https:\/\/cantinadelmulino.ch\/fr\/wp-json\/wp\/v2\/product\/41641","targetHints":{"allow":["GET"]}}],"collection":[{"href":"https:\/\/cantinadelmulino.ch\/fr\/wp-json\/wp\/v2\/product"}],"about":[{"href":"https:\/\/cantinadelmulino.ch\/fr\/wp-json\/wp\/v2\/types\/product"}],"replies":[{"embeddable":true,"href":"https:\/\/cantinadelmulino.ch\/fr\/wp-json\/wp\/v2\/comments?post=41641"}],"wp:attachment":[{"href":"https:\/\/cantinadelmulino.ch\/fr\/wp-json\/wp\/v2\/media?parent=41641"}],"wp:term":[{"taxonomy":"product_brand","embeddable":true,"href":"https:\/\/cantinadelmulino.ch\/fr\/wp-json\/wp\/v2\/product_brand?post=41641"},{"taxonomy":"product_cat","embeddable":true,"href":"https:\/\/cantinadelmulino.ch\/fr\/wp-json\/wp\/v2\/product_cat?post=41641"},{"taxonomy":"product_tag","embeddable":true,"href":"https:\/\/cantinadelmulino.ch\/fr\/wp-json\/wp\/v2\/product_tag?post=41641"},{"taxonomy":"enthaltene-traubensorte","embeddable":true,"href":"https:\/\/cantinadelmulino.ch\/fr\/wp-json\/wp\/v2\/enthaltene-traubensorte?post=41641"},{"taxonomy":"weintyp_tax","embeddable":true,"href":"https:\/\/cantinadelmulino.ch\/fr\/wp-json\/wp\/v2\/weintyp_tax?post=41641"},{"taxonomy":"subskription","embeddable":true,"href":"https:\/\/cantinadelmulino.ch\/fr\/wp-json\/wp\/v2\/subskription?post=41641"}],"curies":[{"name":"wp","href":"https:\/\/api.w.org\/{rel}","templated":true}]}}