{"id":41643,"date":"2026-04-29T01:26:20","date_gmt":"2026-04-29T00:26:20","guid":{"rendered":"https:\/\/cantinadelmulino.ch\/product\/rose-cotes-de-provence-aop-2023-chateau-sainte-anne-150cl-rose\/"},"modified":"2026-04-29T01:26:20","modified_gmt":"2026-04-29T00:26:20","slug":"rose-cotes-de-provence-aop-2023-chateau-sainte-anne-150cl-rose","status":"publish","type":"product","link":"https:\/\/cantinadelmulino.ch\/fr\/produit\/rose-cotes-de-provence-aop-2023-chateau-sainte-anne-150cl-rose\/","title":{"rendered":"Ros\u00e9 C\u00f4tes de Provence AOP | 2023 | Ch\u00e2teau Sainte Anne | 150cl | ros\u00e9"},"content":{"rendered":"<p>Ros\u00e9 C\u00f4tes de Provence AOP 2023, France,\u00a0 Provence, , ros\u00e9, Mourv\u00e8dre, Grenache noir, Cinsault, 150cl, 2023, , 150cl, Schmorbraten, Lamm Karree mit Kartoffelgratin, Kaninchen mit Oliven, gegrillte Auberginen, Wild,\u00a0 37.8<\/p>\n","protected":false},"excerpt":{"rendered":"<p>Ros\u00e9 C\u00f4tes de Provence AOP 2023, France, Provence, Ch\u00e2teau Sainte Anne, Ch\u00e2teau Sainte Anne, Mourv\u00e8dre, Grenache noir, Cinsault, Mourv\u00e8dre, Grenache noir, Cinsault<\/p>\n","protected":false},"featured_media":0,"comment_status":"closed","ping_status":"closed","template":"","meta":{"_acf_changed":false},"product_brand":[],"product_cat":[17],"product_tag":[],"enthaltene-traubensorte":[1555,1573,1551],"weintyp_tax":[2113],"subskription":[],"class_list":{"0":"post-41643","1":"product","2":"type-product","3":"status-publish","5":"product_cat-uncategorized","6":"enthaltene-traubensorte-cinsault","7":"enthaltene-traubensorte-grenache-noir","8":"enthaltene-traubensorte-mourvedre","9":"weintyp_tax-rose","11":"first","12":"instock","13":"taxable","14":"shipping-taxable","15":"purchasable","16":"product-type-simple"},"acf":[],"publishpress_future_workflow_manual_trigger":{"enabledWorkflows":[]},"_links":{"self":[{"href":"https:\/\/cantinadelmulino.ch\/fr\/wp-json\/wp\/v2\/product\/41643","targetHints":{"allow":["GET"]}}],"collection":[{"href":"https:\/\/cantinadelmulino.ch\/fr\/wp-json\/wp\/v2\/product"}],"about":[{"href":"https:\/\/cantinadelmulino.ch\/fr\/wp-json\/wp\/v2\/types\/product"}],"replies":[{"embeddable":true,"href":"https:\/\/cantinadelmulino.ch\/fr\/wp-json\/wp\/v2\/comments?post=41643"}],"wp:attachment":[{"href":"https:\/\/cantinadelmulino.ch\/fr\/wp-json\/wp\/v2\/media?parent=41643"}],"wp:term":[{"taxonomy":"product_brand","embeddable":true,"href":"https:\/\/cantinadelmulino.ch\/fr\/wp-json\/wp\/v2\/product_brand?post=41643"},{"taxonomy":"product_cat","embeddable":true,"href":"https:\/\/cantinadelmulino.ch\/fr\/wp-json\/wp\/v2\/product_cat?post=41643"},{"taxonomy":"product_tag","embeddable":true,"href":"https:\/\/cantinadelmulino.ch\/fr\/wp-json\/wp\/v2\/product_tag?post=41643"},{"taxonomy":"enthaltene-traubensorte","embeddable":true,"href":"https:\/\/cantinadelmulino.ch\/fr\/wp-json\/wp\/v2\/enthaltene-traubensorte?post=41643"},{"taxonomy":"weintyp_tax","embeddable":true,"href":"https:\/\/cantinadelmulino.ch\/fr\/wp-json\/wp\/v2\/weintyp_tax?post=41643"},{"taxonomy":"subskription","embeddable":true,"href":"https:\/\/cantinadelmulino.ch\/fr\/wp-json\/wp\/v2\/subskription?post=41643"}],"curies":[{"name":"wp","href":"https:\/\/api.w.org\/{rel}","templated":true}]}}