{"id":41644,"date":"2026-04-15T01:26:24","date_gmt":"2026-04-15T00:26:24","guid":{"rendered":"https:\/\/cantinadelmulino.ch\/product\/blanc-cotes-de-provence-a-c-2023-chateau-sainte-anne-75cl-vin-blanc\/"},"modified":"2026-04-15T01:26:28","modified_gmt":"2026-04-15T00:26:28","slug":"blanc-cotes-de-provence-a-c-2023-chateau-sainte-anne-75cl-vin-blanc","status":"publish","type":"product","link":"https:\/\/cantinadelmulino.ch\/fr\/produit\/blanc-cotes-de-provence-a-c-2023-chateau-sainte-anne-75cl-vin-blanc\/","title":{"rendered":"Blanc C\u00f4tes de Provence A.C. | 2023 | Ch\u00e2teau Sainte Anne | 75cl | vin blanc"},"content":{"rendered":"<p>Blanc C\u00f4tes de Provence A.C. 2023, France,\u00a0 Provence, , vin blanc, Vermentino 50%, Ugni Blanc 50%, 75cl, 2023, 13%, 75cl, Aperitif, grillierter Fisch; Felchen, Fischterrine,\u00a0 19.8<\/p>\n","protected":false},"excerpt":{"rendered":"<p>Blanc C\u00f4tes de Provence A.C. 2023, France, Provence, Ch\u00e2teau Sainte Anne, Ch\u00e2teau Sainte Anne, Vermentino 50%, Ugni Blanc 50%, Vermentino 50%, Ugni Blanc 50%<\/p>\n","protected":false},"featured_media":0,"comment_status":"closed","ping_status":"closed","template":"","meta":{"_acf_changed":false},"product_brand":[],"product_cat":[17],"product_tag":[],"enthaltene-traubensorte":[1546,1602],"weintyp_tax":[2116],"subskription":[],"class_list":{"0":"post-41644","1":"product","2":"type-product","3":"status-publish","5":"product_cat-uncategorized","6":"enthaltene-traubensorte-ugni-blanc","7":"enthaltene-traubensorte-vermentino","8":"weintyp_tax-vin-blanc","10":"first","11":"instock","12":"taxable","13":"shipping-taxable","14":"purchasable","15":"product-type-simple"},"acf":[],"publishpress_future_workflow_manual_trigger":{"enabledWorkflows":[]},"_links":{"self":[{"href":"https:\/\/cantinadelmulino.ch\/fr\/wp-json\/wp\/v2\/product\/41644","targetHints":{"allow":["GET"]}}],"collection":[{"href":"https:\/\/cantinadelmulino.ch\/fr\/wp-json\/wp\/v2\/product"}],"about":[{"href":"https:\/\/cantinadelmulino.ch\/fr\/wp-json\/wp\/v2\/types\/product"}],"replies":[{"embeddable":true,"href":"https:\/\/cantinadelmulino.ch\/fr\/wp-json\/wp\/v2\/comments?post=41644"}],"wp:attachment":[{"href":"https:\/\/cantinadelmulino.ch\/fr\/wp-json\/wp\/v2\/media?parent=41644"}],"wp:term":[{"taxonomy":"product_brand","embeddable":true,"href":"https:\/\/cantinadelmulino.ch\/fr\/wp-json\/wp\/v2\/product_brand?post=41644"},{"taxonomy":"product_cat","embeddable":true,"href":"https:\/\/cantinadelmulino.ch\/fr\/wp-json\/wp\/v2\/product_cat?post=41644"},{"taxonomy":"product_tag","embeddable":true,"href":"https:\/\/cantinadelmulino.ch\/fr\/wp-json\/wp\/v2\/product_tag?post=41644"},{"taxonomy":"enthaltene-traubensorte","embeddable":true,"href":"https:\/\/cantinadelmulino.ch\/fr\/wp-json\/wp\/v2\/enthaltene-traubensorte?post=41644"},{"taxonomy":"weintyp_tax","embeddable":true,"href":"https:\/\/cantinadelmulino.ch\/fr\/wp-json\/wp\/v2\/weintyp_tax?post=41644"},{"taxonomy":"subskription","embeddable":true,"href":"https:\/\/cantinadelmulino.ch\/fr\/wp-json\/wp\/v2\/subskription?post=41644"}],"curies":[{"name":"wp","href":"https:\/\/api.w.org\/{rel}","templated":true}]}}