{"id":41645,"date":"2026-04-15T01:26:24","date_gmt":"2026-04-15T00:26:24","guid":{"rendered":"https:\/\/cantinadelmulino.ch\/product\/rouge-cotes-de-provence-aop-2022-chateau-sainte-anne-75cl-vin-rouge\/"},"modified":"2026-04-15T01:26:28","modified_gmt":"2026-04-15T00:26:28","slug":"rouge-cotes-de-provence-aop-2022-chateau-sainte-anne-75cl-vin-rouge","status":"publish","type":"product","link":"https:\/\/cantinadelmulino.ch\/fr\/produit\/rouge-cotes-de-provence-aop-2022-chateau-sainte-anne-75cl-vin-rouge\/","title":{"rendered":"Rouge C\u00f4tes de Provence AOP | 2022 | Ch\u00e2teau Sainte Anne | 75cl | vin rouge"},"content":{"rendered":"<p>Rouge C\u00f4tes de Provence AOP 2022, France,\u00a0 Provence, , vin rouge, Mourv\u00e8dre 25%, Grenache Noir 25%, Carignan 25%, Cinsault 25%, 75cl, 2022, , 75cl, Schmorbraten, Lamm Karree mit Kartoffelgratin, Kaninchen mit Oliven, gegrillte Auberginen, Wild,\u00a0 21.6<\/p>\n","protected":false},"excerpt":{"rendered":"<p>Rouge C\u00f4tes de Provence AOP 2022, France, Provence, Ch\u00e2teau Sainte Anne, Ch\u00e2teau Sainte Anne, Mourv\u00e8dre 25%, Grenache Noir 25%, Carignan 25%, Cinsault 25%, Mourv\u00e8dre 25%, Grenache Noir 25%, Carignan 25%, Cinsault 25%<\/p>\n","protected":false},"featured_media":0,"comment_status":"closed","ping_status":"closed","template":"","meta":{"_acf_changed":false},"product_brand":[],"product_cat":[17],"product_tag":[],"enthaltene-traubensorte":[1553,1555,1573,1551],"weintyp_tax":[2115],"subskription":[],"class_list":{"0":"post-41645","1":"product","2":"type-product","3":"status-publish","5":"product_cat-uncategorized","6":"enthaltene-traubensorte-carignan","7":"enthaltene-traubensorte-cinsault","8":"enthaltene-traubensorte-grenache-noir","9":"enthaltene-traubensorte-mourvedre","10":"weintyp_tax-vin-rouge","12":"first","13":"instock","14":"taxable","15":"shipping-taxable","16":"purchasable","17":"product-type-simple"},"acf":[],"publishpress_future_workflow_manual_trigger":{"enabledWorkflows":[]},"_links":{"self":[{"href":"https:\/\/cantinadelmulino.ch\/fr\/wp-json\/wp\/v2\/product\/41645","targetHints":{"allow":["GET"]}}],"collection":[{"href":"https:\/\/cantinadelmulino.ch\/fr\/wp-json\/wp\/v2\/product"}],"about":[{"href":"https:\/\/cantinadelmulino.ch\/fr\/wp-json\/wp\/v2\/types\/product"}],"replies":[{"embeddable":true,"href":"https:\/\/cantinadelmulino.ch\/fr\/wp-json\/wp\/v2\/comments?post=41645"}],"wp:attachment":[{"href":"https:\/\/cantinadelmulino.ch\/fr\/wp-json\/wp\/v2\/media?parent=41645"}],"wp:term":[{"taxonomy":"product_brand","embeddable":true,"href":"https:\/\/cantinadelmulino.ch\/fr\/wp-json\/wp\/v2\/product_brand?post=41645"},{"taxonomy":"product_cat","embeddable":true,"href":"https:\/\/cantinadelmulino.ch\/fr\/wp-json\/wp\/v2\/product_cat?post=41645"},{"taxonomy":"product_tag","embeddable":true,"href":"https:\/\/cantinadelmulino.ch\/fr\/wp-json\/wp\/v2\/product_tag?post=41645"},{"taxonomy":"enthaltene-traubensorte","embeddable":true,"href":"https:\/\/cantinadelmulino.ch\/fr\/wp-json\/wp\/v2\/enthaltene-traubensorte?post=41645"},{"taxonomy":"weintyp_tax","embeddable":true,"href":"https:\/\/cantinadelmulino.ch\/fr\/wp-json\/wp\/v2\/weintyp_tax?post=41645"},{"taxonomy":"subskription","embeddable":true,"href":"https:\/\/cantinadelmulino.ch\/fr\/wp-json\/wp\/v2\/subskription?post=41645"}],"curies":[{"name":"wp","href":"https:\/\/api.w.org\/{rel}","templated":true}]}}