{"id":41717,"date":"2026-04-29T01:25:24","date_gmt":"2026-04-29T00:25:24","guid":{"rendered":"https:\/\/cantinadelmulino.ch\/product\/dolomiten-gewurztraminer-igt-2022-weingut-in-der-eben-75cl-vin-blanc\/"},"modified":"2026-04-29T01:25:25","modified_gmt":"2026-04-29T00:25:25","slug":"dolomiten-gewurztraminer-igt-2022-weingut-in-der-eben-75cl-vin-blanc","status":"publish","type":"product","link":"https:\/\/cantinadelmulino.ch\/fr\/produit\/dolomiten-gewurztraminer-igt-2022-weingut-in-der-eben-75cl-vin-blanc\/","title":{"rendered":"Dolomiten Gew\u00fcrztraminer IGT | 2022 | Weingut In der Eben | 75cl | vin blanc"},"content":{"rendered":"<p>Dolomiten Gew\u00fcrztraminer IGT 2022, Italia,\u00a0 Alto Adige, , vin blanc, Gew\u00fcrztraminer, 75cl, 2022, 12.4%, 75cl, S\u00fcdtiroler Hausmannskost, milder K\u00e4se, Aperitiv,\u00a0 28.8<\/p>\n","protected":false},"excerpt":{"rendered":"<p>Dolomiten Gew\u00fcrztraminer IGT 2022, Italia, Alto Adige, Weingut In der Eben, Weingut In der Eben, Gew\u00fcrztraminer, Gew\u00fcrztraminer<\/p>\n","protected":false},"featured_media":0,"comment_status":"closed","ping_status":"closed","template":"","meta":{"_acf_changed":false},"product_brand":[],"product_cat":[17],"product_tag":[],"enthaltene-traubensorte":[1667],"weintyp_tax":[2116],"subskription":[],"class_list":{"0":"post-41717","1":"product","2":"type-product","3":"status-publish","5":"product_cat-uncategorized","6":"enthaltene-traubensorte-gewuerztraminer","7":"weintyp_tax-vin-blanc","9":"first","10":"instock","11":"taxable","12":"shipping-taxable","13":"purchasable","14":"product-type-simple"},"acf":[],"publishpress_future_workflow_manual_trigger":{"enabledWorkflows":[]},"_links":{"self":[{"href":"https:\/\/cantinadelmulino.ch\/fr\/wp-json\/wp\/v2\/product\/41717","targetHints":{"allow":["GET"]}}],"collection":[{"href":"https:\/\/cantinadelmulino.ch\/fr\/wp-json\/wp\/v2\/product"}],"about":[{"href":"https:\/\/cantinadelmulino.ch\/fr\/wp-json\/wp\/v2\/types\/product"}],"replies":[{"embeddable":true,"href":"https:\/\/cantinadelmulino.ch\/fr\/wp-json\/wp\/v2\/comments?post=41717"}],"wp:attachment":[{"href":"https:\/\/cantinadelmulino.ch\/fr\/wp-json\/wp\/v2\/media?parent=41717"}],"wp:term":[{"taxonomy":"product_brand","embeddable":true,"href":"https:\/\/cantinadelmulino.ch\/fr\/wp-json\/wp\/v2\/product_brand?post=41717"},{"taxonomy":"product_cat","embeddable":true,"href":"https:\/\/cantinadelmulino.ch\/fr\/wp-json\/wp\/v2\/product_cat?post=41717"},{"taxonomy":"product_tag","embeddable":true,"href":"https:\/\/cantinadelmulino.ch\/fr\/wp-json\/wp\/v2\/product_tag?post=41717"},{"taxonomy":"enthaltene-traubensorte","embeddable":true,"href":"https:\/\/cantinadelmulino.ch\/fr\/wp-json\/wp\/v2\/enthaltene-traubensorte?post=41717"},{"taxonomy":"weintyp_tax","embeddable":true,"href":"https:\/\/cantinadelmulino.ch\/fr\/wp-json\/wp\/v2\/weintyp_tax?post=41717"},{"taxonomy":"subskription","embeddable":true,"href":"https:\/\/cantinadelmulino.ch\/fr\/wp-json\/wp\/v2\/subskription?post=41717"}],"curies":[{"name":"wp","href":"https:\/\/api.w.org\/{rel}","templated":true}]}}