{"id":41816,"date":"2026-04-15T01:26:37","date_gmt":"2026-04-15T00:26:37","guid":{"rendered":"https:\/\/cantinadelmulino.ch\/product\/lenclos-corbieres-a-c-2021-domaine-des-2-anes-75cl-vin-rouge\/"},"modified":"2026-04-15T01:26:39","modified_gmt":"2026-04-15T00:26:39","slug":"lenclos-corbieres-a-c-2021-domaine-des-2-anes-75cl-vin-rouge","status":"publish","type":"product","link":"https:\/\/cantinadelmulino.ch\/fr\/produit\/lenclos-corbieres-a-c-2021-domaine-des-2-anes-75cl-vin-rouge\/","title":{"rendered":"L\u2019Enclos Corbi\u00e8res A.C. | 2021 | Domaine des 2 \u00e2nes | 75cl | vin rouge"},"content":{"rendered":"<p>L\u2019Enclos Corbi\u00e8res A.C. 2021, France,\u00a0 Languedoc, , vin rouge, Grenache noir 50%, Mourv\u00e8dre, Carignan, Syrah, 75cl, 2021, , 75cl, Rotes Fleisch an Sauce, Lammgigot an Rosmarin, Steak an gr\u00fcnem Pfeffer, Ente in allen Varianten,\u00a0 18.9<\/p>\n","protected":false},"excerpt":{"rendered":"<p>L\u2019Enclos Corbi\u00e8res A.C. 2021, France, Languedoc, Domaine des 2 \u00e2nes, Domaine des 2 \u00e2nes, Grenache noir 50%, Mourv\u00e8dre, Carignan, Syrah, Grenache noir 50%, Mourv\u00e8dre, Carignan, Syrah<\/p>\n","protected":false},"featured_media":0,"comment_status":"closed","ping_status":"closed","template":"","meta":{"_acf_changed":false},"product_brand":[],"product_cat":[17],"product_tag":[],"enthaltene-traubensorte":[1553,1573,1551,1552],"weintyp_tax":[2115],"subskription":[],"class_list":{"0":"post-41816","1":"product","2":"type-product","3":"status-publish","5":"product_cat-uncategorized","6":"enthaltene-traubensorte-carignan","7":"enthaltene-traubensorte-grenache-noir","8":"enthaltene-traubensorte-mourvedre","9":"enthaltene-traubensorte-syrah","10":"weintyp_tax-vin-rouge","12":"first","13":"instock","14":"taxable","15":"shipping-taxable","16":"purchasable","17":"product-type-simple"},"acf":[],"publishpress_future_workflow_manual_trigger":{"enabledWorkflows":[]},"_links":{"self":[{"href":"https:\/\/cantinadelmulino.ch\/fr\/wp-json\/wp\/v2\/product\/41816","targetHints":{"allow":["GET"]}}],"collection":[{"href":"https:\/\/cantinadelmulino.ch\/fr\/wp-json\/wp\/v2\/product"}],"about":[{"href":"https:\/\/cantinadelmulino.ch\/fr\/wp-json\/wp\/v2\/types\/product"}],"replies":[{"embeddable":true,"href":"https:\/\/cantinadelmulino.ch\/fr\/wp-json\/wp\/v2\/comments?post=41816"}],"wp:attachment":[{"href":"https:\/\/cantinadelmulino.ch\/fr\/wp-json\/wp\/v2\/media?parent=41816"}],"wp:term":[{"taxonomy":"product_brand","embeddable":true,"href":"https:\/\/cantinadelmulino.ch\/fr\/wp-json\/wp\/v2\/product_brand?post=41816"},{"taxonomy":"product_cat","embeddable":true,"href":"https:\/\/cantinadelmulino.ch\/fr\/wp-json\/wp\/v2\/product_cat?post=41816"},{"taxonomy":"product_tag","embeddable":true,"href":"https:\/\/cantinadelmulino.ch\/fr\/wp-json\/wp\/v2\/product_tag?post=41816"},{"taxonomy":"enthaltene-traubensorte","embeddable":true,"href":"https:\/\/cantinadelmulino.ch\/fr\/wp-json\/wp\/v2\/enthaltene-traubensorte?post=41816"},{"taxonomy":"weintyp_tax","embeddable":true,"href":"https:\/\/cantinadelmulino.ch\/fr\/wp-json\/wp\/v2\/weintyp_tax?post=41816"},{"taxonomy":"subskription","embeddable":true,"href":"https:\/\/cantinadelmulino.ch\/fr\/wp-json\/wp\/v2\/subskription?post=41816"}],"curies":[{"name":"wp","href":"https:\/\/api.w.org\/{rel}","templated":true}]}}