{"id":41876,"date":"2026-04-15T01:26:51","date_gmt":"2026-04-15T00:26:51","guid":{"rendered":"https:\/\/cantinadelmulino.ch\/product\/rose-de-saignee-extra-brut-premier-cru-champagne-a-c-larmandier-bernier-75cl-mousseux-2\/"},"modified":"2026-04-15T01:26:53","modified_gmt":"2026-04-15T00:26:53","slug":"rose-de-saignee-extra-brut-premier-cru-champagne-a-c-larmandier-bernier-75cl-mousseux","status":"publish","type":"product","link":"https:\/\/cantinadelmulino.ch\/fr\/produit\/rose-de-saignee-extra-brut-premier-cru-champagne-a-c-larmandier-bernier-75cl-mousseux\/","title":{"rendered":"Ros\u00e9 de saign\u00e9e extra-brut, Premier Cru Champagne A.C. |  | Larmandier-Bernier | 75cl | mousseux"},"content":{"rendered":"<p>Ros\u00e9 de saign\u00e9e extra-brut, Premier Cru Champagne A.C. , France,\u00a0 Champagne, , mousseux, Pinot noir, Pinot gris, 75cl, , , 75cl, Tr\u00fcffel, G\u00e4nsestopfleber, wilder Lachs, Suppe von roten Fr\u00fcchten,\u00a0 99<\/p>\n","protected":false},"excerpt":{"rendered":"<p>Ros\u00e9 de saign\u00e9e extra-brut, Premier Cru Champagne A.C. , France, Champagne, Larmandier-Bernier, Larmandier-Bernier, Pinot noir, Pinot gris, Pinot noir, Pinot gris<\/p>\n","protected":false},"featured_media":0,"comment_status":"closed","ping_status":"closed","template":"","meta":{"_acf_changed":false},"product_brand":[],"product_cat":[17],"product_tag":[],"enthaltene-traubensorte":[1622,1543],"weintyp_tax":[2117],"subskription":[],"class_list":{"0":"post-41876","1":"product","2":"type-product","3":"status-publish","5":"product_cat-uncategorized","6":"enthaltene-traubensorte-pinot-gris","7":"enthaltene-traubensorte-pinot-noir","8":"weintyp_tax-mousseux","10":"first","11":"instock","12":"taxable","13":"shipping-taxable","14":"purchasable","15":"product-type-simple"},"acf":[],"publishpress_future_workflow_manual_trigger":{"enabledWorkflows":[]},"_links":{"self":[{"href":"https:\/\/cantinadelmulino.ch\/fr\/wp-json\/wp\/v2\/product\/41876","targetHints":{"allow":["GET"]}}],"collection":[{"href":"https:\/\/cantinadelmulino.ch\/fr\/wp-json\/wp\/v2\/product"}],"about":[{"href":"https:\/\/cantinadelmulino.ch\/fr\/wp-json\/wp\/v2\/types\/product"}],"replies":[{"embeddable":true,"href":"https:\/\/cantinadelmulino.ch\/fr\/wp-json\/wp\/v2\/comments?post=41876"}],"wp:attachment":[{"href":"https:\/\/cantinadelmulino.ch\/fr\/wp-json\/wp\/v2\/media?parent=41876"}],"wp:term":[{"taxonomy":"product_brand","embeddable":true,"href":"https:\/\/cantinadelmulino.ch\/fr\/wp-json\/wp\/v2\/product_brand?post=41876"},{"taxonomy":"product_cat","embeddable":true,"href":"https:\/\/cantinadelmulino.ch\/fr\/wp-json\/wp\/v2\/product_cat?post=41876"},{"taxonomy":"product_tag","embeddable":true,"href":"https:\/\/cantinadelmulino.ch\/fr\/wp-json\/wp\/v2\/product_tag?post=41876"},{"taxonomy":"enthaltene-traubensorte","embeddable":true,"href":"https:\/\/cantinadelmulino.ch\/fr\/wp-json\/wp\/v2\/enthaltene-traubensorte?post=41876"},{"taxonomy":"weintyp_tax","embeddable":true,"href":"https:\/\/cantinadelmulino.ch\/fr\/wp-json\/wp\/v2\/weintyp_tax?post=41876"},{"taxonomy":"subskription","embeddable":true,"href":"https:\/\/cantinadelmulino.ch\/fr\/wp-json\/wp\/v2\/subskription?post=41876"}],"curies":[{"name":"wp","href":"https:\/\/api.w.org\/{rel}","templated":true}]}}