{"id":41878,"date":"2026-04-15T01:26:51","date_gmt":"2026-04-15T00:26:51","guid":{"rendered":"https:\/\/cantinadelmulino.ch\/product\/grand-cru-extra-brut-vieille-vigne-du-levant-champagne-a-c-2014-larmandier-bernier-75cl-mousseux\/"},"modified":"2026-04-15T01:26:54","modified_gmt":"2026-04-15T00:26:54","slug":"grand-cru-extra-brut-vieille-vigne-du-levant-champagne-a-c-2014-larmandier-bernier-75cl-mousseux","status":"publish","type":"product","link":"https:\/\/cantinadelmulino.ch\/fr\/produit\/grand-cru-extra-brut-vieille-vigne-du-levant-champagne-a-c-2014-larmandier-bernier-75cl-mousseux\/","title":{"rendered":"Grand Cru Extra Brut Vieille Vigne du Levant Champagne A.C. | 2014 | Larmandier-Bernier | 75cl | mousseux"},"content":{"rendered":"<p>Grand Cru Extra Brut Vieille Vigne du Levant Champagne A.C. 2014, France,\u00a0 Champagne, , mousseux, Chardonnay, 75cl, 2014, , 75cl, Ap\u00e9ritif, G\u00e4nsestopfleber, wilder Lachs, Gefl\u00fcgel,\u00a0 144<\/p>\n","protected":false},"excerpt":{"rendered":"<p>Grand Cru Extra Brut Vieille Vigne du Levant Champagne A.C. 2014, France, Champagne, Larmandier-Bernier, Larmandier-Bernier, Chardonnay, Chardonnay<\/p>\n","protected":false},"featured_media":0,"comment_status":"closed","ping_status":"closed","template":"","meta":{"_acf_changed":false},"product_brand":[],"product_cat":[17],"product_tag":[],"enthaltene-traubensorte":[1562],"weintyp_tax":[2117],"subskription":[],"class_list":{"0":"post-41878","1":"product","2":"type-product","3":"status-publish","5":"product_cat-uncategorized","6":"enthaltene-traubensorte-chardonnay","7":"weintyp_tax-mousseux","9":"first","10":"instock","11":"taxable","12":"shipping-taxable","13":"purchasable","14":"product-type-simple"},"acf":[],"publishpress_future_workflow_manual_trigger":{"enabledWorkflows":[]},"_links":{"self":[{"href":"https:\/\/cantinadelmulino.ch\/fr\/wp-json\/wp\/v2\/product\/41878","targetHints":{"allow":["GET"]}}],"collection":[{"href":"https:\/\/cantinadelmulino.ch\/fr\/wp-json\/wp\/v2\/product"}],"about":[{"href":"https:\/\/cantinadelmulino.ch\/fr\/wp-json\/wp\/v2\/types\/product"}],"replies":[{"embeddable":true,"href":"https:\/\/cantinadelmulino.ch\/fr\/wp-json\/wp\/v2\/comments?post=41878"}],"wp:attachment":[{"href":"https:\/\/cantinadelmulino.ch\/fr\/wp-json\/wp\/v2\/media?parent=41878"}],"wp:term":[{"taxonomy":"product_brand","embeddable":true,"href":"https:\/\/cantinadelmulino.ch\/fr\/wp-json\/wp\/v2\/product_brand?post=41878"},{"taxonomy":"product_cat","embeddable":true,"href":"https:\/\/cantinadelmulino.ch\/fr\/wp-json\/wp\/v2\/product_cat?post=41878"},{"taxonomy":"product_tag","embeddable":true,"href":"https:\/\/cantinadelmulino.ch\/fr\/wp-json\/wp\/v2\/product_tag?post=41878"},{"taxonomy":"enthaltene-traubensorte","embeddable":true,"href":"https:\/\/cantinadelmulino.ch\/fr\/wp-json\/wp\/v2\/enthaltene-traubensorte?post=41878"},{"taxonomy":"weintyp_tax","embeddable":true,"href":"https:\/\/cantinadelmulino.ch\/fr\/wp-json\/wp\/v2\/weintyp_tax?post=41878"},{"taxonomy":"subskription","embeddable":true,"href":"https:\/\/cantinadelmulino.ch\/fr\/wp-json\/wp\/v2\/subskription?post=41878"}],"curies":[{"name":"wp","href":"https:\/\/api.w.org\/{rel}","templated":true}]}}