{"id":41992,"date":"2026-04-08T01:22:49","date_gmt":"2026-04-08T00:22:49","guid":{"rendered":"https:\/\/cantinadelmulino.ch\/product\/peroline-cote-rotie-a-c-2021-vignobles-levet-75cl-vin-rouge\/"},"modified":"2026-04-08T01:22:53","modified_gmt":"2026-04-08T00:22:53","slug":"peroline-cote-rotie-a-c-2021-vignobles-levet-75cl-vin-rouge","status":"publish","type":"product","link":"https:\/\/cantinadelmulino.ch\/fr\/produit\/peroline-cote-rotie-a-c-2021-vignobles-levet-75cl-vin-rouge\/","title":{"rendered":"P\u00e9roline C\u00f4te-R\u00f4tie A.C. | 2021 | Vignobles Levet | 75cl | vin rouge"},"content":{"rendered":"<p>P\u00e9roline C\u00f4te-R\u00f4tie A.C. 2021, France,\u00a0 Rh\u00f4ne, , vin rouge, Petite Serine (vieille vari\u00e9t\u00e9 de Syrah), 75cl, 2021, , 75cl, Filet mignon im Teig, C\u00f4te de Boeuf,\u00a0 77.4<\/p>\n","protected":false},"excerpt":{"rendered":"<p>P\u00e9roline C\u00f4te-R\u00f4tie A.C. 2021, France, Rh\u00f4ne, Vignobles Levet, Vignobles Levet, Petite Serine (vieille vari\u00e9t\u00e9 de Syrah), Petite Serine (vieille vari\u00e9t\u00e9 de Syrah)<\/p>\n","protected":false},"featured_media":0,"comment_status":"closed","ping_status":"closed","template":"","meta":{"_acf_changed":false},"product_brand":[],"product_cat":[17],"product_tag":[],"enthaltene-traubensorte":[1595],"weintyp_tax":[2115],"subskription":[],"class_list":{"0":"post-41992","1":"product","2":"type-product","3":"status-publish","5":"product_cat-uncategorized","6":"enthaltene-traubensorte-petite-serine-vieille-variete-de-syrah","7":"weintyp_tax-vin-rouge","9":"first","10":"instock","11":"taxable","12":"shipping-taxable","13":"purchasable","14":"product-type-simple"},"acf":[],"publishpress_future_workflow_manual_trigger":{"enabledWorkflows":[]},"_links":{"self":[{"href":"https:\/\/cantinadelmulino.ch\/fr\/wp-json\/wp\/v2\/product\/41992","targetHints":{"allow":["GET"]}}],"collection":[{"href":"https:\/\/cantinadelmulino.ch\/fr\/wp-json\/wp\/v2\/product"}],"about":[{"href":"https:\/\/cantinadelmulino.ch\/fr\/wp-json\/wp\/v2\/types\/product"}],"replies":[{"embeddable":true,"href":"https:\/\/cantinadelmulino.ch\/fr\/wp-json\/wp\/v2\/comments?post=41992"}],"wp:attachment":[{"href":"https:\/\/cantinadelmulino.ch\/fr\/wp-json\/wp\/v2\/media?parent=41992"}],"wp:term":[{"taxonomy":"product_brand","embeddable":true,"href":"https:\/\/cantinadelmulino.ch\/fr\/wp-json\/wp\/v2\/product_brand?post=41992"},{"taxonomy":"product_cat","embeddable":true,"href":"https:\/\/cantinadelmulino.ch\/fr\/wp-json\/wp\/v2\/product_cat?post=41992"},{"taxonomy":"product_tag","embeddable":true,"href":"https:\/\/cantinadelmulino.ch\/fr\/wp-json\/wp\/v2\/product_tag?post=41992"},{"taxonomy":"enthaltene-traubensorte","embeddable":true,"href":"https:\/\/cantinadelmulino.ch\/fr\/wp-json\/wp\/v2\/enthaltene-traubensorte?post=41992"},{"taxonomy":"weintyp_tax","embeddable":true,"href":"https:\/\/cantinadelmulino.ch\/fr\/wp-json\/wp\/v2\/weintyp_tax?post=41992"},{"taxonomy":"subskription","embeddable":true,"href":"https:\/\/cantinadelmulino.ch\/fr\/wp-json\/wp\/v2\/subskription?post=41992"}],"curies":[{"name":"wp","href":"https:\/\/api.w.org\/{rel}","templated":true}]}}