{"id":42000,"date":"2026-04-01T01:18:48","date_gmt":"2026-04-01T00:18:48","guid":{"rendered":"https:\/\/cantinadelmulino.ch\/product\/sainte-radegonde-bordeaux-superieur-a-c-2020-chateau-jean-faux-300cl-vin-rouge\/"},"modified":"2026-04-01T01:18:50","modified_gmt":"2026-04-01T00:18:50","slug":"sainte-radegonde-bordeaux-superieur-a-c-2020-chateau-jean-faux-300cl-vin-rouge","status":"publish","type":"product","link":"https:\/\/cantinadelmulino.ch\/fr\/produit\/sainte-radegonde-bordeaux-superieur-a-c-2020-chateau-jean-faux-300cl-vin-rouge\/","title":{"rendered":"Sainte Radegonde Bordeaux sup\u00e9rieur A.C. | 2020 | Ch\u00e2teau Jean Faux | 300cl | vin rouge"},"content":{"rendered":"<p>Sainte Radegonde Bordeaux sup\u00e9rieur A.C. 2020, France,\u00a0 Bordeaux, , vin rouge, Merlot 80%, Cabernet franc 20%, 300cl, 2020, 14.5%, 300cl, ,\u00a0 162<\/p>\n","protected":false},"excerpt":{"rendered":"<p>Sainte Radegonde Bordeaux sup\u00e9rieur A.C. 2020, France, Bordeaux, Ch\u00e2teau Jean Faux, Ch\u00e2teau Jean Faux, Merlot 80%, Cabernet franc 20%, Merlot 80%, Cabernet franc 20%<\/p>\n","protected":false},"featured_media":0,"comment_status":"closed","ping_status":"closed","template":"","meta":{"_acf_changed":false},"product_brand":[],"product_cat":[17],"product_tag":[],"enthaltene-traubensorte":[1549,1548],"weintyp_tax":[2115],"subskription":[],"class_list":{"0":"post-42000","1":"product","2":"type-product","3":"status-publish","5":"product_cat-uncategorized","6":"enthaltene-traubensorte-cabernet-franc","7":"enthaltene-traubensorte-merlot","8":"weintyp_tax-vin-rouge","10":"first","11":"instock","12":"taxable","13":"shipping-taxable","14":"purchasable","15":"product-type-simple"},"acf":[],"publishpress_future_workflow_manual_trigger":{"enabledWorkflows":[]},"_links":{"self":[{"href":"https:\/\/cantinadelmulino.ch\/fr\/wp-json\/wp\/v2\/product\/42000","targetHints":{"allow":["GET"]}}],"collection":[{"href":"https:\/\/cantinadelmulino.ch\/fr\/wp-json\/wp\/v2\/product"}],"about":[{"href":"https:\/\/cantinadelmulino.ch\/fr\/wp-json\/wp\/v2\/types\/product"}],"replies":[{"embeddable":true,"href":"https:\/\/cantinadelmulino.ch\/fr\/wp-json\/wp\/v2\/comments?post=42000"}],"wp:attachment":[{"href":"https:\/\/cantinadelmulino.ch\/fr\/wp-json\/wp\/v2\/media?parent=42000"}],"wp:term":[{"taxonomy":"product_brand","embeddable":true,"href":"https:\/\/cantinadelmulino.ch\/fr\/wp-json\/wp\/v2\/product_brand?post=42000"},{"taxonomy":"product_cat","embeddable":true,"href":"https:\/\/cantinadelmulino.ch\/fr\/wp-json\/wp\/v2\/product_cat?post=42000"},{"taxonomy":"product_tag","embeddable":true,"href":"https:\/\/cantinadelmulino.ch\/fr\/wp-json\/wp\/v2\/product_tag?post=42000"},{"taxonomy":"enthaltene-traubensorte","embeddable":true,"href":"https:\/\/cantinadelmulino.ch\/fr\/wp-json\/wp\/v2\/enthaltene-traubensorte?post=42000"},{"taxonomy":"weintyp_tax","embeddable":true,"href":"https:\/\/cantinadelmulino.ch\/fr\/wp-json\/wp\/v2\/weintyp_tax?post=42000"},{"taxonomy":"subskription","embeddable":true,"href":"https:\/\/cantinadelmulino.ch\/fr\/wp-json\/wp\/v2\/subskription?post=42000"}],"curies":[{"name":"wp","href":"https:\/\/api.w.org\/{rel}","templated":true}]}}