{"id":42151,"date":"2026-04-08T01:22:54","date_gmt":"2026-04-08T00:22:54","guid":{"rendered":"https:\/\/cantinadelmulino.ch\/product\/grain-cinq-valais-aoc-2023-marie-therese-chappaz-75cl-vin-blanc\/"},"modified":"2026-04-08T01:22:59","modified_gmt":"2026-04-08T00:22:59","slug":"grain-cinq-valais-aoc-2023-marie-therese-chappaz-75cl-vin-blanc","status":"publish","type":"product","link":"https:\/\/cantinadelmulino.ch\/fr\/produit\/grain-cinq-valais-aoc-2023-marie-therese-chappaz-75cl-vin-blanc\/","title":{"rendered":"Grain cinq Valais AOC | 2023 | Marie-Th\u00e9r\u00e8se Chappaz | 75cl | vin blanc"},"content":{"rendered":"<p>Grain cinq Valais AOC 2023, Schweiz\/Suisse,\u00a0 Valais\/Wallis, , vin blanc, Pinot blanc, Pa\u00efen, Sylvaner, Petite Arvine, Marsanne, 75cl, 2023, 14.2%, 75cl, Salzige Cr\u00e8pes, Blinis und Kaviar, Hummer, kr\u00e4ftiger K\u00e4se,\u00a0 57.6<\/p>\n","protected":false},"excerpt":{"rendered":"<p>Grain cinq Valais AOC 2023, Schweiz\/Suisse, Valais\/Wallis, Marie-Th\u00e9r\u00e8se Chappaz, Marie-Th\u00e9r\u00e8se Chappaz, Pinot blanc, Pa\u00efen, Sylvaner, Petite Arvine, Marsanne, Pinot blanc, Pa\u00efen, Sylvaner, Petite Arvine, Marsanne<\/p>\n","protected":false},"featured_media":0,"comment_status":"closed","ping_status":"closed","template":"","meta":{"_acf_changed":false},"product_brand":[],"product_cat":[17],"product_tag":[],"enthaltene-traubensorte":[1559,1677,1676,1743,1679],"weintyp_tax":[2116],"subskription":[],"class_list":{"0":"post-42151","1":"product","2":"type-product","3":"status-publish","5":"product_cat-uncategorized","6":"enthaltene-traubensorte-marsanne","7":"enthaltene-traubensorte-paien","8":"enthaltene-traubensorte-petite-arvine","9":"enthaltene-traubensorte-pinot-blanc","10":"enthaltene-traubensorte-sylvaner","11":"weintyp_tax-vin-blanc","13":"first","14":"instock","15":"taxable","16":"shipping-taxable","17":"purchasable","18":"product-type-simple"},"acf":[],"publishpress_future_workflow_manual_trigger":{"enabledWorkflows":[]},"_links":{"self":[{"href":"https:\/\/cantinadelmulino.ch\/fr\/wp-json\/wp\/v2\/product\/42151","targetHints":{"allow":["GET"]}}],"collection":[{"href":"https:\/\/cantinadelmulino.ch\/fr\/wp-json\/wp\/v2\/product"}],"about":[{"href":"https:\/\/cantinadelmulino.ch\/fr\/wp-json\/wp\/v2\/types\/product"}],"replies":[{"embeddable":true,"href":"https:\/\/cantinadelmulino.ch\/fr\/wp-json\/wp\/v2\/comments?post=42151"}],"wp:attachment":[{"href":"https:\/\/cantinadelmulino.ch\/fr\/wp-json\/wp\/v2\/media?parent=42151"}],"wp:term":[{"taxonomy":"product_brand","embeddable":true,"href":"https:\/\/cantinadelmulino.ch\/fr\/wp-json\/wp\/v2\/product_brand?post=42151"},{"taxonomy":"product_cat","embeddable":true,"href":"https:\/\/cantinadelmulino.ch\/fr\/wp-json\/wp\/v2\/product_cat?post=42151"},{"taxonomy":"product_tag","embeddable":true,"href":"https:\/\/cantinadelmulino.ch\/fr\/wp-json\/wp\/v2\/product_tag?post=42151"},{"taxonomy":"enthaltene-traubensorte","embeddable":true,"href":"https:\/\/cantinadelmulino.ch\/fr\/wp-json\/wp\/v2\/enthaltene-traubensorte?post=42151"},{"taxonomy":"weintyp_tax","embeddable":true,"href":"https:\/\/cantinadelmulino.ch\/fr\/wp-json\/wp\/v2\/weintyp_tax?post=42151"},{"taxonomy":"subskription","embeddable":true,"href":"https:\/\/cantinadelmulino.ch\/fr\/wp-json\/wp\/v2\/subskription?post=42151"}],"curies":[{"name":"wp","href":"https:\/\/api.w.org\/{rel}","templated":true}]}}