{"id":42157,"date":"2026-04-15T01:28:10","date_gmt":"2026-04-15T00:28:10","guid":{"rendered":"https:\/\/cantinadelmulino.ch\/product\/grain-noir-la-liaudisaz-valais-aoc-2023-marie-therese-chappaz-150cl-vin-rouge\/"},"modified":"2026-04-15T01:28:12","modified_gmt":"2026-04-15T00:28:12","slug":"grain-noir-la-liaudisaz-valais-aoc-2023-marie-therese-chappaz-150cl-vin-rouge","status":"publish","type":"product","link":"https:\/\/cantinadelmulino.ch\/fr\/produit\/grain-noir-la-liaudisaz-valais-aoc-2023-marie-therese-chappaz-150cl-vin-rouge\/","title":{"rendered":"Grain noir la Liaudisaz Valais AOC | 2023 | Marie-Th\u00e9r\u00e8se Chappaz | 150cl | vin rouge"},"content":{"rendered":"<p>Grain noir la Liaudisaz Valais AOC 2023, Schweiz\/Suisse,\u00a0 Valais\/Wallis, , vin rouge, Cabernet Sauvignon, Cabernet Franc, Merlot, 150cl, 2023, 13.8%, 150cl, W\u00e4hrschafte Kost, Kaninchen, Gigot,\u00a0 120.6<\/p>\n","protected":false},"excerpt":{"rendered":"<p>Grain noir la Liaudisaz Valais AOC 2023, Schweiz\/Suisse, Valais\/Wallis, Marie-Th\u00e9r\u00e8se Chappaz, Marie-Th\u00e9r\u00e8se Chappaz, Cabernet Sauvignon, Cabernet Franc, Merlot, Cabernet Sauvignon, Cabernet Franc, Merlot<\/p>\n","protected":false},"featured_media":0,"comment_status":"closed","ping_status":"closed","template":"","meta":{"_acf_changed":false},"product_brand":[],"product_cat":[17],"product_tag":[],"enthaltene-traubensorte":[1549,1550,1548],"weintyp_tax":[2115],"subskription":[],"class_list":{"0":"post-42157","1":"product","2":"type-product","3":"status-publish","5":"product_cat-uncategorized","6":"enthaltene-traubensorte-cabernet-franc","7":"enthaltene-traubensorte-cabernet-sauvignon","8":"enthaltene-traubensorte-merlot","9":"weintyp_tax-vin-rouge","11":"first","12":"instock","13":"taxable","14":"shipping-taxable","15":"purchasable","16":"product-type-simple"},"acf":[],"publishpress_future_workflow_manual_trigger":{"enabledWorkflows":[]},"_links":{"self":[{"href":"https:\/\/cantinadelmulino.ch\/fr\/wp-json\/wp\/v2\/product\/42157","targetHints":{"allow":["GET"]}}],"collection":[{"href":"https:\/\/cantinadelmulino.ch\/fr\/wp-json\/wp\/v2\/product"}],"about":[{"href":"https:\/\/cantinadelmulino.ch\/fr\/wp-json\/wp\/v2\/types\/product"}],"replies":[{"embeddable":true,"href":"https:\/\/cantinadelmulino.ch\/fr\/wp-json\/wp\/v2\/comments?post=42157"}],"wp:attachment":[{"href":"https:\/\/cantinadelmulino.ch\/fr\/wp-json\/wp\/v2\/media?parent=42157"}],"wp:term":[{"taxonomy":"product_brand","embeddable":true,"href":"https:\/\/cantinadelmulino.ch\/fr\/wp-json\/wp\/v2\/product_brand?post=42157"},{"taxonomy":"product_cat","embeddable":true,"href":"https:\/\/cantinadelmulino.ch\/fr\/wp-json\/wp\/v2\/product_cat?post=42157"},{"taxonomy":"product_tag","embeddable":true,"href":"https:\/\/cantinadelmulino.ch\/fr\/wp-json\/wp\/v2\/product_tag?post=42157"},{"taxonomy":"enthaltene-traubensorte","embeddable":true,"href":"https:\/\/cantinadelmulino.ch\/fr\/wp-json\/wp\/v2\/enthaltene-traubensorte?post=42157"},{"taxonomy":"weintyp_tax","embeddable":true,"href":"https:\/\/cantinadelmulino.ch\/fr\/wp-json\/wp\/v2\/weintyp_tax?post=42157"},{"taxonomy":"subskription","embeddable":true,"href":"https:\/\/cantinadelmulino.ch\/fr\/wp-json\/wp\/v2\/subskription?post=42157"}],"curies":[{"name":"wp","href":"https:\/\/api.w.org\/{rel}","templated":true}]}}