{"id":42313,"date":"2026-04-15T01:28:29","date_gmt":"2026-04-15T00:28:29","guid":{"rendered":"https:\/\/cantinadelmulino.ch\/product\/mehari-geneve-aoc-2023-domaine-du-chambet-75cl-rose\/"},"modified":"2026-04-15T01:28:29","modified_gmt":"2026-04-15T00:28:29","slug":"mehari-geneve-aoc-2023-domaine-du-chambet-75cl-rose","status":"publish","type":"product","link":"https:\/\/cantinadelmulino.ch\/fr\/produit\/mehari-geneve-aoc-2023-domaine-du-chambet-75cl-rose\/","title":{"rendered":"M\u00e9hari Gen\u00e8ve AOC | 2023 | Domaine du Chambet | 75cl | ros\u00e9"},"content":{"rendered":"<p>M\u00e9hari Gen\u00e8ve AOC 2023, Schweiz\/Suisse,\u00a0 Gen\u00e8ve, , ros\u00e9, Garanoir, Pinot Noir, Gamay, 75cl, 2023, 11.5%, 75cl, Ap\u00e9ro,\u00a0 14.85<\/p>\n","protected":false},"excerpt":{"rendered":"<p>M\u00e9hari Gen\u00e8ve AOC 2023, Schweiz\/Suisse, Gen\u00e8ve, Domaine du Chambet, Domaine du Chambet, Garanoir, Pinot Noir, Gamay, Garanoir, Pinot Noir, Gamay<\/p>\n","protected":false},"featured_media":0,"comment_status":"closed","ping_status":"closed","template":"","meta":{"_acf_changed":false},"product_brand":[],"product_cat":[17],"product_tag":[],"enthaltene-traubensorte":[1613,1583,1543],"weintyp_tax":[2113],"subskription":[],"class_list":{"0":"post-42313","1":"product","2":"type-product","3":"status-publish","5":"product_cat-uncategorized","6":"enthaltene-traubensorte-gamay","7":"enthaltene-traubensorte-garanoir","8":"enthaltene-traubensorte-pinot-noir","9":"weintyp_tax-rose","11":"first","12":"instock","13":"taxable","14":"shipping-taxable","15":"purchasable","16":"product-type-simple"},"acf":[],"publishpress_future_workflow_manual_trigger":{"enabledWorkflows":[]},"_links":{"self":[{"href":"https:\/\/cantinadelmulino.ch\/fr\/wp-json\/wp\/v2\/product\/42313","targetHints":{"allow":["GET"]}}],"collection":[{"href":"https:\/\/cantinadelmulino.ch\/fr\/wp-json\/wp\/v2\/product"}],"about":[{"href":"https:\/\/cantinadelmulino.ch\/fr\/wp-json\/wp\/v2\/types\/product"}],"replies":[{"embeddable":true,"href":"https:\/\/cantinadelmulino.ch\/fr\/wp-json\/wp\/v2\/comments?post=42313"}],"wp:attachment":[{"href":"https:\/\/cantinadelmulino.ch\/fr\/wp-json\/wp\/v2\/media?parent=42313"}],"wp:term":[{"taxonomy":"product_brand","embeddable":true,"href":"https:\/\/cantinadelmulino.ch\/fr\/wp-json\/wp\/v2\/product_brand?post=42313"},{"taxonomy":"product_cat","embeddable":true,"href":"https:\/\/cantinadelmulino.ch\/fr\/wp-json\/wp\/v2\/product_cat?post=42313"},{"taxonomy":"product_tag","embeddable":true,"href":"https:\/\/cantinadelmulino.ch\/fr\/wp-json\/wp\/v2\/product_tag?post=42313"},{"taxonomy":"enthaltene-traubensorte","embeddable":true,"href":"https:\/\/cantinadelmulino.ch\/fr\/wp-json\/wp\/v2\/enthaltene-traubensorte?post=42313"},{"taxonomy":"weintyp_tax","embeddable":true,"href":"https:\/\/cantinadelmulino.ch\/fr\/wp-json\/wp\/v2\/weintyp_tax?post=42313"},{"taxonomy":"subskription","embeddable":true,"href":"https:\/\/cantinadelmulino.ch\/fr\/wp-json\/wp\/v2\/subskription?post=42313"}],"curies":[{"name":"wp","href":"https:\/\/api.w.org\/{rel}","templated":true}]}}