{"id":42317,"date":"2026-04-15T01:28:29","date_gmt":"2026-04-15T00:28:29","guid":{"rendered":"https:\/\/cantinadelmulino.ch\/product\/finca-la-nava-ribera-del-duero-do-2018-bodegas-y-vinedos-gallego-zapatero-75cl-vin-rouge\/"},"modified":"2026-04-15T01:28:30","modified_gmt":"2026-04-15T00:28:30","slug":"finca-la-nava-ribera-del-duero-do-2018-bodegas-y-vinedos-gallego-zapatero-75cl-vin-rouge","status":"publish","type":"product","link":"https:\/\/cantinadelmulino.ch\/fr\/produit\/finca-la-nava-ribera-del-duero-do-2018-bodegas-y-vinedos-gallego-zapatero-75cl-vin-rouge\/","title":{"rendered":"Finca la Nava Ribera del Duero DO | 2018 | Bodegas y Vi\u00f1edos Gallego Zapatero | 75cl | vin rouge"},"content":{"rendered":"<p>Finca la Nava Ribera del Duero DO 2018, Espa\u00f1a,\u00a0 Ribera del Duero, , vin rouge, Tinta del Pa\u00eds \/ Tempranillo, 75cl, 2018, , 75cl, Rindsfilet Wellington, Wildschwein am Spiess, Lamm, reifer Hartk\u00e4se,\u00a0 32.4<\/p>\n","protected":false},"excerpt":{"rendered":"<p>Finca la Nava Ribera del Duero DO 2018, Espa\u00f1a, Ribera del Duero, Bodegas y Vi\u00f1edos Gallego Zapatero, Bodegas y Vi\u00f1edos Gallego Zapatero, Tinta del Pa\u00eds \/ Tempranillo, Tinta del Pa\u00eds \/ Tempranillo<\/p>\n","protected":false},"featured_media":0,"comment_status":"closed","ping_status":"closed","template":"","meta":{"_acf_changed":false},"product_brand":[],"product_cat":[17],"product_tag":[],"enthaltene-traubensorte":[1565],"weintyp_tax":[2115],"subskription":[],"class_list":{"0":"post-42317","1":"product","2":"type-product","3":"status-publish","5":"product_cat-uncategorized","6":"enthaltene-traubensorte-tinta-del-pais-tempranillo","7":"weintyp_tax-vin-rouge","9":"first","10":"instock","11":"taxable","12":"shipping-taxable","13":"purchasable","14":"product-type-simple"},"acf":[],"publishpress_future_workflow_manual_trigger":{"enabledWorkflows":[]},"_links":{"self":[{"href":"https:\/\/cantinadelmulino.ch\/fr\/wp-json\/wp\/v2\/product\/42317","targetHints":{"allow":["GET"]}}],"collection":[{"href":"https:\/\/cantinadelmulino.ch\/fr\/wp-json\/wp\/v2\/product"}],"about":[{"href":"https:\/\/cantinadelmulino.ch\/fr\/wp-json\/wp\/v2\/types\/product"}],"replies":[{"embeddable":true,"href":"https:\/\/cantinadelmulino.ch\/fr\/wp-json\/wp\/v2\/comments?post=42317"}],"wp:attachment":[{"href":"https:\/\/cantinadelmulino.ch\/fr\/wp-json\/wp\/v2\/media?parent=42317"}],"wp:term":[{"taxonomy":"product_brand","embeddable":true,"href":"https:\/\/cantinadelmulino.ch\/fr\/wp-json\/wp\/v2\/product_brand?post=42317"},{"taxonomy":"product_cat","embeddable":true,"href":"https:\/\/cantinadelmulino.ch\/fr\/wp-json\/wp\/v2\/product_cat?post=42317"},{"taxonomy":"product_tag","embeddable":true,"href":"https:\/\/cantinadelmulino.ch\/fr\/wp-json\/wp\/v2\/product_tag?post=42317"},{"taxonomy":"enthaltene-traubensorte","embeddable":true,"href":"https:\/\/cantinadelmulino.ch\/fr\/wp-json\/wp\/v2\/enthaltene-traubensorte?post=42317"},{"taxonomy":"weintyp_tax","embeddable":true,"href":"https:\/\/cantinadelmulino.ch\/fr\/wp-json\/wp\/v2\/weintyp_tax?post=42317"},{"taxonomy":"subskription","embeddable":true,"href":"https:\/\/cantinadelmulino.ch\/fr\/wp-json\/wp\/v2\/subskription?post=42317"}],"curies":[{"name":"wp","href":"https:\/\/api.w.org\/{rel}","templated":true}]}}