{"id":42318,"date":"2026-04-08T01:23:16","date_gmt":"2026-04-08T00:23:16","guid":{"rendered":"https:\/\/cantinadelmulino.ch\/product\/la-medinette-dezaley-aoc-2012-domaine-louis-bovard-70cl-vin-blanc\/"},"modified":"2026-04-08T01:23:18","modified_gmt":"2026-04-08T00:23:18","slug":"la-medinette-dezaley-aoc-2012-domaine-louis-bovard-70cl-vin-blanc","status":"publish","type":"product","link":"https:\/\/cantinadelmulino.ch\/fr\/produit\/la-medinette-dezaley-aoc-2012-domaine-louis-bovard-70cl-vin-blanc\/","title":{"rendered":"La M\u00e9dinette D\u00e9zaley AOC | 2012 | Domaine Louis Bovard | 70cl | vin blanc"},"content":{"rendered":"<p>La M\u00e9dinette D\u00e9zaley AOC 2012, Schweiz\/Suisse,\u00a0 Vaud, , vin blanc, Chasselas roux, 70cl, 2012, 12.5%, 70cl, Krustentiere, Meeresfische, Weich- und Hartk\u00e4se,\u00a0 77.4<\/p>\n","protected":false},"excerpt":{"rendered":"<p>La M\u00e9dinette D\u00e9zaley AOC 2012, Schweiz\/Suisse, Vaud, Domaine Louis Bovard, Domaine Louis Bovard, Chasselas roux, Chasselas roux<\/p>\n","protected":false},"featured_media":0,"comment_status":"closed","ping_status":"closed","template":"","meta":{"_acf_changed":false},"product_brand":[],"product_cat":[17],"product_tag":[],"enthaltene-traubensorte":[1643],"weintyp_tax":[2116],"subskription":[],"class_list":{"0":"post-42318","1":"product","2":"type-product","3":"status-publish","5":"product_cat-uncategorized","6":"enthaltene-traubensorte-chasselas-roux","7":"weintyp_tax-vin-blanc","9":"first","10":"instock","11":"taxable","12":"shipping-taxable","13":"purchasable","14":"product-type-simple"},"acf":[],"publishpress_future_workflow_manual_trigger":{"enabledWorkflows":[]},"_links":{"self":[{"href":"https:\/\/cantinadelmulino.ch\/fr\/wp-json\/wp\/v2\/product\/42318","targetHints":{"allow":["GET"]}}],"collection":[{"href":"https:\/\/cantinadelmulino.ch\/fr\/wp-json\/wp\/v2\/product"}],"about":[{"href":"https:\/\/cantinadelmulino.ch\/fr\/wp-json\/wp\/v2\/types\/product"}],"replies":[{"embeddable":true,"href":"https:\/\/cantinadelmulino.ch\/fr\/wp-json\/wp\/v2\/comments?post=42318"}],"wp:attachment":[{"href":"https:\/\/cantinadelmulino.ch\/fr\/wp-json\/wp\/v2\/media?parent=42318"}],"wp:term":[{"taxonomy":"product_brand","embeddable":true,"href":"https:\/\/cantinadelmulino.ch\/fr\/wp-json\/wp\/v2\/product_brand?post=42318"},{"taxonomy":"product_cat","embeddable":true,"href":"https:\/\/cantinadelmulino.ch\/fr\/wp-json\/wp\/v2\/product_cat?post=42318"},{"taxonomy":"product_tag","embeddable":true,"href":"https:\/\/cantinadelmulino.ch\/fr\/wp-json\/wp\/v2\/product_tag?post=42318"},{"taxonomy":"enthaltene-traubensorte","embeddable":true,"href":"https:\/\/cantinadelmulino.ch\/fr\/wp-json\/wp\/v2\/enthaltene-traubensorte?post=42318"},{"taxonomy":"weintyp_tax","embeddable":true,"href":"https:\/\/cantinadelmulino.ch\/fr\/wp-json\/wp\/v2\/weintyp_tax?post=42318"},{"taxonomy":"subskription","embeddable":true,"href":"https:\/\/cantinadelmulino.ch\/fr\/wp-json\/wp\/v2\/subskription?post=42318"}],"curies":[{"name":"wp","href":"https:\/\/api.w.org\/{rel}","templated":true}]}}