{"id":42443,"date":"2026-04-08T01:23:57","date_gmt":"2026-04-08T00:23:57","guid":{"rendered":"https:\/\/cantinadelmulino.ch\/product\/tradition-madiran-a-c-2021-domaine-labranche-laffont-75cl-vin-rouge\/"},"modified":"2026-04-08T01:23:57","modified_gmt":"2026-04-08T00:23:57","slug":"tradition-madiran-a-c-2021-domaine-labranche-laffont-75cl-vin-rouge","status":"publish","type":"product","link":"https:\/\/cantinadelmulino.ch\/fr\/produit\/tradition-madiran-a-c-2021-domaine-labranche-laffont-75cl-vin-rouge\/","title":{"rendered":"Tradition Madiran A.C. | 2021 | Domaine Labranche Laffont | 75cl | vin rouge"},"content":{"rendered":"<p>Tradition Madiran A.C. 2021, France,\u00a0 Sud-Ouest, , vin rouge, Tannat 70%, Cabernet Franc 20%, Cabernet Sauvignon 10%, 75cl, 2021, , 75cl, Ap\u00e9ritifs d\u00eenatoires \u00e0 base de tapas (chorizo, lard chorizo ou charcuterie d\u2019une mani\u00e8re plus g\u00e9n\u00e9rale, poivrons). Aperitifs mit Tapas (Chorizo, Chorizo-Speck oder Wurstwaren im Allgemeinen, Paprika).,\u00a0 12.6<\/p>\n","protected":false},"excerpt":{"rendered":"<p>Tradition Madiran A.C. 2021, France, Sud-Ouest, Domaine Labranche Laffont, Domaine Labranche Laffont, Tannat 70%, Cabernet Franc 20%, Cabernet Sauvignon 10%, Tannat 70%, Cabernet Franc 20%, Cabernet Sauvignon 10%<\/p>\n","protected":false},"featured_media":0,"comment_status":"closed","ping_status":"closed","template":"","meta":{"_acf_changed":false},"product_brand":[],"product_cat":[17],"product_tag":[],"enthaltene-traubensorte":[1549,1550,1580],"weintyp_tax":[2115],"subskription":[],"class_list":{"0":"post-42443","1":"product","2":"type-product","3":"status-publish","5":"product_cat-uncategorized","6":"enthaltene-traubensorte-cabernet-franc","7":"enthaltene-traubensorte-cabernet-sauvignon","8":"enthaltene-traubensorte-tannat","9":"weintyp_tax-vin-rouge","11":"first","12":"instock","13":"taxable","14":"shipping-taxable","15":"purchasable","16":"product-type-simple"},"acf":[],"publishpress_future_workflow_manual_trigger":{"enabledWorkflows":[]},"_links":{"self":[{"href":"https:\/\/cantinadelmulino.ch\/fr\/wp-json\/wp\/v2\/product\/42443","targetHints":{"allow":["GET"]}}],"collection":[{"href":"https:\/\/cantinadelmulino.ch\/fr\/wp-json\/wp\/v2\/product"}],"about":[{"href":"https:\/\/cantinadelmulino.ch\/fr\/wp-json\/wp\/v2\/types\/product"}],"replies":[{"embeddable":true,"href":"https:\/\/cantinadelmulino.ch\/fr\/wp-json\/wp\/v2\/comments?post=42443"}],"wp:attachment":[{"href":"https:\/\/cantinadelmulino.ch\/fr\/wp-json\/wp\/v2\/media?parent=42443"}],"wp:term":[{"taxonomy":"product_brand","embeddable":true,"href":"https:\/\/cantinadelmulino.ch\/fr\/wp-json\/wp\/v2\/product_brand?post=42443"},{"taxonomy":"product_cat","embeddable":true,"href":"https:\/\/cantinadelmulino.ch\/fr\/wp-json\/wp\/v2\/product_cat?post=42443"},{"taxonomy":"product_tag","embeddable":true,"href":"https:\/\/cantinadelmulino.ch\/fr\/wp-json\/wp\/v2\/product_tag?post=42443"},{"taxonomy":"enthaltene-traubensorte","embeddable":true,"href":"https:\/\/cantinadelmulino.ch\/fr\/wp-json\/wp\/v2\/enthaltene-traubensorte?post=42443"},{"taxonomy":"weintyp_tax","embeddable":true,"href":"https:\/\/cantinadelmulino.ch\/fr\/wp-json\/wp\/v2\/weintyp_tax?post=42443"},{"taxonomy":"subskription","embeddable":true,"href":"https:\/\/cantinadelmulino.ch\/fr\/wp-json\/wp\/v2\/subskription?post=42443"}],"curies":[{"name":"wp","href":"https:\/\/api.w.org\/{rel}","templated":true}]}}