{"id":42477,"date":"2026-04-08T01:18:41","date_gmt":"2026-04-08T00:18:41","guid":{"rendered":"https:\/\/cantinadelmulino.ch\/product\/blanc-de-noir-brut-vdp-2019-peter-jakob-kuhn-75cl-mousseux\/"},"modified":"2026-04-08T01:18:42","modified_gmt":"2026-04-08T00:18:42","slug":"blanc-de-noir-brut-vdp-2019-peter-jakob-kuhn-75cl-mousseux","status":"publish","type":"product","link":"https:\/\/cantinadelmulino.ch\/fr\/produit\/blanc-de-noir-brut-vdp-2019-peter-jakob-kuhn-75cl-mousseux\/","title":{"rendered":"Blanc de noir brut VDP | 2019 | Peter Jakob K\u00fchn | 75cl | mousseux"},"content":{"rendered":"<p>Blanc de noir brut VDP 2019, Deutschland,\u00a0 Rheingau, , mousseux, Sp\u00e4tburgunder, 75cl, 2019, 12%, 75cl, ,\u00a0 26.1<\/p>\n","protected":false},"excerpt":{"rendered":"<p>Blanc de noir brut VDP 2019, Deutschland, Rheingau, Peter Jakob K\u00fchn, Peter Jakob K\u00fchn, Sp\u00e4tburgunder, Sp\u00e4tburgunder<\/p>\n","protected":false},"featured_media":0,"comment_status":"closed","ping_status":"closed","template":"","meta":{"_acf_changed":false},"product_brand":[],"product_cat":[17],"product_tag":[],"enthaltene-traubensorte":[2155],"weintyp_tax":[2117],"subskription":[],"class_list":{"0":"post-42477","1":"product","2":"type-product","3":"status-publish","5":"product_cat-uncategorized","6":"enthaltene-traubensorte-spaetburgunder","7":"weintyp_tax-mousseux","9":"first","10":"instock","11":"taxable","12":"shipping-taxable","13":"purchasable","14":"product-type-simple"},"acf":[],"publishpress_future_workflow_manual_trigger":{"enabledWorkflows":[]},"_links":{"self":[{"href":"https:\/\/cantinadelmulino.ch\/fr\/wp-json\/wp\/v2\/product\/42477","targetHints":{"allow":["GET"]}}],"collection":[{"href":"https:\/\/cantinadelmulino.ch\/fr\/wp-json\/wp\/v2\/product"}],"about":[{"href":"https:\/\/cantinadelmulino.ch\/fr\/wp-json\/wp\/v2\/types\/product"}],"replies":[{"embeddable":true,"href":"https:\/\/cantinadelmulino.ch\/fr\/wp-json\/wp\/v2\/comments?post=42477"}],"wp:attachment":[{"href":"https:\/\/cantinadelmulino.ch\/fr\/wp-json\/wp\/v2\/media?parent=42477"}],"wp:term":[{"taxonomy":"product_brand","embeddable":true,"href":"https:\/\/cantinadelmulino.ch\/fr\/wp-json\/wp\/v2\/product_brand?post=42477"},{"taxonomy":"product_cat","embeddable":true,"href":"https:\/\/cantinadelmulino.ch\/fr\/wp-json\/wp\/v2\/product_cat?post=42477"},{"taxonomy":"product_tag","embeddable":true,"href":"https:\/\/cantinadelmulino.ch\/fr\/wp-json\/wp\/v2\/product_tag?post=42477"},{"taxonomy":"enthaltene-traubensorte","embeddable":true,"href":"https:\/\/cantinadelmulino.ch\/fr\/wp-json\/wp\/v2\/enthaltene-traubensorte?post=42477"},{"taxonomy":"weintyp_tax","embeddable":true,"href":"https:\/\/cantinadelmulino.ch\/fr\/wp-json\/wp\/v2\/weintyp_tax?post=42477"},{"taxonomy":"subskription","embeddable":true,"href":"https:\/\/cantinadelmulino.ch\/fr\/wp-json\/wp\/v2\/subskription?post=42477"}],"curies":[{"name":"wp","href":"https:\/\/api.w.org\/{rel}","templated":true}]}}