{"id":42731,"date":"2026-04-29T01:23:40","date_gmt":"2026-04-29T00:23:40","guid":{"rendered":"https:\/\/cantinadelmulino.ch\/product\/hegoxuri-irouleguy-a-c-2020-domaine-arretxea-150cl-vin-blanc\/"},"modified":"2026-04-29T01:23:44","modified_gmt":"2026-04-29T00:23:44","slug":"hegoxuri-irouleguy-a-c-2020-domaine-arretxea-150cl-vin-blanc","status":"publish","type":"product","link":"https:\/\/cantinadelmulino.ch\/fr\/produit\/hegoxuri-irouleguy-a-c-2020-domaine-arretxea-150cl-vin-blanc\/","title":{"rendered":"Hegoxuri Iroul\u00e9guy A.C. | 2020 | Domaine Arretxea | 150cl | vin blanc"},"content":{"rendered":"<p>Hegoxuri Iroul\u00e9guy A.C. 2020, France,\u00a0 Sud-Ouest, , vin blanc, Gros Manseng 80%, Petit Manseng 13%, Petit Courbu 7%, 150cl, 2020, 13.5%, 150cl, Exotische Salate, G\u00e4nsestopfleber mi-cuit, Ziegenk\u00e4se, ger\u00e4ucherter Lachs, Krebsterrine, Perlhuhn,\u00a0 61.2<\/p>\n","protected":false},"excerpt":{"rendered":"<p>Hegoxuri Iroul\u00e9guy A.C. 2020, France, Sud-Ouest, Domaine Arretxea, Domaine Arretxea, Gros Manseng 80%, Petit Manseng 13%, Petit Courbu 7%, Gros Manseng 80%, Petit Manseng 13%, Petit Courbu 7%<\/p>\n","protected":false},"featured_media":0,"comment_status":"closed","ping_status":"closed","template":"","meta":{"_acf_changed":false},"product_brand":[],"product_cat":[17],"product_tag":[],"enthaltene-traubensorte":[1566,1568,1567],"weintyp_tax":[2116],"subskription":[],"class_list":{"0":"post-42731","1":"product","2":"type-product","3":"status-publish","5":"product_cat-uncategorized","6":"enthaltene-traubensorte-gros-manseng","7":"enthaltene-traubensorte-petit-courbu","8":"enthaltene-traubensorte-petit-manseng","9":"weintyp_tax-vin-blanc","11":"first","12":"instock","13":"taxable","14":"shipping-taxable","15":"purchasable","16":"product-type-simple"},"acf":[],"publishpress_future_workflow_manual_trigger":{"enabledWorkflows":[]},"_links":{"self":[{"href":"https:\/\/cantinadelmulino.ch\/fr\/wp-json\/wp\/v2\/product\/42731","targetHints":{"allow":["GET"]}}],"collection":[{"href":"https:\/\/cantinadelmulino.ch\/fr\/wp-json\/wp\/v2\/product"}],"about":[{"href":"https:\/\/cantinadelmulino.ch\/fr\/wp-json\/wp\/v2\/types\/product"}],"replies":[{"embeddable":true,"href":"https:\/\/cantinadelmulino.ch\/fr\/wp-json\/wp\/v2\/comments?post=42731"}],"wp:attachment":[{"href":"https:\/\/cantinadelmulino.ch\/fr\/wp-json\/wp\/v2\/media?parent=42731"}],"wp:term":[{"taxonomy":"product_brand","embeddable":true,"href":"https:\/\/cantinadelmulino.ch\/fr\/wp-json\/wp\/v2\/product_brand?post=42731"},{"taxonomy":"product_cat","embeddable":true,"href":"https:\/\/cantinadelmulino.ch\/fr\/wp-json\/wp\/v2\/product_cat?post=42731"},{"taxonomy":"product_tag","embeddable":true,"href":"https:\/\/cantinadelmulino.ch\/fr\/wp-json\/wp\/v2\/product_tag?post=42731"},{"taxonomy":"enthaltene-traubensorte","embeddable":true,"href":"https:\/\/cantinadelmulino.ch\/fr\/wp-json\/wp\/v2\/enthaltene-traubensorte?post=42731"},{"taxonomy":"weintyp_tax","embeddable":true,"href":"https:\/\/cantinadelmulino.ch\/fr\/wp-json\/wp\/v2\/weintyp_tax?post=42731"},{"taxonomy":"subskription","embeddable":true,"href":"https:\/\/cantinadelmulino.ch\/fr\/wp-json\/wp\/v2\/subskription?post=42731"}],"curies":[{"name":"wp","href":"https:\/\/api.w.org\/{rel}","templated":true}]}}