{"id":43078,"date":"2026-05-13T01:22:21","date_gmt":"2026-05-13T00:22:21","guid":{"rendered":"https:\/\/cantinadelmulino.ch\/product\/fontanilles-corbieres-a-c-2022-domaine-des-2-anes-75cl-vin-rouge\/"},"modified":"2026-05-13T01:22:25","modified_gmt":"2026-05-13T00:22:25","slug":"fontanilles-corbieres-a-c-2022-domaine-des-2-anes-75cl-vin-rouge","status":"publish","type":"product","link":"https:\/\/cantinadelmulino.ch\/fr\/produit\/fontanilles-corbieres-a-c-2022-domaine-des-2-anes-75cl-vin-rouge\/","title":{"rendered":"Fontanilles Corbi\u00e8res A.C. | 2022 | Domaine des 2 \u00e2nes | 75cl | vin rouge"},"content":{"rendered":"<p>Fontanilles Corbi\u00e8res A.C. 2022, France,\u00a0 Languedoc, , vin rouge, Carignan 40%, Grenache noir 30%, Syrah 30%, 75cl, 2022, 13%, 75cl, kr\u00e4ftige Alltagsgerichte,\u00a0 14.85<\/p>\n","protected":false},"excerpt":{"rendered":"<p>Fontanilles Corbi\u00e8res A.C. 2022, France, Languedoc, Domaine des 2 \u00e2nes, Domaine des 2 \u00e2nes, Carignan 40%, Grenache noir 30%, Syrah 30%, Carignan 40%, Grenache noir 30%, Syrah 30%<\/p>\n","protected":false},"featured_media":0,"comment_status":"closed","ping_status":"closed","template":"","meta":{"_acf_changed":false},"product_brand":[],"product_cat":[17],"product_tag":[],"enthaltene-traubensorte":[1553,1573,1552],"weintyp_tax":[2115],"subskription":[],"class_list":{"0":"post-43078","1":"product","2":"type-product","3":"status-publish","5":"product_cat-uncategorized","6":"enthaltene-traubensorte-carignan","7":"enthaltene-traubensorte-grenache-noir","8":"enthaltene-traubensorte-syrah","9":"weintyp_tax-vin-rouge","11":"first","12":"instock","13":"taxable","14":"shipping-taxable","15":"purchasable","16":"product-type-simple"},"acf":[],"publishpress_future_workflow_manual_trigger":{"enabledWorkflows":[]},"_links":{"self":[{"href":"https:\/\/cantinadelmulino.ch\/fr\/wp-json\/wp\/v2\/product\/43078","targetHints":{"allow":["GET"]}}],"collection":[{"href":"https:\/\/cantinadelmulino.ch\/fr\/wp-json\/wp\/v2\/product"}],"about":[{"href":"https:\/\/cantinadelmulino.ch\/fr\/wp-json\/wp\/v2\/types\/product"}],"replies":[{"embeddable":true,"href":"https:\/\/cantinadelmulino.ch\/fr\/wp-json\/wp\/v2\/comments?post=43078"}],"wp:attachment":[{"href":"https:\/\/cantinadelmulino.ch\/fr\/wp-json\/wp\/v2\/media?parent=43078"}],"wp:term":[{"taxonomy":"product_brand","embeddable":true,"href":"https:\/\/cantinadelmulino.ch\/fr\/wp-json\/wp\/v2\/product_brand?post=43078"},{"taxonomy":"product_cat","embeddable":true,"href":"https:\/\/cantinadelmulino.ch\/fr\/wp-json\/wp\/v2\/product_cat?post=43078"},{"taxonomy":"product_tag","embeddable":true,"href":"https:\/\/cantinadelmulino.ch\/fr\/wp-json\/wp\/v2\/product_tag?post=43078"},{"taxonomy":"enthaltene-traubensorte","embeddable":true,"href":"https:\/\/cantinadelmulino.ch\/fr\/wp-json\/wp\/v2\/enthaltene-traubensorte?post=43078"},{"taxonomy":"weintyp_tax","embeddable":true,"href":"https:\/\/cantinadelmulino.ch\/fr\/wp-json\/wp\/v2\/weintyp_tax?post=43078"},{"taxonomy":"subskription","embeddable":true,"href":"https:\/\/cantinadelmulino.ch\/fr\/wp-json\/wp\/v2\/subskription?post=43078"}],"curies":[{"name":"wp","href":"https:\/\/api.w.org\/{rel}","templated":true}]}}