{"id":43503,"date":"2026-05-06T01:28:23","date_gmt":"2026-05-06T00:28:23","guid":{"rendered":"https:\/\/cantinadelmulino.ch\/product\/ciacole-verona-bianco-igt-2024-societa-agricola-tenuta-la-ca-75cl-vin-blanc\/"},"modified":"2026-05-06T01:28:27","modified_gmt":"2026-05-06T00:28:27","slug":"ciacole-verona-bianco-igt-2024-societa-agricola-tenuta-la-ca-75cl-vin-blanc","status":"publish","type":"product","link":"https:\/\/cantinadelmulino.ch\/fr\/produit\/ciacole-verona-bianco-igt-2024-societa-agricola-tenuta-la-ca-75cl-vin-blanc\/","title":{"rendered":"Ciacole Verona Bianco  IGT | 2024 | Societ\u00e0 agricola Tenuta La C\u00e0 | 75cl | vin blanc"},"content":{"rendered":"<p>Ciacole Verona Bianco  IGT 2024, Italia,\u00a0 Veneto, , vin blanc, Rondinella e Corvina 50%, Pinot grigio, Garganega, 75cl, 2024, , 75cl, S\u00fcsswasserfisch, weisses Fleisch, mittelreifer K\u00e4se,\u00a0 15.3<\/p>\n","protected":false},"excerpt":{"rendered":"<p>Ciacole Verona Bianco  IGT 2024, Italia, Veneto, Societ\u00e0 agricola Tenuta La C\u00e0, Societ\u00e0 agricola Tenuta La C\u00e0, Rondinella e Corvina 50%, Pinot grigio, Garganega, Rondinella e Corvina 50%, Pinot grigio, Garganega<\/p>\n","protected":false},"featured_media":0,"comment_status":"closed","ping_status":"closed","template":"","meta":{"_acf_changed":false},"product_brand":[],"product_cat":[17],"product_tag":[],"enthaltene-traubensorte":[1694,1746,2224],"weintyp_tax":[2116],"subskription":[],"class_list":{"0":"post-43503","1":"product","2":"type-product","3":"status-publish","5":"product_cat-uncategorized","6":"enthaltene-traubensorte-garganega","7":"enthaltene-traubensorte-pinot-grigio","8":"enthaltene-traubensorte-rondinella-e-corvina","9":"weintyp_tax-vin-blanc","11":"first","12":"instock","13":"taxable","14":"shipping-taxable","15":"purchasable","16":"product-type-simple"},"acf":[],"publishpress_future_workflow_manual_trigger":{"enabledWorkflows":[]},"_links":{"self":[{"href":"https:\/\/cantinadelmulino.ch\/fr\/wp-json\/wp\/v2\/product\/43503","targetHints":{"allow":["GET"]}}],"collection":[{"href":"https:\/\/cantinadelmulino.ch\/fr\/wp-json\/wp\/v2\/product"}],"about":[{"href":"https:\/\/cantinadelmulino.ch\/fr\/wp-json\/wp\/v2\/types\/product"}],"replies":[{"embeddable":true,"href":"https:\/\/cantinadelmulino.ch\/fr\/wp-json\/wp\/v2\/comments?post=43503"}],"wp:attachment":[{"href":"https:\/\/cantinadelmulino.ch\/fr\/wp-json\/wp\/v2\/media?parent=43503"}],"wp:term":[{"taxonomy":"product_brand","embeddable":true,"href":"https:\/\/cantinadelmulino.ch\/fr\/wp-json\/wp\/v2\/product_brand?post=43503"},{"taxonomy":"product_cat","embeddable":true,"href":"https:\/\/cantinadelmulino.ch\/fr\/wp-json\/wp\/v2\/product_cat?post=43503"},{"taxonomy":"product_tag","embeddable":true,"href":"https:\/\/cantinadelmulino.ch\/fr\/wp-json\/wp\/v2\/product_tag?post=43503"},{"taxonomy":"enthaltene-traubensorte","embeddable":true,"href":"https:\/\/cantinadelmulino.ch\/fr\/wp-json\/wp\/v2\/enthaltene-traubensorte?post=43503"},{"taxonomy":"weintyp_tax","embeddable":true,"href":"https:\/\/cantinadelmulino.ch\/fr\/wp-json\/wp\/v2\/weintyp_tax?post=43503"},{"taxonomy":"subskription","embeddable":true,"href":"https:\/\/cantinadelmulino.ch\/fr\/wp-json\/wp\/v2\/subskription?post=43503"}],"curies":[{"name":"wp","href":"https:\/\/api.w.org\/{rel}","templated":true}]}}