{"id":43507,"date":"2026-05-06T01:28:29","date_gmt":"2026-05-06T00:28:29","guid":{"rendered":"https:\/\/cantinadelmulino.ch\/product\/calis-verona-rosso-igt-2022-societa-agricola-tenuta-la-ca-75cl-vin-rouge\/"},"modified":"2026-05-06T01:28:30","modified_gmt":"2026-05-06T00:28:30","slug":"calis-verona-rosso-igt-2022-societa-agricola-tenuta-la-ca-75cl-vin-rouge","status":"publish","type":"product","link":"https:\/\/cantinadelmulino.ch\/fr\/produit\/calis-verona-rosso-igt-2022-societa-agricola-tenuta-la-ca-75cl-vin-rouge\/","title":{"rendered":"Calis Verona rosso IGT | 2022 | Societ\u00e0 agricola Tenuta La C\u00e0 | 75cl | vin rouge"},"content":{"rendered":"<p>Calis Verona rosso IGT 2022, Italia,\u00a0 Veneto, , vin rouge, Merlot, Cabernet Franc, Lagrein, Corvina, 75cl, 2022, , 75cl, ,\u00a0 23.4<\/p>\n","protected":false},"excerpt":{"rendered":"<p>Calis Verona rosso IGT 2022, Italia, Veneto, Societ\u00e0 agricola Tenuta La C\u00e0, Societ\u00e0 agricola Tenuta La C\u00e0, Merlot, Cabernet Franc, Lagrein, Corvina, Merlot, Cabernet Franc, Lagrein, Corvina<\/p>\n","protected":false},"featured_media":0,"comment_status":"closed","ping_status":"closed","template":"","meta":{"_acf_changed":false},"product_brand":[],"product_cat":[17],"product_tag":[],"enthaltene-traubensorte":[1549,1639,1750,1548],"weintyp_tax":[2115],"subskription":[],"class_list":{"0":"post-43507","1":"product","2":"type-product","3":"status-publish","5":"product_cat-uncategorized","6":"enthaltene-traubensorte-cabernet-franc","7":"enthaltene-traubensorte-corvina","8":"enthaltene-traubensorte-lagrein","9":"enthaltene-traubensorte-merlot","10":"weintyp_tax-vin-rouge","12":"first","13":"instock","14":"taxable","15":"shipping-taxable","16":"purchasable","17":"product-type-simple"},"acf":[],"publishpress_future_workflow_manual_trigger":{"enabledWorkflows":[]},"_links":{"self":[{"href":"https:\/\/cantinadelmulino.ch\/fr\/wp-json\/wp\/v2\/product\/43507","targetHints":{"allow":["GET"]}}],"collection":[{"href":"https:\/\/cantinadelmulino.ch\/fr\/wp-json\/wp\/v2\/product"}],"about":[{"href":"https:\/\/cantinadelmulino.ch\/fr\/wp-json\/wp\/v2\/types\/product"}],"replies":[{"embeddable":true,"href":"https:\/\/cantinadelmulino.ch\/fr\/wp-json\/wp\/v2\/comments?post=43507"}],"wp:attachment":[{"href":"https:\/\/cantinadelmulino.ch\/fr\/wp-json\/wp\/v2\/media?parent=43507"}],"wp:term":[{"taxonomy":"product_brand","embeddable":true,"href":"https:\/\/cantinadelmulino.ch\/fr\/wp-json\/wp\/v2\/product_brand?post=43507"},{"taxonomy":"product_cat","embeddable":true,"href":"https:\/\/cantinadelmulino.ch\/fr\/wp-json\/wp\/v2\/product_cat?post=43507"},{"taxonomy":"product_tag","embeddable":true,"href":"https:\/\/cantinadelmulino.ch\/fr\/wp-json\/wp\/v2\/product_tag?post=43507"},{"taxonomy":"enthaltene-traubensorte","embeddable":true,"href":"https:\/\/cantinadelmulino.ch\/fr\/wp-json\/wp\/v2\/enthaltene-traubensorte?post=43507"},{"taxonomy":"weintyp_tax","embeddable":true,"href":"https:\/\/cantinadelmulino.ch\/fr\/wp-json\/wp\/v2\/weintyp_tax?post=43507"},{"taxonomy":"subskription","embeddable":true,"href":"https:\/\/cantinadelmulino.ch\/fr\/wp-json\/wp\/v2\/subskription?post=43507"}],"curies":[{"name":"wp","href":"https:\/\/api.w.org\/{rel}","templated":true}]}}